{"id":119536,"date":"2022-04-28T00:00:00","date_gmt":"2022-04-27T22:00:00","guid":{"rendered":"https:\/\/gpl-love.com\/fr\/produit\/stream-wordpress-theme\/"},"modified":"2026-04-10T18:40:41","modified_gmt":"2026-04-10T16:40:41","slug":"stream-wordpress-theme","status":"publish","type":"product","link":"https:\/\/gpl-love.com\/fr\/produit\/stream-wordpress-theme\/","title":{"rendered":"Stream WordPress Theme 4.0.4"},"content":{"rendered":"<h3>Stream WordPress Theme Traits<\/h3>\n<p>Le th\u00e8me Stream WordPress est un th\u00e8me incroyablement polyvalent et d\u00e9licieusement con\u00e7u qui est extr\u00eamement bien adapt\u00e9 pour la cr\u00e9ation d&rsquo;un large \u00e9ventail de sites Web professionnels. Arborant un design \u00e9l\u00e9gant et de pointe, ce th\u00e8me est une aubaine absolue pour les entreprises, les professionnels de la cr\u00e9ation et les blogueurs, leur permettant de pr\u00e9senter leur travail d&rsquo;une mani\u00e8re extraordinairement \u00e9l\u00e9gante et captivante. Le th\u00e8me lui-m\u00eame est extr\u00eamement adaptable, offrant aux utilisateurs la possibilit\u00e9 de le personnaliser \u00e0 leurs sp\u00e9cifications exactes, tout en offrant une impressionnante gamme d&rsquo;outils et de fonctionnalit\u00e9s puissants, comme une page d&rsquo;accueil enti\u00e8rement personnalisable, une multitude de styles d&rsquo;en-t\u00eate et de pied de page, une page intuitivement navigable constructeur, et une abondance d&rsquo;autres attributs s\u00e9duisants. Que l&rsquo;objectif soit de construire un site Web de portefeuille accrocheur, un site d&rsquo;agence de cr\u00e9ation innovante ou un blog personnel engageant, le th\u00e8me WordPress Stream constitue sans aucun doute la solution par excellence pour cr\u00e9er une pr\u00e9sence en ligne \u00e0 couper le souffle et inimpsid\u00e9quable.<\/p>\n<ul>\n<li>Conception enti\u00e8rement r\u00e9active qui a fi\u00e8re allure sur tous les appareils<\/li>\n<li>Plusieurs sch\u00e9mas de couleurs et options de mise en page au choix<\/li>\n<li>Prise en charge int\u00e9gr\u00e9e pour les plugins populaires comme WooCommerce et le formulaire de contact 7<\/li>\n<li>Personnalisation facile avec le personnalisateur en direct WordPress int\u00e9gr\u00e9<\/li>\n<li>Importation de contenu de d\u00e9monstration en un clic pour mettre votre site Web op\u00e9rationnel rapidement<\/li>\n<li>Optimis\u00e9 pour les moteurs de recherche avec un code s\u00e9mantique propre et une int\u00e9gration Schema.org<\/li>\n<li>Temps de chargement rapide avec chargement paresseux et optimisation d&rsquo;image<\/li>\n<li>Documentation et soutien approfondies pour vous assurer de tirer le meilleur parti de votre achat<\/li>\n<li>Mises \u00e0 jour r\u00e9guli\u00e8res pour assurer la compatibilit\u00e9 avec les derni\u00e8res versions WordPress et les correctifs de s\u00e9curit\u00e9<\/li>\n<\/ul>\n","protected":false},"excerpt":{"rendered":"<p>Le th\u00e8me de l&rsquo;entr\u00e9e: Stream WordPress est un th\u00e8me exceptionnellement r\u00e9actif et remarquablement intuitif qui entra\u00eene sans effort une sortie absolument \u00e0 couper le souffle. B\u00e9n\u00e9ficiant d&rsquo;un design extr\u00eamement \u00e9l\u00e9gant et compl\u00e8tement moderne, ce th\u00e8me sert de correspondance impeccable pour les personnes engag\u00e9es dans les domaines des blogs, de la photographie et des efforts cr\u00e9atifs en g\u00e9n\u00e9ral. Son r\u00e9pertoire impressionnant comprend un \u00e9ventail de formats de poste dynamiques, de widgets personnalisables et d&rsquo;un constructeur de pages impressionnant, qui fonctionnent tous harmonieusement pour vous permettre d&rsquo;adapter votre site Web en fonction de vos pr\u00e9f\u00e9rences et d\u00e9sirs uniques. En outre, il convient de noter que le th\u00e8me Entr\u00e9e: Stream WordPress a \u00e9t\u00e9 optimis\u00e9 avec diligence pour am\u00e9liorer la vitesse et les performances globales, garantissant que votre site Web se charge non seulement rapidement mais fonctionne \u00e9galement de mani\u00e8re transparente. Donc, que votre objectif soit de mettre votre portefeuille expos\u00e9 ou de promouvoir votre marque, il est tout simplement nier que le th\u00e8me Entr\u00e9e: Stream WordPress est l&rsquo;incarnation d&rsquo;un choix sans faille.<\/p>\n","protected":false},"featured_media":145341,"comment_status":"open","ping_status":"open","template":"","meta":[],"product_brand":[2459],"product_cat":[1242,1212,1213],"product_tag":[2274],"class_list":{"0":"post-119536","1":"product","2":"type-product","3":"status-publish","4":"has-post-thumbnail","6":"product_brand-visualmodo","7":"product_cat-creatif","8":"product_cat-themes","9":"product_cat-wordpress-themes","10":"product_tag-visualmodo","11":"member-discount","12":"discount-restricted","14":"first","15":"instock","16":"sale","17":"downloadable","18":"virtual","19":"sold-individually","20":"purchasable","21":"product-type-simple"},"_links":{"self":[{"href":"https:\/\/gpl-love.com\/fr\/wp-json\/wp\/v2\/product\/119536","targetHints":{"allow":["GET"]}}],"collection":[{"href":"https:\/\/gpl-love.com\/fr\/wp-json\/wp\/v2\/product"}],"about":[{"href":"https:\/\/gpl-love.com\/fr\/wp-json\/wp\/v2\/types\/product"}],"replies":[{"embeddable":true,"href":"https:\/\/gpl-love.com\/fr\/wp-json\/wp\/v2\/comments?post=119536"}],"wp:featuredmedia":[{"embeddable":true,"href":"https:\/\/gpl-love.com\/fr\/wp-json\/wp\/v2\/media\/145341"}],"wp:attachment":[{"href":"https:\/\/gpl-love.com\/fr\/wp-json\/wp\/v2\/media?parent=119536"}],"wp:term":[{"taxonomy":"product_brand","embeddable":true,"href":"https:\/\/gpl-love.com\/fr\/wp-json\/wp\/v2\/product_brand?post=119536"},{"taxonomy":"product_cat","embeddable":true,"href":"https:\/\/gpl-love.com\/fr\/wp-json\/wp\/v2\/product_cat?post=119536"},{"taxonomy":"product_tag","embeddable":true,"href":"https:\/\/gpl-love.com\/fr\/wp-json\/wp\/v2\/product_tag?post=119536"}],"curies":[{"name":"wp","href":"https:\/\/api.w.org\/{rel}","templated":true}]}}