{"id":119534,"date":"2025-02-25T00:00:00","date_gmt":"2025-02-24T23:00:00","guid":{"rendered":"https:\/\/gpl-love.com\/fr\/produit\/winehouse-wordpress-theme\/"},"modified":"2026-04-10T18:45:43","modified_gmt":"2026-04-10T16:45:43","slug":"winehouse-wordpress-theme","status":"publish","type":"product","link":"https:\/\/gpl-love.com\/fr\/produit\/winehouse-wordpress-theme\/","title":{"rendered":"Winehouse WordPress Theme 3.0.4"},"content":{"rendered":"<h3>Winehouse WordPress Theme Traits<\/h3>\n<p>Le th\u00e8me Wordhouse WordPress, avec sa conception et sa r\u00e9activit\u00e9 \u00e9labor\u00e9es, est un choix exceptionnel pour les personnes qui poss\u00e8dent une adoration pour le vin et pour les professionnels dans le domaine. Ce th\u00e8me poss\u00e8de une mise en page \u00e9l\u00e9gante et typographique qui est vraiment \u00e0 couper le souffle, ce qui le rend la s\u00e9lection optimale pour ceux qui cherchent \u00e0 montrer leur collection et \u00e0 \u00e9tablir une existence en ligne raffin\u00e9e. Le grand avantage de ce th\u00e8me r\u00e9side dans sa personnalisation compl\u00e8te, car elle offre un assortiment d&rsquo;options de couleurs et de choix de mise en page, vous permettant ainsi de forger un site Web unique en son genre et adapt\u00e9 \u00e0 vos pr\u00e9f\u00e9rences personnelles. De plus, le th\u00e8me Wordhouse WordPress a \u00e9t\u00e9 soigneusement con\u00e7u pour \u00eatre convivial et navigable sans effort, r\u00e9pondant aux besoins des utilisateurs novices et assaisonn\u00e9s. En raison de ses fonctionnalit\u00e9s sophistiqu\u00e9es et de ses plugins puissants, la maintenance et la mise \u00e0 jour de votre site Web devient une t\u00e2che simple. Que vous soyez un connaisseur de vin, le propri\u00e9taire d&rsquo;un vignoble ou un sommelier, le th\u00e8me Wordhouse WordPress sert de solution impeccable pour fa\u00e7onner une pr\u00e9sence en ligne professionnelle et chic.<\/p>\n<ul>\n<li>Design \u00e9l\u00e9gant et moderne parfait pour pr\u00e9senter les produits et services viticoles<\/li>\n<li>Enti\u00e8rement personnalisable avec beaucoup d&rsquo;options de mise en page et de couleur<\/li>\n<li>Interface intuitive et conviviale id\u00e9ale pour les d\u00e9butants et les utilisateurs exp\u00e9riment\u00e9s<\/li>\n<li>Int\u00e9gr\u00e9 aux plateformes de m\u00e9dias sociaux populaires pour augmenter votre pr\u00e9sence et votre engagement en ligne<\/li>\n<li>Mobile r\u00e9actif et optimis\u00e9 pour avoir fi\u00e8re allure sur n&rsquo;importe quel appareil ou taille d&rsquo;\u00e9cran<\/li>\n<li>Compatible avec WooCommerce pour les ventes et les transactions faciles en ligne<\/li>\n<li>Documentation approfondie et support de premier ordre pour une r\u00e9solution de probl\u00e8mes rapide et efficace<\/li>\n<li>Mises \u00e0 jour r\u00e9guli\u00e8res et am\u00e9liorations pour assurer les performances et la s\u00e9curit\u00e9 de pointe<\/li>\n<li>Installation de d\u00e9monstration en un clic pour vous faire gagner du temps et des efforts dans la configuration de votre site Web.<\/li>\n<\/ul>\n","protected":false},"excerpt":{"rendered":"<p>Le th\u00e8me de Winehouse WordPress, une disposition de site Web d\u00e9licieusement con\u00e7ue et raffin\u00e9e, a \u00e9t\u00e9 soigneusement adapt\u00e9 pour r\u00e9pondre aux besoins sp\u00e9cifiques des caves, des vignobles et des magasins de vin. B\u00e9n\u00e9ficiant d&rsquo;une esth\u00e9tique \u00e9l\u00e9gante et sophistiqu\u00e9e, compl\u00e9t\u00e9e par sa typographie gracieuse, ce th\u00e8me propose une plate-forme impeccable \u00e0 montrer et \u00e0 mettre en \u00e9vidence votre assortiment de produits et de services. Son interface conviviale accorde une navigation sans effort et ses options de personnalisation sans limites garantissent l&rsquo;adaptabilit\u00e9 de votre site Web, garantissant une exp\u00e9rience de visualisation exceptionnelle sur tous les appareils. Le th\u00e8me Wordhouse WordPress englobe une vaste gamme de fonctionnalit\u00e9s, englobant des sections personnalisables pour votre page d&rsquo;accueil, des pages pr\u00e9-con\u00e7ues, des choix de commerce \u00e9lectronique flexibles et une pl\u00e9thore d&rsquo;offres suppl\u00e9mentaires. Embarquez dans la cr\u00e9ation d&rsquo;une impressionnante pr\u00e9sence en ligne pour votre estimation de vin, amplifiant la visibilit\u00e9 de votre marque et augmentant vos ventes num\u00e9riques avec ce th\u00e8me remarquable.<\/p>\n","protected":false},"featured_media":145771,"comment_status":"open","ping_status":"open","template":"","meta":[],"product_brand":[2459],"product_cat":[1242,1212,1213],"product_tag":[2274],"class_list":{"0":"post-119534","1":"product","2":"type-product","3":"status-publish","4":"has-post-thumbnail","6":"product_brand-visualmodo","7":"product_cat-creatif","8":"product_cat-themes","9":"product_cat-wordpress-themes","10":"product_tag-visualmodo","11":"member-discount","12":"discount-restricted","14":"first","15":"instock","16":"sale","17":"downloadable","18":"virtual","19":"sold-individually","20":"purchasable","21":"product-type-simple"},"_links":{"self":[{"href":"https:\/\/gpl-love.com\/fr\/wp-json\/wp\/v2\/product\/119534","targetHints":{"allow":["GET"]}}],"collection":[{"href":"https:\/\/gpl-love.com\/fr\/wp-json\/wp\/v2\/product"}],"about":[{"href":"https:\/\/gpl-love.com\/fr\/wp-json\/wp\/v2\/types\/product"}],"replies":[{"embeddable":true,"href":"https:\/\/gpl-love.com\/fr\/wp-json\/wp\/v2\/comments?post=119534"}],"wp:featuredmedia":[{"embeddable":true,"href":"https:\/\/gpl-love.com\/fr\/wp-json\/wp\/v2\/media\/145771"}],"wp:attachment":[{"href":"https:\/\/gpl-love.com\/fr\/wp-json\/wp\/v2\/media?parent=119534"}],"wp:term":[{"taxonomy":"product_brand","embeddable":true,"href":"https:\/\/gpl-love.com\/fr\/wp-json\/wp\/v2\/product_brand?post=119534"},{"taxonomy":"product_cat","embeddable":true,"href":"https:\/\/gpl-love.com\/fr\/wp-json\/wp\/v2\/product_cat?post=119534"},{"taxonomy":"product_tag","embeddable":true,"href":"https:\/\/gpl-love.com\/fr\/wp-json\/wp\/v2\/product_tag?post=119534"}],"curies":[{"name":"wp","href":"https:\/\/api.w.org\/{rel}","templated":true}]}}