{"id":119530,"date":"2022-04-28T00:00:00","date_gmt":"2022-04-27T22:00:00","guid":{"rendered":"https:\/\/gpl-love.com\/fr\/produit\/construction-wordpress-theme\/"},"modified":"2026-03-20T22:58:53","modified_gmt":"2026-03-20T21:58:53","slug":"construction-wordpress-theme","status":"publish","type":"product","link":"https:\/\/gpl-love.com\/fr\/produit\/construction-wordpress-theme\/","title":{"rendered":"Construction WordPress Theme 3.0.4"},"content":{"rendered":"<h3>Construction WordPress Theme Traits<\/h3>\n<p>Le th\u00e8me de la construction WordPress, avec son immense pouvoir, est un outil formidable pour les individus \u00e0 la recherche d&rsquo;un moyen de fa\u00e7onner un site Web extr\u00eamement professionnel et esth\u00e9tiquement captivant pour leur entreprise de construction. Fournissant une pl\u00e9thore de fonctionnalit\u00e9s hautement personnalisables et une myriade d&rsquo;options, les utilisateurs se trouvent bien \u00e9quip\u00e9s pour produire sans effort une plate-forme en ligne qui pr\u00e9sente non seulement leur artisanat, leurs services et leur expertise, mais favorise \u00e9galement une exp\u00e9rience utilisateur exceptionnelle. Le th\u00e8me englobe une gamme diversifi\u00e9e de mod\u00e8les et de dispositions pr\u00e9-con\u00e7us, qui peuvent \u00eatre commod\u00e9ment adapt\u00e9s pour r\u00e9pondre aux conditions uniques de chaque utilisateur. De plus, le th\u00e8me pr\u00e9sente une r\u00e9activit\u00e9 compl\u00e8te, garantissant ainsi une optimisation optimale pour tous les appareils, englobant les ordinateurs de bureau, les ordinateurs portables, les tablettes et les smartphones. En exploitant le potentiel incomparable du th\u00e8me WordPress de construction, les utilisateurs sont autoris\u00e9s \u00e0 pr\u00e9senter leurs projets et leurs efforts, \u00e0 souligner leurs capacit\u00e9s et, finalement, \u00e0 catalyser la g\u00e9n\u00e9ration d&rsquo;une client\u00e8le substantielle pour leur estimation de construction.<\/p>\n<ul>\n<li>Parfaitement con\u00e7u pour l&rsquo;industrie de la construction<\/li>\n<li>Facile \u00e0 utiliser et \u00e0 personnaliser<\/li>\n<li>Construit avec les derni\u00e8res technologies Web<\/li>\n<li>Enti\u00e8rement r\u00e9actif pour tous les appareils<\/li>\n<li>Plusieurs variations de page d&rsquo;accueil au choix<\/li>\n<li>Plus de 50 pages pr\u00e9-con\u00e7ues<\/li>\n<li>Plugin de curseur Revolution inclus<\/li>\n<li>Support de menu m\u00e9ga<\/li>\n<li>Int\u00e9gration du formulaire de contact 7<\/li>\n<li>Int\u00e9gration Google Maps<\/li>\n<li>SEO optimis\u00e9 pour un meilleur classement<\/li>\n<li>Installation en un clic et importation de d\u00e9monstration<\/li>\n<li>Documentation et soutien compl\u00e8tes<\/li>\n<\/ul>\n","protected":false},"excerpt":{"rendered":"<p>D\u00e9couvrez la puissance d&rsquo;une solution tout-en-un pour votre entreprise de construction avec notre th\u00e8me WordPress de construction. Ce th\u00e8me premium et r\u00e9actif est construit sp\u00e9cifiquement pour les entreprises de construction, les soci\u00e9t\u00e9s de construction et les cabinets d&rsquo;architecture. Il regorge de fonctionnalit\u00e9s telles que la pr\u00e9sentation du projet, des profils de membres de l&rsquo;\u00e9quipe et des pages personnalisables, parfaites pour afficher votre portfolio et pr\u00e9senter \u00e0 votre \u00e9quipe des clients potentiels. Le th\u00e8me est \u00e9galement livr\u00e9 avec une optimisation SEO int\u00e9gr\u00e9e pour augmenter votre visibilit\u00e9 en ligne et est compatible avec la plupart des navigateurs pour une exp\u00e9rience utilisateur transparente. Avec son interface facile \u00e0 utiliser et sa conception personnalisable, la gestion et la mise \u00e0 jour de votre site Web est aussi simple qu&rsquo;un clic. Se d\u00e9marquer dans l&rsquo;industrie de la construction avec notre th\u00e8me WordPress de construction. Ce n&rsquo;est pas seulement un site Web, c&rsquo;est votre partenaire commercial en ligne.<\/p>\n","protected":false},"featured_media":143412,"comment_status":"open","ping_status":"open","template":"","meta":[],"product_brand":[2459],"product_cat":[1516,1212,1213],"product_tag":[2274],"class_list":{"0":"post-119530","1":"product","2":"type-product","3":"status-publish","4":"has-post-thumbnail","6":"product_brand-visualmodo","7":"product_cat-entreprise","8":"product_cat-themes","9":"product_cat-wordpress-themes","10":"product_tag-visualmodo","11":"member-discount","12":"discount-restricted","14":"first","15":"instock","16":"sale","17":"downloadable","18":"virtual","19":"sold-individually","20":"purchasable","21":"product-type-simple"},"_links":{"self":[{"href":"https:\/\/gpl-love.com\/fr\/wp-json\/wp\/v2\/product\/119530","targetHints":{"allow":["GET"]}}],"collection":[{"href":"https:\/\/gpl-love.com\/fr\/wp-json\/wp\/v2\/product"}],"about":[{"href":"https:\/\/gpl-love.com\/fr\/wp-json\/wp\/v2\/types\/product"}],"replies":[{"embeddable":true,"href":"https:\/\/gpl-love.com\/fr\/wp-json\/wp\/v2\/comments?post=119530"}],"wp:featuredmedia":[{"embeddable":true,"href":"https:\/\/gpl-love.com\/fr\/wp-json\/wp\/v2\/media\/143412"}],"wp:attachment":[{"href":"https:\/\/gpl-love.com\/fr\/wp-json\/wp\/v2\/media?parent=119530"}],"wp:term":[{"taxonomy":"product_brand","embeddable":true,"href":"https:\/\/gpl-love.com\/fr\/wp-json\/wp\/v2\/product_brand?post=119530"},{"taxonomy":"product_cat","embeddable":true,"href":"https:\/\/gpl-love.com\/fr\/wp-json\/wp\/v2\/product_cat?post=119530"},{"taxonomy":"product_tag","embeddable":true,"href":"https:\/\/gpl-love.com\/fr\/wp-json\/wp\/v2\/product_tag?post=119530"}],"curies":[{"name":"wp","href":"https:\/\/api.w.org\/{rel}","templated":true}]}}