{"id":119528,"date":"2022-04-28T00:00:00","date_gmt":"2022-04-27T22:00:00","guid":{"rendered":"https:\/\/gpl-love.com\/fr\/produit\/traveler-wordpress-theme\/"},"modified":"2026-04-10T18:43:52","modified_gmt":"2026-04-10T16:43:52","slug":"traveler-wordpress-theme","status":"publish","type":"product","link":"https:\/\/gpl-love.com\/fr\/produit\/traveler-wordpress-theme\/","title":{"rendered":"Traveler WordPress Theme 3.0.4"},"content":{"rendered":"<h3>Traveler WordPress Theme Traits<\/h3>\n<p>Le th\u00e8me du voyageur WordPress est un th\u00e8me incroyablement polyvalent et hautement personnalisable qui a \u00e9t\u00e9 m\u00e9ticuleusement con\u00e7u pour r\u00e9pondre aux besoins des blogueurs de voyage, des photographes et des sites Web avec une orientation touristique. Il poss\u00e8de un design \u00e9l\u00e9gant et contemporain, avec de vastes curseurs en pleine largeur, un en-t\u00eate personnalisable et une gamme de dispositions de page d&rsquo;accueil captivantes. De plus, ce th\u00e8me s&rsquo;int\u00e8gre parfaitement \u00e0 certaines des applications et plugins de voyage les plus populaires, notamment TripAdvisor et Google Maps, vous permettant de montrer sans effort vos destinations de voyage remarquables et vos recommandations inestimables. Avec sa conception remarquablement r\u00e9active, le th\u00e8me du voyageur WordPress s&rsquo;adapte sans effort et am\u00e9liore l&rsquo;attrait visuel de tout appareil, garantissant ainsi que vos abonn\u00e9s peuvent acc\u00e9der commod\u00e9ment \u00e0 votre contenu captivant m\u00eame en d\u00e9placement. Que vous soyez un globe-trotter exp\u00e9riment\u00e9 ou que vous vous lanciez simplement dans votre toute premi\u00e8re aventure, ce th\u00e8me sert de plate-forme ultime pour pr\u00e9senter vos voyages impressionnants et inspirer efficacement les autres \u00e0 explorer hardiment les merveilles sans limites de notre monde.<\/p>\n<ul>\n<li>Design moderne et \u00e9l\u00e9gant parfait pour les blogueurs et les entreprises de voyage<\/li>\n<li>Enti\u00e8rement personnalisable avec des param\u00e8tres faciles \u00e0 utiliser et un g\u00e9n\u00e9rateur de pages glisser-d\u00e9poser<\/li>\n<li>Comprend plusieurs mod\u00e8les pr\u00e9-con\u00e7us pour les pages de page d&rsquo;accueil, de blog et de portefeuille<\/li>\n<li>Conception r\u00e9active et conviviale pour une visualisation optimale sur n&rsquo;importe quel appareil<\/li>\n<li>SEO optimis\u00e9 pour une meilleure visibilit\u00e9 sur les moteurs de recherche<\/li>\n<li>Ic\u00f4nes des m\u00e9dias sociaux int\u00e9gr\u00e9s et options de partage pour une promotion facile sur les plateformes sociales<\/li>\n<li>Traduction pr\u00eate pour le public mondial avec un support de localisation int\u00e9gr\u00e9<\/li>\n<li>WooCommerce compatible pour vendre des produits ou services li\u00e9s aux voyages directement \u00e0 partir de votre site Web<\/li>\n<li>De nombreuses options de personnalisation pour les polices, les couleurs et la mise en page pour cr\u00e9er un aspect et une sensation personnalis\u00e9s<\/li>\n<li>Documentation compl\u00e8te et soutien pour vous aider \u00e0 tirer le meilleur parti de votre th\u00e8me.<\/li>\n<\/ul>\n","protected":false},"excerpt":{"rendered":"<p>Le th\u00e8me du voyageur WordPress, un outil exceptionnel pour les individus souhaitant fa\u00e7onner un site Web impressionnant concernant les voyages, pr\u00e9sente un design tout \u00e0 fait r\u00e9actif qui garantit une apparence impeccable sur tous les appareils. Boasting a customizable homepage, a myriad of post formats, seamless integration with social media, and an extensive array of customization options, this theme caters to the needs of travel bloggers, tour operators, and hotel proprietors alike, equipping them with a comprehensive suite of Caract\u00e9ristiques essentielles pour construire une plate-forme en ligne captivante et \u00e9clairante.<\/p>\n","protected":false},"featured_media":145613,"comment_status":"open","ping_status":"open","template":"","meta":[],"product_brand":[2459],"product_cat":[1220,1212,1213],"product_tag":[2274],"class_list":{"0":"post-119528","1":"product","2":"type-product","3":"status-publish","4":"has-post-thumbnail","6":"product_brand-visualmodo","7":"product_cat-blog-magazine","8":"product_cat-themes","9":"product_cat-wordpress-themes","10":"product_tag-visualmodo","11":"member-discount","12":"discount-restricted","14":"first","15":"instock","16":"sale","17":"downloadable","18":"virtual","19":"sold-individually","20":"purchasable","21":"product-type-simple"},"_links":{"self":[{"href":"https:\/\/gpl-love.com\/fr\/wp-json\/wp\/v2\/product\/119528","targetHints":{"allow":["GET"]}}],"collection":[{"href":"https:\/\/gpl-love.com\/fr\/wp-json\/wp\/v2\/product"}],"about":[{"href":"https:\/\/gpl-love.com\/fr\/wp-json\/wp\/v2\/types\/product"}],"replies":[{"embeddable":true,"href":"https:\/\/gpl-love.com\/fr\/wp-json\/wp\/v2\/comments?post=119528"}],"wp:featuredmedia":[{"embeddable":true,"href":"https:\/\/gpl-love.com\/fr\/wp-json\/wp\/v2\/media\/145613"}],"wp:attachment":[{"href":"https:\/\/gpl-love.com\/fr\/wp-json\/wp\/v2\/media?parent=119528"}],"wp:term":[{"taxonomy":"product_brand","embeddable":true,"href":"https:\/\/gpl-love.com\/fr\/wp-json\/wp\/v2\/product_brand?post=119528"},{"taxonomy":"product_cat","embeddable":true,"href":"https:\/\/gpl-love.com\/fr\/wp-json\/wp\/v2\/product_cat?post=119528"},{"taxonomy":"product_tag","embeddable":true,"href":"https:\/\/gpl-love.com\/fr\/wp-json\/wp\/v2\/product_tag?post=119528"}],"curies":[{"name":"wp","href":"https:\/\/api.w.org\/{rel}","templated":true}]}}