{"id":119526,"date":"2022-04-28T00:00:00","date_gmt":"2022-04-27T22:00:00","guid":{"rendered":"https:\/\/gpl-love.com\/fr\/produit\/salon-wordpress-theme\/"},"modified":"2026-04-10T18:38:35","modified_gmt":"2026-04-10T16:38:35","slug":"salon-wordpress-theme","status":"publish","type":"product","link":"https:\/\/gpl-love.com\/fr\/produit\/salon-wordpress-theme\/","title":{"rendered":"Salon WordPress Theme 2.0.4"},"content":{"rendered":"<h3>Salon WordPress Theme Traits<\/h3>\n<p>Le th\u00e8me WordPress du salon est un th\u00e8me extr\u00eamement con\u00e7u et tr\u00e8s sophistiqu\u00e9 qui a \u00e9t\u00e9 m\u00e9ticuleusement adapt\u00e9 pour r\u00e9pondre sp\u00e9cifiquement aux besoins et aux exigences des salons de beaut\u00e9 et des spas. Son design \u00e9l\u00e9gant et professionnel est non seulement visuellement attrayant, mais aussi exceptionnellement convivial, garantissant une exp\u00e9rience utilisateur sans effort et sans couture. Ce th\u00e8me remarquable offre aux propri\u00e9taires de salon l&rsquo;occasion in\u00e9gal\u00e9e de pr\u00e9senter sans effort leur vaste gamme de services, de membres du personnel qualifi\u00e9 et de produits de qualit\u00e9 sup\u00e9rieure de mani\u00e8re visuellement captivante.<\/p>\n<p>De plus, le th\u00e8me WordPress du salon poss\u00e8de une disposition de pointe et adaptable qui peut \u00eatre facilement personnalis\u00e9e pour s&rsquo;aligner parfaitement sur la marque unique et les pr\u00e9f\u00e9rences esth\u00e9tiques de n&rsquo;importe quel salon. Sa r\u00e9activit\u00e9 exceptionnelle garantit que le site Web d\u00e9gagera constamment l&rsquo;\u00e9l\u00e9gance et le professionnalisme, quel que soit l&rsquo;appareil utilis\u00e9 pour y acc\u00e9der. De plus, ce th\u00e8me exceptionnel est \u00e9quip\u00e9 d&rsquo;une vaste gamme de fonctionnalit\u00e9s impressionnantes qui am\u00e9liorent encore ses fonctionnalit\u00e9s et sa commodit\u00e9. Par exemple, les sch\u00e9mas de couleurs personnalisables permettent aux propri\u00e9taires de salon de cr\u00e9er sans effort un site Web visuellement magnifique qui incarne parfaitement leur identit\u00e9 de marque.<\/p>\n<p>De plus, le th\u00e8me Salon WordPress comprend un syst\u00e8me de planification de rendez-vous innovant qui facilite les processus de r\u00e9servation sans faille et sans tracas pour les propri\u00e9taires de salon et leurs pr\u00e9cieux clients. Cette fonctionnalit\u00e9 inestimable rationalise non seulement les op\u00e9rations, mais am\u00e9liore \u00e9galement consid\u00e9rablement la satisfaction et la commodit\u00e9 des clients. En outre, le th\u00e8me offre une gamme diversifi\u00e9e d&rsquo;options de mise en page, permettant aux propri\u00e9taires de salon de g\u00e9rer sans effort une pr\u00e9sence en ligne distinctive et captivante qui les distingue efficacement des concurrents.<\/p>\n<p>En r\u00e9sum\u00e9, que vous vous lanciez dans l&rsquo;aventure passionnante d&rsquo;\u00e9tablir un nouveau salon ou que vous cherchiez \u00e0 r\u00e9organiser et \u00e0 \u00e9lever votre existant, le th\u00e8me WordPress du salon est sans \u00e9quivoque le choix ultime pour toute entreprise de beaut\u00e9. Sa combinaison in\u00e9gal\u00e9e d&rsquo;\u00e9l\u00e9ments de conception \u00e9tonnants, de fonctionnalit\u00e9s in\u00e9gal\u00e9es et de fonctionnalit\u00e9s conviviales garantit que votre site Web sera un succ\u00e8s retentissant, attirant et engageant efficacement des clients potentiels tout en refl\u00e9tant sans effort la v\u00e9ritable essence de votre entreprise.<\/p>\n<ul>\n<li>Un th\u00e8me WordPress \u00e9l\u00e9gant et moderne con\u00e7u sp\u00e9cifiquement pour les salons de beaut\u00e9 et de coiffure<\/li>\n<li>Caract\u00e9ristiques des dispositions con\u00e7ues par des professionnels pour les menus de service, les tables de prix et les profils des membres de l&rsquo;\u00e9quipe<\/li>\n<li>Syst\u00e8me de planification de r\u00e9servation et de rendez-vous int\u00e9gr\u00e9e pour que les clients prennent facilement des rendez-vous en ligne<\/li>\n<li>Sch\u00e9mas de couleurs personnalisables et polices pour correspondre \u00e0 la marque et \u00e0 l&rsquo;identit\u00e9 de votre salon<\/li>\n<li>La conception r\u00e9active mobile garantit que votre site Web est superbe sur tous les appareils, des smartphones aux ordinateurs de bureau<\/li>\n<li>Builder de page de glisser-d\u00e9poser facile \u00e0 utiliser pour la personnalisation et la cr\u00e9ation de pages de sites Web uniques<\/li>\n<li>SEO optimis\u00e9 pour aider votre site Web \u00e0 se classer plus haut dans les r\u00e9sultats des moteurs de recherche<\/li>\n<li>Int\u00e9gration avec des plugins WordPress populaires tels que WooCommerce pour vendre des produits et services en ligne.<\/li>\n<\/ul>\n","protected":false},"excerpt":{"rendered":"<p>Le th\u00e8me de l&rsquo;entr\u00e9e: Salon WordPress sert de th\u00e8me sophistiqu\u00e9 et \u00e0 la mode sp\u00e9cifiquement con\u00e7u pour les salons de beaut\u00e9, les spas et les coiffeurs. Sa conception exquise et sa mise en page adaptable vous permettent de montrer sans effort les merveilles de votre salon et de ses services, s\u00e9duisant ainsi une client\u00e8le potentielle et favorisant l&rsquo;expansion de votre entreprise. Ce th\u00e8me poss\u00e8de un design r\u00e9actif qui assure une exp\u00e9rience utilisateur transparente \u00e0 travers une pl\u00e9thore d&rsquo;appareils, ainsi que des polices et des couleurs personnalisables vous permettant de vous harmoniser avec le style distinctif de votre marque. De plus, ce th\u00e8me propose un syst\u00e8me de r\u00e9servation de rendez-vous et une fonctionnalit\u00e9 de galerie qui vous permet de montrer fi\u00e8rement votre meilleur savoir-faire. \u00c9levez la pr\u00e9sence en ligne de votre salon et magn\u00e9tisez un plus grand nombre de clients avec la contribution in\u00e9gal\u00e9e: le th\u00e8me WordPress du salon.<\/p>\n","protected":false},"featured_media":145159,"comment_status":"open","ping_status":"open","template":"","meta":[],"product_brand":[2459],"product_cat":[1242,1212,1213],"product_tag":[2274],"class_list":{"0":"post-119526","1":"product","2":"type-product","3":"status-publish","4":"has-post-thumbnail","6":"product_brand-visualmodo","7":"product_cat-creatif","8":"product_cat-themes","9":"product_cat-wordpress-themes","10":"product_tag-visualmodo","11":"member-discount","12":"discount-restricted","14":"first","15":"instock","16":"sale","17":"downloadable","18":"virtual","19":"sold-individually","20":"purchasable","21":"product-type-simple"},"_links":{"self":[{"href":"https:\/\/gpl-love.com\/fr\/wp-json\/wp\/v2\/product\/119526","targetHints":{"allow":["GET"]}}],"collection":[{"href":"https:\/\/gpl-love.com\/fr\/wp-json\/wp\/v2\/product"}],"about":[{"href":"https:\/\/gpl-love.com\/fr\/wp-json\/wp\/v2\/types\/product"}],"replies":[{"embeddable":true,"href":"https:\/\/gpl-love.com\/fr\/wp-json\/wp\/v2\/comments?post=119526"}],"wp:featuredmedia":[{"embeddable":true,"href":"https:\/\/gpl-love.com\/fr\/wp-json\/wp\/v2\/media\/145159"}],"wp:attachment":[{"href":"https:\/\/gpl-love.com\/fr\/wp-json\/wp\/v2\/media?parent=119526"}],"wp:term":[{"taxonomy":"product_brand","embeddable":true,"href":"https:\/\/gpl-love.com\/fr\/wp-json\/wp\/v2\/product_brand?post=119526"},{"taxonomy":"product_cat","embeddable":true,"href":"https:\/\/gpl-love.com\/fr\/wp-json\/wp\/v2\/product_cat?post=119526"},{"taxonomy":"product_tag","embeddable":true,"href":"https:\/\/gpl-love.com\/fr\/wp-json\/wp\/v2\/product_tag?post=119526"}],"curies":[{"name":"wp","href":"https:\/\/api.w.org\/{rel}","templated":true}]}}