{"id":119524,"date":"2022-04-28T00:00:00","date_gmt":"2022-04-27T22:00:00","guid":{"rendered":"https:\/\/gpl-love.com\/fr\/produit\/music-wordpress-theme\/"},"modified":"2026-04-10T18:32:15","modified_gmt":"2026-04-10T16:32:15","slug":"music-wordpress-theme","status":"publish","type":"product","link":"https:\/\/gpl-love.com\/fr\/produit\/music-wordpress-theme\/","title":{"rendered":"Music WordPress Theme 3.0.4"},"content":{"rendered":"<h3>Music WordPress Theme Traits<\/h3>\n<p>Le th\u00e8me de la musique WordPress est un th\u00e8me WordPress exceptionnellement complet et adaptable qui a \u00e9t\u00e9 ing\u00e9nieusement con\u00e7u avec la seule intention de r\u00e9pondre aux besoins et aux exigences des musiciens, des groupes et des sites Web centr\u00e9s sur la musique. Ce th\u00e8me, avec son design remarquablement immacul\u00e9 et contemporain, pr\u00e9sente une vaste gamme d&rsquo;attributs remarquables, tels qu&rsquo;un lecteur de musique int\u00e9gr\u00e9, la gestion des albums et des \u00e9v\u00e9nements, la capacit\u00e9 de personnaliser les peaux et les dispositions et un \u00e9ventail d&rsquo;autres fonctionnalit\u00e9s fascinantes. Non seulement ce th\u00e8me est incroyablement convivial, mais il offre \u00e9galement une large gamme d&rsquo;options de personnalisation qui vous permettent de fabriquer un site Web exceptionnellement distinctif et captivant, pr\u00e9sentant efficacement votre musique et encapsulant votre marque. En profitant du th\u00e8me de la musique WordPress, vous pouvez construire sans effort une pr\u00e9sence en ligne exceptionnellement professionnelle et efficace qui repr\u00e9sente impeccablement votre carri\u00e8re musicale ou votre groupe.<\/p>\n<ul>\n<li>Conception r\u00e9active qui s&rsquo;adapte \u00e0 diff\u00e9rentes tailles d&rsquo;\u00e9cran et appareils<\/li>\n<li>Compatibilit\u00e9 avec la derni\u00e8re version de WordPress<\/li>\n<li>Plusieurs mises en page de page d&rsquo;accueil et de pages int\u00e9rieures au choix<\/li>\n<li>Options de t\u00eate et de pied de page personnalisables<\/li>\n<li>Int\u00e9gration avec des lecteurs de musique et des plateformes populaires, tels que Spotify et SoundCloud<\/li>\n<li>Mod\u00e8les pr\u00e9d\u00e9finis pour des \u00e9v\u00e9nements musicaux et des horaires de tourn\u00e9e<\/li>\n<li>Int\u00e9gration transparente avec WooCommerce pour la vente de musique et de marchandises<\/li>\n<li>Sch\u00e9mas de couleurs personnalisables et polices pour correspondre \u00e0 votre marque ou \u00e0 votre style<\/li>\n<li>Page Facile \u00e0 utiliser pour cr\u00e9er des dispositions et des conceptions personnalis\u00e9es<\/li>\n<li>Code de r\u00e9f\u00e9rencement pour am\u00e9liorer la visibilit\u00e9 des moteurs de recherche<\/li>\n<li>\u00c9quipe d&rsquo;assistance d\u00e9di\u00e9e \u00e0 aider avec tout probl\u00e8me ou question technique.<\/li>\n<\/ul>\n","protected":false},"excerpt":{"rendered":"<p>Pr\u00e9sentation de la contribution, un th\u00e8me WordPress extraordinaire qui a \u00e9t\u00e9 m\u00e9ticuleusement con\u00e7u pour les personnes qui ont une profonde adoration pour la musique et les musiciens. Ce th\u00e8me remarquable poss\u00e8de un design sans couture et contemporain, vous permettant ainsi de montrer sans effort vos cr\u00e9ations musicales \u00e9tonnantes, des \u00e9v\u00e9nements exaltants et des marchandises captivantes. Parmi la pl\u00e9thore de fonctionnalit\u00e9s remarquables qu&rsquo;il propose, on peut trouver des widgets personnalisables qui s&rsquo;adressent \u00e0 l&rsquo;engagement des m\u00e9dias sociaux, aux dates de tourn\u00e9e et \u00e0 la pr\u00e9sentation vid\u00e9o, sans parler d&rsquo;un joueur audio int\u00e9gr\u00e9 remarquable qui joue harmonieusement vos pistes fascinantes. Que vous soyez un artiste solo exceptionnel, un groupe ph\u00e9nom\u00e9nal ou un blog de musique influent, la contribution est sans \u00e9quivoque le th\u00e8me id\u00e9al pour montrer magnifiquement votre talent exceptionnel et votre ardeur in\u00e9branlable. Commencez votre voyage exaltant aujourd&rsquo;hui et assistez \u00e0 l&rsquo;\u00e9l\u00e9vation de votre pr\u00e9sence virtuelle, tout cela gr\u00e2ce aux capacit\u00e9s de contribution impressionnantes.<\/p>\n","protected":false},"featured_media":144603,"comment_status":"open","ping_status":"open","template":"","meta":[],"product_brand":[2459],"product_cat":[1242,1212,1213],"product_tag":[2274],"class_list":{"0":"post-119524","1":"product","2":"type-product","3":"status-publish","4":"has-post-thumbnail","6":"product_brand-visualmodo","7":"product_cat-creatif","8":"product_cat-themes","9":"product_cat-wordpress-themes","10":"product_tag-visualmodo","11":"member-discount","12":"discount-restricted","14":"first","15":"instock","16":"sale","17":"downloadable","18":"virtual","19":"sold-individually","20":"purchasable","21":"product-type-simple"},"_links":{"self":[{"href":"https:\/\/gpl-love.com\/fr\/wp-json\/wp\/v2\/product\/119524","targetHints":{"allow":["GET"]}}],"collection":[{"href":"https:\/\/gpl-love.com\/fr\/wp-json\/wp\/v2\/product"}],"about":[{"href":"https:\/\/gpl-love.com\/fr\/wp-json\/wp\/v2\/types\/product"}],"replies":[{"embeddable":true,"href":"https:\/\/gpl-love.com\/fr\/wp-json\/wp\/v2\/comments?post=119524"}],"wp:featuredmedia":[{"embeddable":true,"href":"https:\/\/gpl-love.com\/fr\/wp-json\/wp\/v2\/media\/144603"}],"wp:attachment":[{"href":"https:\/\/gpl-love.com\/fr\/wp-json\/wp\/v2\/media?parent=119524"}],"wp:term":[{"taxonomy":"product_brand","embeddable":true,"href":"https:\/\/gpl-love.com\/fr\/wp-json\/wp\/v2\/product_brand?post=119524"},{"taxonomy":"product_cat","embeddable":true,"href":"https:\/\/gpl-love.com\/fr\/wp-json\/wp\/v2\/product_cat?post=119524"},{"taxonomy":"product_tag","embeddable":true,"href":"https:\/\/gpl-love.com\/fr\/wp-json\/wp\/v2\/product_tag?post=119524"}],"curies":[{"name":"wp","href":"https:\/\/api.w.org\/{rel}","templated":true}]}}