{"id":119522,"date":"2022-04-28T00:00:00","date_gmt":"2022-04-27T22:00:00","guid":{"rendered":"https:\/\/gpl-love.com\/fr\/produit\/resume-wordpress-theme\/"},"modified":"2026-04-10T18:38:17","modified_gmt":"2026-04-10T16:38:17","slug":"resume-wordpress-theme","status":"publish","type":"product","link":"https:\/\/gpl-love.com\/fr\/produit\/resume-wordpress-theme\/","title":{"rendered":"Resume WordPress Theme 2.0.4"},"content":{"rendered":"<h3>Resume WordPress Theme Traits<\/h3>\n<p>Le th\u00e8me CV WordPress est un outil exceptionnel pour les professionnels qui souhaitent promouvoir leurs comp\u00e9tences et leur exp\u00e9rience au moyen d&rsquo;une pr\u00e9sence en ligne captivante et polie. Avec son design \u00e9l\u00e9gant et contemporain, ce th\u00e8me sert de choix id\u00e9al pour construire un site Web de CV remarquable qui est \u00e0 la fois esth\u00e9tiquement agr\u00e9able et convivial. En offrant des sections personnalisables et un assortiment d&rsquo;options de disposition, les individus peuvent pr\u00e9senter sans effort leur exp\u00e9rience de travail, leur \u00e9ducation et leurs comp\u00e9tences les plus pertinentes. De plus, ce th\u00e8me int\u00e8gre divers widgets et plugins qui facilitent l&rsquo;int\u00e9gration sans effort avec les plateformes de m\u00e9dias sociaux, permettant ainsi aux utilisateurs d&rsquo;\u00e9tendre leur r\u00e9seau et potentiellement de captiver l&rsquo;int\u00e9r\u00eat des employeurs potentiels. Essentiellement, le th\u00e8me WordPress de CV est un atout indispensable pour quiconque visant \u00e0 faire progresser sa carri\u00e8re et \u00e0 se distinguer dans un march\u00e9 du travail farouchement comp\u00e9titif.<\/p>\n<ul>\n<li>Un th\u00e8me de CV professionnel et accrocheur pour WordPress<\/li>\n<li>Facile \u00e0 personnaliser et \u00e0 mettre \u00e0 jour avec des fonctionnalit\u00e9s de glisser-d\u00e9poser<\/li>\n<li>Conception r\u00e9active mobile pour une visualisation optimale sur tous les appareils<\/li>\n<li>Options de mise en page personnalisables, y compris une vari\u00e9t\u00e9 de conceptions d&rsquo;en-t\u00eate, d&rsquo;options de barres lat\u00e9rales et de mod\u00e8les pleine largeur<\/li>\n<li>Comprend des sections pour l&rsquo;\u00e9ducation, l&rsquo;exp\u00e9rience de travail, les comp\u00e9tences et les r\u00e9f\u00e9rences<\/li>\n<li>SEO optimis\u00e9 pour un meilleur classement des moteurs de recherche<\/li>\n<li>Plusieurs sch\u00e9mas de couleurs au choix<\/li>\n<li>Formulaire de contact int\u00e9gr\u00e9 pour que les employeurs potentiels puissent contacter<\/li>\n<li>Int\u00e9gration des m\u00e9dias sociaux pour partager votre CV avec votre r\u00e9seau<\/li>\n<li>Compatible avec les plugins WordPress populaires pour des fonctionnalit\u00e9s ajout\u00e9es<\/li>\n<\/ul>\n","protected":false},"excerpt":{"rendered":"<p>Le th\u00e8me WordPress de CV en entr\u00e9e poss\u00e8de un design \u00e9l\u00e9gant et contemporain qui est parfaitement adapt\u00e9 aux personnes cherchant \u00e0 afficher leur expertise professionnelle et leur exp\u00e9rience approfondie. Avec son assortiment d&rsquo;options de personnalisation, ce th\u00e8me permet aux utilisateurs de fa\u00e7onner sans effort un curriculum vitae remarquable qui augmentera sans aucun doute leurs chances de s\u00e9curiser leur travail de r\u00eave convoit\u00e9. Pr\u00e9sentant une disposition r\u00e9active, des sch\u00e9mas de couleurs personnalisables et des \u00e9l\u00e9ments de g\u00e9n\u00e9rateur de pages conviviaux, le th\u00e8me WordPress de CV en entr\u00e9e \u00e9merge sans \u00e9quivoque comme la s\u00e9lection par excellence pour ceux qui aspirent \u00e0 \u00e9tablir un personnage en ligne dynamique et poli.<\/p>\n","protected":false},"featured_media":145129,"comment_status":"open","ping_status":"open","template":"","meta":[],"product_brand":[2459],"product_cat":[1242,1212,1213],"product_tag":[2274],"class_list":{"0":"post-119522","1":"product","2":"type-product","3":"status-publish","4":"has-post-thumbnail","6":"product_brand-visualmodo","7":"product_cat-creatif","8":"product_cat-themes","9":"product_cat-wordpress-themes","10":"product_tag-visualmodo","11":"member-discount","12":"discount-restricted","14":"first","15":"instock","16":"sale","17":"downloadable","18":"virtual","19":"sold-individually","20":"purchasable","21":"product-type-simple"},"_links":{"self":[{"href":"https:\/\/gpl-love.com\/fr\/wp-json\/wp\/v2\/product\/119522","targetHints":{"allow":["GET"]}}],"collection":[{"href":"https:\/\/gpl-love.com\/fr\/wp-json\/wp\/v2\/product"}],"about":[{"href":"https:\/\/gpl-love.com\/fr\/wp-json\/wp\/v2\/types\/product"}],"replies":[{"embeddable":true,"href":"https:\/\/gpl-love.com\/fr\/wp-json\/wp\/v2\/comments?post=119522"}],"wp:featuredmedia":[{"embeddable":true,"href":"https:\/\/gpl-love.com\/fr\/wp-json\/wp\/v2\/media\/145129"}],"wp:attachment":[{"href":"https:\/\/gpl-love.com\/fr\/wp-json\/wp\/v2\/media?parent=119522"}],"wp:term":[{"taxonomy":"product_brand","embeddable":true,"href":"https:\/\/gpl-love.com\/fr\/wp-json\/wp\/v2\/product_brand?post=119522"},{"taxonomy":"product_cat","embeddable":true,"href":"https:\/\/gpl-love.com\/fr\/wp-json\/wp\/v2\/product_cat?post=119522"},{"taxonomy":"product_tag","embeddable":true,"href":"https:\/\/gpl-love.com\/fr\/wp-json\/wp\/v2\/product_tag?post=119522"}],"curies":[{"name":"wp","href":"https:\/\/api.w.org\/{rel}","templated":true}]}}