{"id":119516,"date":"2022-04-28T00:00:00","date_gmt":"2022-04-27T22:00:00","guid":{"rendered":"https:\/\/gpl-love.com\/fr\/produit\/nonprofit-wordpress-theme\/"},"modified":"2026-04-10T18:34:45","modified_gmt":"2026-04-10T16:34:45","slug":"nonprofit-wordpress-theme","status":"publish","type":"product","link":"https:\/\/gpl-love.com\/fr\/produit\/nonprofit-wordpress-theme\/","title":{"rendered":"Nonprofit WordPress Theme 2.0.4"},"content":{"rendered":"<h3>Nonprofit WordPress Theme Traits<\/h3>\n<p>Le th\u00e8me WordPress \u00e0 but non lucratif s&rsquo;av\u00e8re \u00eatre une solution globale pour les organisations \u00e0 but non lucratif cherchant \u00e0 \u00e9tablir un site Web robuste et sophistiqu\u00e9. Fabriqu\u00e9 exclusivement pour les organisations \u00e0 but non lucratif, ce th\u00e8me int\u00e8gre toutes les caract\u00e9ristiques et outils essentiels n\u00e9cessaires pour pr\u00e9senter efficacement la mission, les objectifs et les r\u00e9alisations. Offrant des options de personnalisation conviviales, on peut facilement modifier et personnaliser son site Web pour s&rsquo;aligner sur la marque et le style de leur organisation. En outre, ce th\u00e8me comprend une myriade de fonctionnalit\u00e9s, notamment des formulaires de don, des calendriers d&rsquo;\u00e9v\u00e9nements, des formulaires d&rsquo;inscription des b\u00e9n\u00e9voles, et plus encore, facilitant ainsi les op\u00e9rations rationalis\u00e9es et favorisant un engagement efficace avec le public cible de son objectif. Pour les organisations \u00e0 but non lucratif souhaitant forger une pr\u00e9sence en ligne commandante qui les propulse vers leurs objectifs et leurs objectifs, ce th\u00e8me WordPress sert de choix id\u00e9al.<\/p>\n<ul>\n<li>Conception r\u00e9active pour les appareils de bureau et mobiles<\/li>\n<li>Page d&rsquo;accueil personnalisable avec des boutons de dons et des appels \u00e0 l&rsquo;action<\/li>\n<li>Calendrier des \u00e9v\u00e9nements int\u00e9gr\u00e9s avec fonctionnalit\u00e9 RSVP<\/li>\n<li>Outils de gestion des dons int\u00e9gr\u00e9s<\/li>\n<li>Prise en charge des dons r\u00e9currents et de plusieurs passerelles de paiement<\/li>\n<li>Pages d\u00e9di\u00e9es pour pr\u00e9senter l&rsquo;impact, les membres de l&rsquo;\u00e9quipe et les sponsors \/ partenaires<\/li>\n<li>Mod\u00e8les pr\u00e9-con\u00e7us pour les articles de blog, les mises \u00e0 jour des nouvelles et les t\u00e9moignages<\/li>\n<li>Syst\u00e8me de gestion de contenu facile \u00e0 utiliser pour la mise \u00e0 jour et la modification du contenu du site Web<\/li>\n<li>Structure adapt\u00e9e au r\u00e9f\u00e9rencement pour am\u00e9liorer la visibilit\u00e9 du moteur de recherche<\/li>\n<li>Compatibilit\u00e9 avec les plugins WordPress populaires pour une fonctionnalit\u00e9 am\u00e9lior\u00e9e<\/li>\n<li>Support client d\u00e9di\u00e9 et ressources de documentation.<\/li>\n<\/ul>\n","protected":false},"excerpt":{"rendered":"<p>Le th\u00e8me WordPress \u00e0 but non lucratif, qui a \u00e9t\u00e9 m\u00e9ticuleusement con\u00e7u pour les organisations \u00e0 but non lucratif, propose un mod\u00e8le transparent et modifiable qui d\u00e9gage de la convivialit\u00e9 des utilisateurs. Ce th\u00e8me est orn\u00e9 d&rsquo;une conception de pointe et contemporaine, aux c\u00f4t\u00e9s d&rsquo;un \u00e9ventail de fonctionnalit\u00e9s impressionnantes, notamment un calendrier d&rsquo;\u00e9v\u00e9nements, un tracker de don et un syst\u00e8me de gestion de b\u00e9n\u00e9voles. En cons\u00e9quence, il facilite sans effort le lien entre les organisations \u00e0 but non lucratif et leurs partisans, faisant la promotion d&rsquo;un flux de travail op\u00e9rationnel rationalis\u00e9 et, finalement, amplifiant leur impact. Que vous apparteniez \u00e0 une startup de base naissante ou \u00e0 un organisme sans but lucratif de longue date et estim\u00e9, ce th\u00e8me sert de plate-forme exceptionnelle pour pr\u00e9senter votre mission et vous engager activement avec votre communaut\u00e9 dynamique.<\/p>\n","protected":false},"featured_media":144822,"comment_status":"open","ping_status":"open","template":"","meta":[],"product_brand":[2459],"product_cat":[1242,1212,1213],"product_tag":[2274],"class_list":{"0":"post-119516","1":"product","2":"type-product","3":"status-publish","4":"has-post-thumbnail","6":"product_brand-visualmodo","7":"product_cat-creatif","8":"product_cat-themes","9":"product_cat-wordpress-themes","10":"product_tag-visualmodo","11":"member-discount","12":"discount-restricted","14":"first","15":"instock","16":"sale","17":"downloadable","18":"virtual","19":"sold-individually","20":"purchasable","21":"product-type-simple"},"_links":{"self":[{"href":"https:\/\/gpl-love.com\/fr\/wp-json\/wp\/v2\/product\/119516","targetHints":{"allow":["GET"]}}],"collection":[{"href":"https:\/\/gpl-love.com\/fr\/wp-json\/wp\/v2\/product"}],"about":[{"href":"https:\/\/gpl-love.com\/fr\/wp-json\/wp\/v2\/types\/product"}],"replies":[{"embeddable":true,"href":"https:\/\/gpl-love.com\/fr\/wp-json\/wp\/v2\/comments?post=119516"}],"wp:featuredmedia":[{"embeddable":true,"href":"https:\/\/gpl-love.com\/fr\/wp-json\/wp\/v2\/media\/144822"}],"wp:attachment":[{"href":"https:\/\/gpl-love.com\/fr\/wp-json\/wp\/v2\/media?parent=119516"}],"wp:term":[{"taxonomy":"product_brand","embeddable":true,"href":"https:\/\/gpl-love.com\/fr\/wp-json\/wp\/v2\/product_brand?post=119516"},{"taxonomy":"product_cat","embeddable":true,"href":"https:\/\/gpl-love.com\/fr\/wp-json\/wp\/v2\/product_cat?post=119516"},{"taxonomy":"product_tag","embeddable":true,"href":"https:\/\/gpl-love.com\/fr\/wp-json\/wp\/v2\/product_tag?post=119516"}],"curies":[{"name":"wp","href":"https:\/\/api.w.org\/{rel}","templated":true}]}}