{"id":119514,"date":"2024-04-17T00:00:00","date_gmt":"2024-04-16T22:00:00","guid":{"rendered":"https:\/\/gpl-love.com\/fr\/produit\/wp-reactions-pro\/"},"modified":"2026-03-20T23:50:25","modified_gmt":"2026-03-20T22:50:25","slug":"wp-reactions-pro","status":"publish","type":"product","link":"https:\/\/gpl-love.com\/fr\/produit\/wp-reactions-pro\/","title":{"rendered":"WP Reactions Pro 3.1.14"},"content":{"rendered":"<h3>WP Reactions Pro Traits<\/h3>\n<p>WP Reactions Pro, un plugin WordPress exceptionnellement puissant, a \u00e9t\u00e9 m\u00e9ticuleusement con\u00e7u pour \u00e9lever l&rsquo;engagement et l&rsquo;interaction des utilisateurs sur votre site Web estim\u00e9. En int\u00e9grant ce plugin extraordinaire dans votre site Web, vous serez accord\u00e9 la capacit\u00e9 remarquable pour ajouter une gamme diversifi\u00e9e de boutons de r\u00e9action \u00e0 votre contenu captivant, offrant ainsi \u00e0 vos utilisateurs estim\u00e9s l&rsquo;opportunit\u00e9 in\u00e9gal\u00e9e pour articuler sans effort leurs sentiments sinc\u00e8res et leurs opinions pr\u00e9cieuses avec un simple simple avec un simple simple aux simples sentiments et \u00e0 des opinions pr\u00e9cieuses avec un simple simple avec un simple un simple avec un simple simple avec un simple simple un simple avec un simple simple un simple avec un simple simple un simple avec un simple simple un simple avec une simple simple opinion avec un simple simple \u00e0 un simple un simple avec un simple simple un simple a un simple simple \u00e0 un simple simple un simple avec un simple Are clic solitaire. Ce plugin riche en fonctionnalit\u00e9s, offrant un vaste r\u00e9pertoire d&rsquo;options de personnalisation, vous permet de cueillir \u00e0 la main une myriade de styles de bouton, d&rsquo;animations et de sch\u00e9mas de couleurs resplendissants, garantissant ainsi une int\u00e9gration harmonieuse parfaitement harmonieuse avec l&rsquo;essence esth\u00e9tique de votre site Web estim\u00e9. Une facette notable de WP Reactions Pro r\u00e9side dans sa fourniture d&rsquo;analyses m\u00e9ticuleuses et de rapports inclusifs, vous offrant la capacit\u00e9 inestimable \u00e0 surveiller l&rsquo;engagement des utilisateurs habilement et \u00e0 affiner rapidement votre strat\u00e9gie de contenu m\u00e9ticuleusement con\u00e7ue. Que vous nourrissiez un d\u00e9sir fervent d&rsquo;am\u00e9liorer sans pr\u00e9c\u00e9dent l&rsquo;engagement des utilisateurs, d&rsquo;intensifier le quotient de partage social de votre site Web estim\u00e9, ou d&rsquo;espirer simplement \u00e0 infuser un \u00e9l\u00e9ment de gaiet\u00e9 et d&rsquo;interactivit\u00e9, WP Reactions Pro appara\u00eet comme la v\u00e9ritable panac\u00e9e, pr\u00eate \u00e0 s&rsquo;adresser \u00e0 la prise vos besoins et d\u00e9passent vos attentes les plus folles.<\/p>\n<ul>\n<li>WP Reactions Pro est un outil puissant et flexible qui vous permet d&rsquo;ajouter facilement des r\u00e9actions \u00e0 vos messages et pages WordPress.<\/li>\n<li>Avec WP Reactions Pro, vous pouvez choisir parmi une large gamme d&rsquo;ic\u00f4nes de r\u00e9action de haute qualit\u00e9, y compris les emojis les plus populaires et les ic\u00f4nes con\u00e7ues sur mesure.<\/li>\n<li>Ce plugin est hautement personnalisable, vous permettant de modifier la taille et la position de vos ic\u00f4nes de r\u00e9action, ainsi que les effets d&rsquo;animation qui se produisent lorsqu&rsquo;un utilisateur clique dessus.<\/li>\n<li>WP Reactions Pro facilite le suivi et l&rsquo;analyse des interactions utilisateur avec votre contenu, vous fournissant des statistiques d\u00e9taill\u00e9es sur les r\u00e9actions les plus populaires et quelles pages ou publications re\u00e7oivent le plus d&rsquo;engagement.<\/li>\n<li>Vous pouvez \u00e9galement utiliser WP Reactions Pro pour cr\u00e9er des r\u00e9actions personnalis\u00e9es adapt\u00e9es \u00e0 votre site Web ou marque sp\u00e9cifique, vous offrant un moyen unique de vous engager avec votre public et de construire votre communaut\u00e9 en ligne.<\/li>\n<li>Que vous cherchiez \u00e0 am\u00e9liorer l&rsquo;exp\u00e9rience utilisateur de votre site Web, \u00e0 augmenter l&rsquo;engagement ou \u00e0 ajouter simplement une touche de plaisir et de flair \u00e0 votre contenu, WP Reactions Pro est la solution parfaite.<\/li>\n<\/ul>\n","protected":false},"excerpt":{"rendered":"<p>WP Reactions Pro est un plugin WordPress remarquablement robuste qui pr\u00e9sente les propri\u00e9taires de sites Web avec la possibilit\u00e9 d&rsquo;incorporer de mani\u00e8re transparente un syst\u00e8me de r\u00e9action enti\u00e8rement personnalisable dans leurs diff\u00e9rents messages et pages, am\u00e9liorant ainsi l&rsquo;exp\u00e9rience utilisateur globale. Gr\u00e2ce \u00e0 l&rsquo;utilisation de cet outil convivial, les visiteurs sont autoris\u00e9s \u00e0 communiquer efficacement leurs sentiments vers le contenu \u00e0 port\u00e9e de main au moyen d&rsquo;\u00e9motic\u00f4nes et de commentaires. En outre, ce plugin offre la fonctionnalit\u00e9 inestimable des analyses en temps r\u00e9el, ce qui permet la surveillance m\u00e9ticuleuse des niveaux d&rsquo;engagement des utilisateurs et l&rsquo;identification du contenu qui fonctionne exceptionnellement bien. WP Reactions Pro est donc un instrument de marketing exceptionnel qui s&rsquo;av\u00e8re particuli\u00e8rement b\u00e9n\u00e9fique pour les entreprises et les blogueurs, car il stimule efficacement l&rsquo;engagement des utilisateurs et contribue \u00e0 l&rsquo;am\u00e9lioration globale des performances du site Web.<\/p>\n","protected":false},"featured_media":146190,"comment_status":"open","ping_status":"open","template":"","meta":[],"product_brand":[2727],"product_cat":[1207,1181,1186],"product_tag":[2275],"class_list":{"0":"post-119514","1":"product","2":"type-product","3":"status-publish","4":"has-post-thumbnail","6":"product_brand-wp-reactions","7":"product_cat-commercialisation-wordpress-plugins","8":"product_cat-plugins","9":"product_cat-wordpress-plugins","10":"product_tag-wp-reactions","11":"member-discount","12":"discount-restricted","14":"first","15":"instock","16":"sale","17":"downloadable","18":"virtual","19":"sold-individually","20":"purchasable","21":"product-type-simple"},"_links":{"self":[{"href":"https:\/\/gpl-love.com\/fr\/wp-json\/wp\/v2\/product\/119514","targetHints":{"allow":["GET"]}}],"collection":[{"href":"https:\/\/gpl-love.com\/fr\/wp-json\/wp\/v2\/product"}],"about":[{"href":"https:\/\/gpl-love.com\/fr\/wp-json\/wp\/v2\/types\/product"}],"replies":[{"embeddable":true,"href":"https:\/\/gpl-love.com\/fr\/wp-json\/wp\/v2\/comments?post=119514"}],"wp:featuredmedia":[{"embeddable":true,"href":"https:\/\/gpl-love.com\/fr\/wp-json\/wp\/v2\/media\/146190"}],"wp:attachment":[{"href":"https:\/\/gpl-love.com\/fr\/wp-json\/wp\/v2\/media?parent=119514"}],"wp:term":[{"taxonomy":"product_brand","embeddable":true,"href":"https:\/\/gpl-love.com\/fr\/wp-json\/wp\/v2\/product_brand?post=119514"},{"taxonomy":"product_cat","embeddable":true,"href":"https:\/\/gpl-love.com\/fr\/wp-json\/wp\/v2\/product_cat?post=119514"},{"taxonomy":"product_tag","embeddable":true,"href":"https:\/\/gpl-love.com\/fr\/wp-json\/wp\/v2\/product_tag?post=119514"}],"curies":[{"name":"wp","href":"https:\/\/api.w.org\/{rel}","templated":true}]}}