{"id":119480,"date":"2021-11-15T00:00:00","date_gmt":"2021-11-14T23:00:00","guid":{"rendered":"https:\/\/gpl-love.com\/fr\/produit\/go-night-pro-dark-mode-night-mode-wordpress-plugin\/"},"modified":"2026-03-20T23:17:13","modified_gmt":"2026-03-20T22:17:13","slug":"go-night-pro-dark-mode-night-mode-wordpress-plugin","status":"publish","type":"product","link":"https:\/\/gpl-love.com\/fr\/produit\/go-night-pro-dark-mode-night-mode-wordpress-plugin\/","title":{"rendered":"Go Night Pro Dark Mode Night Mode WordPress Plugin 1.1.2"},"content":{"rendered":"<h3>Go Night Pro Dark Mode Night Mode WordPress Plugin Traits<\/h3>\n<p>Le plugin GO Night Pro Dark Mode Night Mode WordPress est un outil extr\u00eamement puissant qui poss\u00e8de la capacit\u00e9 de transformer votre site Web en une rencontre beaucoup plus esth\u00e9tique et conviviale pour vos visiteurs estim\u00e9s. Avec un \u00e9ventail de fonctionnalit\u00e9s sophistiqu\u00e9es \u00e0 votre disposition, ce plugin vous permet de fa\u00e7onner sans effort une interpr\u00e9tation de mode obscur ou de nuit de nuit avec une poign\u00e9e de clics. Fabriqu\u00e9 \u00e0 la mode pour r\u00e9pondre aux exigences toujours croissantes des utilisateurs qui abritent une forte pr\u00e9f\u00e9rence pour avoir parcouru les interwebs dans des environnements caract\u00e9ris\u00e9s par une faible \u00e9clairage ou pendant les heures nocturnes, l&rsquo;installation de ce plugin est un jeu d&rsquo;enfant et peut \u00eatre personnalis\u00e9e de mani\u00e8re transparente pour s&rsquo;aligner parfaitement avec l&rsquo;unique Conception de votre site Web, ce qui l&rsquo;a rendu un ajout absolument exceptionnel \u00e0 tous les outils des propri\u00e9taires de sites Web. L&rsquo;incorporation du plugin WordPress de GO Night Pro Dark Mode Night dans votre domaine num\u00e9rique affinera et augmentera sans aucun doute l&rsquo;exp\u00e9rience utilisateur de votre site Web, renfor\u00e7ant ainsi consid\u00e9rablement la convivialit\u00e9 globale de la plate-forme en ligne susmentionn\u00e9e.<\/p>\n<ul>\n<li>Active l&rsquo;option Mode Dark et Mode nocturne pour les sites Web WordPress<\/li>\n<li>Am\u00e9liore l&rsquo;exp\u00e9rience utilisateur en r\u00e9duisant la contrainte oculaire dans des environnements \u00e0 faible luminosit\u00e9<\/li>\n<li>Les param\u00e8tres personnalisables permettent de personnaliser les couleurs et les polices pour le mode sombre<\/li>\n<li>Compatible avec les th\u00e8mes et plugins WordPress les plus populaires<\/li>\n<li>Installation et configuration faciles en quelques clics<\/li>\n<li>Interrupteur \u00e0 bascule rapide entre le mode sombre et le mode l\u00e9ger pour les visiteurs<\/li>\n<li>Diminue la consommation d&rsquo;\u00e9nergie et permet d&rsquo;\u00e9conomiser la dur\u00e9e de vie de la batterie pour les utilisateurs mobiles<\/li>\n<li>Augmente l&rsquo;accessibilit\u00e9 et l&rsquo;inclusivit\u00e9 pour ceux qui ont une sensibilit\u00e9 aux \u00e9crans de luminosit\u00e9 \u00e9lev\u00e9s<\/li>\n<li>Fournit un look moderne, \u00e9l\u00e9gant et professionnel sur votre site Web avec la fonctionnalit\u00e9 ajout\u00e9e en mode sombre.<\/li>\n<\/ul>\n","protected":false},"excerpt":{"rendered":"<p>Le plugin GO Night Pro Dark Mode Night Mode WordPress, un outil essentiel pour ceux qui visant \u00e0 amplifier l&rsquo;exp\u00e9rience utilisateur sur leur site Web, pr\u00e9sente une multitude d&rsquo;avantages. En basculant sans effort leurs \u00e9crans au mode sombre, les utilisateurs peuvent optimiser la lisibilit\u00e9 et att\u00e9nuer la fatigue oculaire. Cette caract\u00e9ristique s&rsquo;av\u00e8re particuli\u00e8rement avantageuse pour les personnes qui optent pour des s\u00e9ances de navigation nocturne ou faiblement \u00e9clair\u00e9es. Notamment, le processus d&rsquo;installation transparente du plugin et l&rsquo;interface conviviale con\u00e7oivent les individus de la possibilit\u00e9 d&rsquo;adapter les param\u00e8tres personnalisables en fonction du style unique de leur site Web. \u00c9levez l&rsquo;accessibilit\u00e9 de votre site Web et optimisez la convivialit\u00e9 avec les fonctionnalit\u00e9s in\u00e9gal\u00e9es fournies par le plugin WordPress de GO Night Pro Dark Mode Mode.<\/p>\n","protected":false},"featured_media":144030,"comment_status":"open","ping_status":"open","template":"","meta":[],"product_brand":[2435],"product_cat":[1189,1181,1186],"product_tag":[1231],"class_list":{"0":"post-119480","1":"product","2":"type-product","3":"status-publish","4":"has-post-thumbnail","6":"product_brand-codecanyon","7":"product_cat-personnalisation","8":"product_cat-plugins","9":"product_cat-wordpress-plugins","10":"product_tag-codecanyon","11":"member-discount","12":"discount-restricted","14":"first","15":"instock","16":"sale","17":"downloadable","18":"virtual","19":"sold-individually","20":"purchasable","21":"product-type-simple"},"_links":{"self":[{"href":"https:\/\/gpl-love.com\/fr\/wp-json\/wp\/v2\/product\/119480","targetHints":{"allow":["GET"]}}],"collection":[{"href":"https:\/\/gpl-love.com\/fr\/wp-json\/wp\/v2\/product"}],"about":[{"href":"https:\/\/gpl-love.com\/fr\/wp-json\/wp\/v2\/types\/product"}],"replies":[{"embeddable":true,"href":"https:\/\/gpl-love.com\/fr\/wp-json\/wp\/v2\/comments?post=119480"}],"wp:featuredmedia":[{"embeddable":true,"href":"https:\/\/gpl-love.com\/fr\/wp-json\/wp\/v2\/media\/144030"}],"wp:attachment":[{"href":"https:\/\/gpl-love.com\/fr\/wp-json\/wp\/v2\/media?parent=119480"}],"wp:term":[{"taxonomy":"product_brand","embeddable":true,"href":"https:\/\/gpl-love.com\/fr\/wp-json\/wp\/v2\/product_brand?post=119480"},{"taxonomy":"product_cat","embeddable":true,"href":"https:\/\/gpl-love.com\/fr\/wp-json\/wp\/v2\/product_cat?post=119480"},{"taxonomy":"product_tag","embeddable":true,"href":"https:\/\/gpl-love.com\/fr\/wp-json\/wp\/v2\/product_tag?post=119480"}],"curies":[{"name":"wp","href":"https:\/\/api.w.org\/{rel}","templated":true}]}}