{"id":119478,"date":"2022-02-20T00:00:00","date_gmt":"2022-02-19T23:00:00","guid":{"rendered":"https:\/\/gpl-love.com\/fr\/produit\/revy-wordpress-booking-system-pour-repair-service-industries\/"},"modified":"2026-04-10T18:38:20","modified_gmt":"2026-04-10T16:38:20","slug":"revy-wordpress-booking-system-pour-repair-service-industries","status":"publish","type":"product","link":"https:\/\/gpl-love.com\/fr\/produit\/revy-wordpress-booking-system-pour-repair-service-industries\/","title":{"rendered":"Revy WordPress booking system pour repair service industries 1.7"},"content":{"rendered":"<h3>Revy WordPress booking system pour repair service industries Traits<\/h3>\n<p>Revy est un plugin WordPress innovant et de pointe qui sert d&rsquo;outil puissant pour les industries des services de r\u00e9paration, leur permettant de g\u00e9rer sans effort leurs syst\u00e8mes de r\u00e9servation complets. Ce plugin a \u00e9t\u00e9 m\u00e9ticuleusement con\u00e7u pour rationaliser et simplifier l&rsquo;int\u00e9gralit\u00e9 du processus de r\u00e9servation, accordant aux clients la flexibilit\u00e9 et la commodit\u00e9 pour planifier sans effort les rendez-vous en ligne \u00e0 leur convenance, quel que soit le temps ou l&rsquo;appareil qu&rsquo;ils utilisent. Avec les capacit\u00e9s remarquables de Revy, les prestataires de services peuvent g\u00e9rer sans effort et efficacement leurs horaires, allouer efficacement les membres du personnel \u00e0 diverses t\u00e2ches et suivre avec diligence tous leurs rendez-vous avec la plus grande pr\u00e9cision et pr\u00e9cision, gr\u00e2ce aux notifications automatis\u00e9es qui sont impr\u00e9sent\u00e9es de mani\u00e8re transparente aux deux \u00e0 la fois \u00e0 la fois \u00e0 la fois \u00e0 la fois \u00e0 la fois \u00e0 la fois \u00e0 la fois \u00e0 la fois \u00e0 deux clients et membres du personnel. La polyvalence extr\u00eame de ce plugin est \u00e9galement tr\u00e8s louable, car elle r\u00e9pond aux besoins et pr\u00e9f\u00e9rences sp\u00e9cifiques des diff\u00e9rentes entreprises en offrant un large \u00e9ventail d&rsquo;options de personnalisation. Ces options permettent aux entreprises d&rsquo;ajuster sans effort leurs param\u00e8tres, de pr\u00e9senter efficacement leur \u00e9ventail de services et d&rsquo;int\u00e9grer sans effort diverses options de prix, d&rsquo;aligner finalement le plugin avec leurs exigences individualis\u00e9es. Incarnant la quintessence de l&rsquo;efficacit\u00e9 et de l&rsquo;efficacit\u00e9, le syst\u00e8me de r\u00e9servation WordPress Revy constitue un outil inestimable et indispensable pour les industries des services de r\u00e9paration, leur permettant d&rsquo;am\u00e9liorer leurs capacit\u00e9s organisationnelles et de fournir constamment des exp\u00e9riences de service \u00e0 la client\u00e8le exceptionnelles.<\/p>\n<ul>\n<li>Permet une r\u00e9servation facile en ligne de services de r\u00e9paration<\/li>\n<li>Peut \u00eatre personnalis\u00e9 pour s&rsquo;adapter \u00e0 diverses industries<\/li>\n<li>Offre des fonctionnalit\u00e9s automatis\u00e9es de notification et de rappel<\/li>\n<li>Fournit des rapports et des outils analytiques<\/li>\n<li>Prend en charge plusieurs options de paiement<\/li>\n<li>Peut s&rsquo;int\u00e9grer aux sites WordPress existants<\/li>\n<li>Offre des capacit\u00e9s de gestion des clients<\/li>\n<li>Fournit des fonctionnalit\u00e9s de planification et de suivi de rendez-vous<\/li>\n<li>Fournit un tableau de bord convivial pour les fournisseurs de services<\/li>\n<li>Offre une r\u00e9activit\u00e9 mobile pour un acc\u00e8s facile \u00e0 partir de n&rsquo;importe quel appareil<\/li>\n<\/ul>\n","protected":false},"excerpt":{"rendered":"<p>Revy, un plugin WordPress exceptionnellement convivial, m\u00e9ticuleusement con\u00e7u pour am\u00e9liorer le processus de r\u00e9servation dans les industries des services de r\u00e9paration, s&rsquo;efforce de r\u00e9volutionner la fa\u00e7on dont les rendez-vous sont g\u00e9r\u00e9s. En incorporant les fonctionnalit\u00e9s innovantes des formulaires et calendriers de r\u00e9servation personnalisables, ce plugin exceptionnel facilite sans effort la coordination transparente des rendez-vous, de la disponibilit\u00e9 et des prix. De plus, la fonctionnalit\u00e9 remarquable de Revy s&rsquo;\u00e9tend au-del\u00e0 de ses capacit\u00e9s de r\u00e9servation, car elle poss\u00e8de en outre des notifications par e-mail automatis\u00e9es, des options de paiement int\u00e9gr\u00e9es et la commodit\u00e9 inestimable du support client en temps r\u00e9el. Offrez des adieux aux proc\u00e9dures de r\u00e9servation manuelle ardue et chronophage, et inaugurez une nouvelle \u00e8re d&rsquo;efficacit\u00e9 et de productivit\u00e9 in\u00e9gal\u00e9es avec les prouesses de planification in\u00e9gal\u00e9es de Revy.<\/p>\n","protected":false},"featured_media":145134,"comment_status":"open","ping_status":"open","template":"","meta":[],"product_brand":[2435],"product_cat":[1189,1181,1186],"product_tag":[1231],"class_list":{"0":"post-119478","1":"product","2":"type-product","3":"status-publish","4":"has-post-thumbnail","6":"product_brand-codecanyon","7":"product_cat-personnalisation","8":"product_cat-plugins","9":"product_cat-wordpress-plugins","10":"product_tag-codecanyon","11":"member-discount","12":"discount-restricted","14":"first","15":"instock","16":"sale","17":"downloadable","18":"virtual","19":"sold-individually","20":"purchasable","21":"product-type-simple"},"_links":{"self":[{"href":"https:\/\/gpl-love.com\/fr\/wp-json\/wp\/v2\/product\/119478","targetHints":{"allow":["GET"]}}],"collection":[{"href":"https:\/\/gpl-love.com\/fr\/wp-json\/wp\/v2\/product"}],"about":[{"href":"https:\/\/gpl-love.com\/fr\/wp-json\/wp\/v2\/types\/product"}],"replies":[{"embeddable":true,"href":"https:\/\/gpl-love.com\/fr\/wp-json\/wp\/v2\/comments?post=119478"}],"wp:featuredmedia":[{"embeddable":true,"href":"https:\/\/gpl-love.com\/fr\/wp-json\/wp\/v2\/media\/145134"}],"wp:attachment":[{"href":"https:\/\/gpl-love.com\/fr\/wp-json\/wp\/v2\/media?parent=119478"}],"wp:term":[{"taxonomy":"product_brand","embeddable":true,"href":"https:\/\/gpl-love.com\/fr\/wp-json\/wp\/v2\/product_brand?post=119478"},{"taxonomy":"product_cat","embeddable":true,"href":"https:\/\/gpl-love.com\/fr\/wp-json\/wp\/v2\/product_cat?post=119478"},{"taxonomy":"product_tag","embeddable":true,"href":"https:\/\/gpl-love.com\/fr\/wp-json\/wp\/v2\/product_tag?post=119478"}],"curies":[{"name":"wp","href":"https:\/\/api.w.org\/{rel}","templated":true}]}}