{"id":119468,"date":"2022-04-29T00:00:00","date_gmt":"2022-04-28T22:00:00","guid":{"rendered":"https:\/\/gpl-love.com\/fr\/produit\/zenith-wordpress-theme\/"},"modified":"2026-03-20T23:54:32","modified_gmt":"2026-03-20T22:54:32","slug":"zenith-wordpress-theme","status":"publish","type":"product","link":"https:\/\/gpl-love.com\/fr\/produit\/zenith-wordpress-theme\/","title":{"rendered":"Zenith WordPress Theme 9.0.4"},"content":{"rendered":"<h3>Zenith WordPress Theme Traits<\/h3>\n<p>Le th\u00e8me Zenith WordPress, un th\u00e8me multiforme et abondant, pr\u00e9sente une exp\u00e9rience utilisateur sans effort et sophistiqu\u00e9e applicable aux blogueurs et aux entreprises. Il englobe un \u00e9ventail de possibilit\u00e9s de personnalisation et de caract\u00e9ristiques, englobant diverses dispositions de page d&rsquo;accueil, de nombreux formats de poste et une pl\u00e9thore de widgets et de plugins. L&rsquo;objectif fondamental du th\u00e8me est d&rsquo;\u00eatre adaptable et optimis\u00e9 pour toutes les dimensions d&rsquo;\u00e9cran, garantissant que votre contenu d\u00e9gage de la magnificence sur n&rsquo;importe quel appareil. En raison de ses contr\u00f4les instinctifs et de son interface d\u00e9licieusement con\u00e7ue, le th\u00e8me Zenith WordPress est une option exceptionnelle pour les personnes cherchant \u00e0 fa\u00e7onner un site Web poli et esth\u00e9tique.<\/p>\n<ul>\n<li>Design moderne et \u00e9l\u00e9gant, parfait pour les sites Web professionnels et cr\u00e9atifs<\/li>\n<li>Enti\u00e8rement r\u00e9actif, en s&rsquo;adaptant parfaitement \u00e0 n&rsquo;importe quelle taille ou appareil d&rsquo;\u00e9cran<\/li>\n<li>Options de personnalisation compl\u00e8tes, y compris les sch\u00e9mas de couleurs illimit\u00e9s et les polices personnalis\u00e9es<\/li>\n<li>Page de page Drag and-Drop pour la cr\u00e9ation et la gestion de site Web facile et intuitive<\/li>\n<li>Panneau d&rsquo;options de th\u00e8me avanc\u00e9 pour affiner tous les aspects de la conception<\/li>\n<li>Prise en charge int\u00e9gr\u00e9e pour les plugins populaires tels que WooCommerce, Contact Form 7 et Yoast SEO<\/li>\n<li>Temps de chargement rapide et code optimis\u00e9 pour am\u00e9liorer les performances et les classements SEO<\/li>\n<li>Mises \u00e0 jour r\u00e9guli\u00e8res et soutien d\u00e9di\u00e9 des d\u00e9veloppeurs de th\u00e8me<\/li>\n<li>Pr\u00eat pour la traduction, avec une prise en charge compl\u00e8te pour les langues WPML et RTL<\/li>\n<li>L&rsquo;importation de d\u00e9monstration en un clic pour configurer rapidement votre site Web avec des mod\u00e8les et des dispositions pr\u00e9d\u00e9finis.<\/li>\n<\/ul>\n","protected":false},"excerpt":{"rendered":"<p>Le th\u00e8me Zenith WordPress, r\u00e9put\u00e9 pour son design \u00e9l\u00e9gant et moderne, pr\u00e9sente une plate-forme impeccable pour montrer votre entreprise ou votre portefeuille de mani\u00e8re visuellement captivante. Son design r\u00e9actif impressionnant et sa vaste gamme de fonctionnalit\u00e9s personnalisables vous permettent de fa\u00e7onner sans effort un site Web distinctif et professionnel, m\u00eame si vous manquez de ma\u00eetrise du codage. De plus, ce th\u00e8me remarquable offre en outre un assortiment d&rsquo;options de mise en page pour r\u00e9pondre \u00e0 vos diverses pr\u00e9f\u00e9rences, une int\u00e9gration transparente avec diverses plateformes de m\u00e9dias sociaux et une compatibilit\u00e9 in\u00e9gal\u00e9e avec WooCommerce, facilitant ainsi une int\u00e9gration sans faille et sans tracas des fonctionnalit\u00e9s de commerce \u00e9lectronique. \u00c9levez et fortifiez votre pr\u00e9sence en ligne \u00e0 des hauteurs sans pr\u00e9c\u00e9dent avec les prouesses in\u00e9gal\u00e9es du th\u00e8me Zenith WordPress.<\/p>\n","protected":false},"featured_media":146470,"comment_status":"open","ping_status":"open","template":"","meta":[],"product_brand":[2459],"product_cat":[1242,1212,1213],"product_tag":[2274],"class_list":{"0":"post-119468","1":"product","2":"type-product","3":"status-publish","4":"has-post-thumbnail","6":"product_brand-visualmodo","7":"product_cat-creatif","8":"product_cat-themes","9":"product_cat-wordpress-themes","10":"product_tag-visualmodo","11":"member-discount","12":"discount-restricted","14":"first","15":"instock","16":"sale","17":"downloadable","18":"virtual","19":"sold-individually","20":"purchasable","21":"product-type-simple"},"_links":{"self":[{"href":"https:\/\/gpl-love.com\/fr\/wp-json\/wp\/v2\/product\/119468","targetHints":{"allow":["GET"]}}],"collection":[{"href":"https:\/\/gpl-love.com\/fr\/wp-json\/wp\/v2\/product"}],"about":[{"href":"https:\/\/gpl-love.com\/fr\/wp-json\/wp\/v2\/types\/product"}],"replies":[{"embeddable":true,"href":"https:\/\/gpl-love.com\/fr\/wp-json\/wp\/v2\/comments?post=119468"}],"wp:featuredmedia":[{"embeddable":true,"href":"https:\/\/gpl-love.com\/fr\/wp-json\/wp\/v2\/media\/146470"}],"wp:attachment":[{"href":"https:\/\/gpl-love.com\/fr\/wp-json\/wp\/v2\/media?parent=119468"}],"wp:term":[{"taxonomy":"product_brand","embeddable":true,"href":"https:\/\/gpl-love.com\/fr\/wp-json\/wp\/v2\/product_brand?post=119468"},{"taxonomy":"product_cat","embeddable":true,"href":"https:\/\/gpl-love.com\/fr\/wp-json\/wp\/v2\/product_cat?post=119468"},{"taxonomy":"product_tag","embeddable":true,"href":"https:\/\/gpl-love.com\/fr\/wp-json\/wp\/v2\/product_tag?post=119468"}],"curies":[{"name":"wp","href":"https:\/\/api.w.org\/{rel}","templated":true}]}}