{"id":119466,"date":"2023-02-06T00:00:00","date_gmt":"2023-02-05T23:00:00","guid":{"rendered":"https:\/\/gpl-love.com\/fr\/produit\/divi-bodycommerce\/"},"modified":"2026-03-28T23:30:18","modified_gmt":"2026-03-28T22:30:18","slug":"divi-bodycommerce","status":"publish","type":"product","link":"https:\/\/gpl-love.com\/fr\/produit\/divi-bodycommerce\/","title":{"rendered":"Divi BodyCommerce 8.6.5"},"content":{"rendered":"<h3>Divi BodyCommerce Traits<\/h3>\n<p>Divi BodyCommerce, un plugin WordPress robuste, vous permet de construire sans effort des magasins en ligne captivants visuellement. \u00c9quip\u00e9 d&rsquo;une interface instinctive et conviviale, ce plugin vous permet d&rsquo;\u00e9tablir rapidement votre boutique et de commencer \u00e0 vendre des produits. Int\u00e9gr\u00e9 de mani\u00e8re transparente \u00e0 Divi, le premier th\u00e8me WordPress, il vous permet de cr\u00e9er des conceptions exquises et r\u00e9actives qui semblent splendides sur tous les appareils. Chaque aspect de votre magasin, allant des listes de produits et des cat\u00e9gories aux options de paiement et d&rsquo;exp\u00e9dition, peut \u00eatre m\u00e9ticuleusement personnalis\u00e9e \u00e0 votre go\u00fbt. De plus, ce plugin poss\u00e8de une gamme de fonctionnalit\u00e9s avanc\u00e9es, y compris le filtrage des produits, les variations de produits et les remises promotionnelles, qui vous permettent de fabriquer une boutique en ligne qui d\u00e9gage du professionnalisme et r\u00e9pond \u00e0 vos exigences distinctes. Avec Divi BodyCommerce, vous pouvez propulser votre entreprise de commerce \u00e9lectronique \u00e0 de nouveaux sommets, attirant sans effort une client\u00e8le plus grande et augmentant vos ventes de produits.<\/p>\n<ul>\n<li>La solution ultime de commerce \u00e9lectronique pour le th\u00e8me Divi WordPress<\/li>\n<li>Intuitivement con\u00e7u pour fonctionner de mani\u00e8re transparente avec le constructeur visuel de glisser-d\u00e9poser de Divi<\/li>\n<li>Livr\u00e9 avec une gamme de dispositions de magasins pr\u00e9-con\u00e7ues et de mod\u00e8les de produits<\/li>\n<li>Vous permet de personnaliser la conception et les fonctionnalit\u00e9s de votre magasin avec facilit\u00e9<\/li>\n<li>Offre des fonctionnalit\u00e9s avanc\u00e9es telles que les prix dynamiques, les variations de produits et la prise en charge multisite<\/li>\n<li>Prend en charge une vari\u00e9t\u00e9 de passerelles de paiement, notamment PayPal, Stripe et Authorize.net<\/li>\n<li>Comprend une documentation d\u00e9taill\u00e9e et un support client r\u00e9actif<\/li>\n<li>Parfait pour les entreprises de toutes tailles ou d\u00e9veloppeurs WordPress construisant des sites clients<\/li>\n<li>Offre une compatibilit\u00e9 avec WooCommerce, le premier plugin de commerce \u00e9lectronique pour WordPress<\/li>\n<li>Vous permet de g\u00e9rer facilement les commandes, le suivi des exp\u00e9ditions et les informations du client.<\/li>\n<\/ul>\n","protected":false},"excerpt":{"rendered":"<p>Divi BodyCommerce est un outil polyvalent et convivial con\u00e7u pour am\u00e9liorer votre site Web de commerce \u00e9lectronique. Avec ses fonctionnalit\u00e9s robustes et personnalisables, Divi BodyCommerce peut transformer votre boutique en ligne, ce qui le rend plus interactif et engageant. Il permet une int\u00e9gration transparente avec le th\u00e8me Divi, \u00e9largissant sa fonctionnalit\u00e9 pour offrir une exp\u00e9rience de magasinage sup\u00e9rieure. De plus, Divi BodyCommerce offre la flexibilit\u00e9 de la personnalisation des pages de produits, vous permettant de pr\u00e9senter vos produits de mani\u00e8re plus attrayante et plus d\u00e9taill\u00e9e. Il apporte \u00e9galement la commodit\u00e9 de g\u00e9rer et de cat\u00e9goriser facilement votre inventaire de produits. De plus, sa fonction de personnalisation de paiement assure un processus de transaction fluide et s\u00e9curis\u00e9, augmentant la confiance et la satisfaction des clients. Avec Divi BodyCommerce, vous pouvez tirer parti de la puissance de la technologie du commerce \u00e9lectronique moderne pour augmenter vos ventes en ligne et d\u00e9velopper votre entreprise.<\/p>\n","protected":false},"featured_media":143541,"comment_status":"open","ping_status":"open","template":"","meta":[],"product_brand":[2509],"product_cat":[1182,1223,1181],"product_tag":[2159],"class_list":{"0":"post-119466","1":"product","2":"type-product","3":"status-publish","4":"has-post-thumbnail","6":"product_brand-divi-engine","7":"product_cat-commerce-electronique-plugins","8":"product_cat-personnalisation-commerce-electronique-plugins","9":"product_cat-plugins","10":"product_tag-divi-engine","11":"member-discount","12":"discount-restricted","14":"first","15":"instock","16":"sale","17":"downloadable","18":"virtual","19":"sold-individually","20":"purchasable","21":"product-type-simple"},"_links":{"self":[{"href":"https:\/\/gpl-love.com\/fr\/wp-json\/wp\/v2\/product\/119466","targetHints":{"allow":["GET"]}}],"collection":[{"href":"https:\/\/gpl-love.com\/fr\/wp-json\/wp\/v2\/product"}],"about":[{"href":"https:\/\/gpl-love.com\/fr\/wp-json\/wp\/v2\/types\/product"}],"replies":[{"embeddable":true,"href":"https:\/\/gpl-love.com\/fr\/wp-json\/wp\/v2\/comments?post=119466"}],"wp:featuredmedia":[{"embeddable":true,"href":"https:\/\/gpl-love.com\/fr\/wp-json\/wp\/v2\/media\/143541"}],"wp:attachment":[{"href":"https:\/\/gpl-love.com\/fr\/wp-json\/wp\/v2\/media?parent=119466"}],"wp:term":[{"taxonomy":"product_brand","embeddable":true,"href":"https:\/\/gpl-love.com\/fr\/wp-json\/wp\/v2\/product_brand?post=119466"},{"taxonomy":"product_cat","embeddable":true,"href":"https:\/\/gpl-love.com\/fr\/wp-json\/wp\/v2\/product_cat?post=119466"},{"taxonomy":"product_tag","embeddable":true,"href":"https:\/\/gpl-love.com\/fr\/wp-json\/wp\/v2\/product_tag?post=119466"}],"curies":[{"name":"wp","href":"https:\/\/api.w.org\/{rel}","templated":true}]}}