{"id":119458,"date":"2022-04-28T00:00:00","date_gmt":"2022-04-27T22:00:00","guid":{"rendered":"https:\/\/gpl-love.com\/fr\/produit\/minimalist-wordpress-theme\/"},"modified":"2026-04-10T18:31:34","modified_gmt":"2026-04-10T16:31:34","slug":"minimalist-wordpress-theme","status":"publish","type":"product","link":"https:\/\/gpl-love.com\/fr\/produit\/minimalist-wordpress-theme\/","title":{"rendered":"Minimalist WordPress Theme 2.0.4"},"content":{"rendered":"<h3>Minimalist WordPress Theme Traits<\/h3>\n<p>Le th\u00e8me WordPress minimaliste poss\u00e8de un design sophistiqu\u00e9 et contemporain, ce qui en fait le choix id\u00e9al pour les blogueurs \u00e0 la recherche d&rsquo;un site Web rationalis\u00e9 et simple. Ce th\u00e8me pr\u00e9sente une disposition minimaliste, caract\u00e9ris\u00e9e par son esth\u00e9tique \u00e9pur\u00e9e et son abondance d&rsquo;espace blanc, garantissant ainsi que votre contenu occupe le devant de la sc\u00e8ne. Rassurez-vous, ce th\u00e8me s&rsquo;adapte sans effort \u00e0 diverses tailles d&rsquo;\u00e9cran, car sa r\u00e9activit\u00e9 et son optimisation pour les appareils mobiles garantissent une exp\u00e9rience visuelle exceptionnelle sur n&rsquo;importe quelle plate-forme. En plus de ces attributs, le th\u00e8me WordPress minimaliste propose un \u00e9ventail d&rsquo;autres fonctionnalit\u00e9s impressionnantes, y compris des widgets personnalisables, un curseur de premier plan pour pr\u00e9senter du contenu en vedette, une page de portefeuille d\u00e9di\u00e9e et de nombreuses autres fonctionnalit\u00e9s pr\u00e9cieuses qui sont s\u00fbrs d&rsquo;am\u00e9liorer votre pr\u00e9sence en ligne. Gr\u00e2ce \u00e0 ses options de personnalisation conviviales, vous avez la libert\u00e9 d&rsquo;adapter ce th\u00e8me exceptionnel au style et \u00e0 la personnalit\u00e9 distincts de votre marque, que vous soyez un blogueur qui cherche \u00e0 faire une d\u00e9claration ou un propri\u00e9taire d&rsquo;entreprise en d\u00e9sirant une repr\u00e9sentation num\u00e9rique poli et raffin\u00e9e .<\/p>\n<ul>\n<li>Design propre et \u00e9l\u00e9gant avec une approche minimaliste<\/li>\n<li>Enti\u00e8rement compatible avec WordPress -0 et Gutenberg Editor<\/li>\n<li>Options de personnalisation faciles pour l&rsquo;en-t\u00eate, le pied de page et d&rsquo;autres sections<\/li>\n<li>L\u00e9ger et \u00e0 chargement rapide pour une excellente exp\u00e9rience utilisateur<\/li>\n<li>Codage de r\u00e9f\u00e9rencement pour le classement des moteurs de recherche plus \u00e9lev\u00e9<\/li>\n<li>Disposition de facult\u00e9s<\/li>\n<li>Panneau d&rsquo;options de th\u00e8me bien document\u00e9 et adapt\u00e9 aux d\u00e9butants<\/li>\n<li>Int\u00e9gration avec des plugins WordPress populaires comme WooCommerce, Jetpack et Contact Form 7<\/li>\n<li>Mises \u00e0 jour r\u00e9guli\u00e8res et support client d\u00e9di\u00e9 au d\u00e9pannage et \u00e0 la r\u00e9solution des probl\u00e8mes<\/li>\n<\/ul>\n","protected":false},"excerpt":{"rendered":"<p>Le th\u00e8me WordPress d&rsquo;entr\u00e9e est une plate-forme extr\u00eamement con\u00e7ue et efficacement organis\u00e9e qui s&rsquo;adresse aux individus \u00e0 la recherche d&rsquo;une esth\u00e9tique simpliste et \u00e9pur\u00e9e pour leur plate-forme en ligne. Avec sa structure navigable sans effort et son interface centr\u00e9e sur l&rsquo;utilisateur, la saisie simplifie le processus de pr\u00e9sentation visuellement de votre contenu de mani\u00e8re esth\u00e9tique, sans distractions superflues. De plus, il est \u00e9quip\u00e9 d&rsquo;une pl\u00e9thore d&rsquo;options et de fonctionnalit\u00e9s personnalisables, facilitant la cr\u00e9ation d&rsquo;un site Web sophistiqu\u00e9 et raffin\u00e9 qui incarne votre style et votre marque distinctifs. Que vous vous identifiiez en tant que blogueur, propri\u00e9taire de petite entreprise, pigiste ou professionnel cr\u00e9atif, la contribution sert de choix impeccable pour \u00e9lever votre pr\u00e9sence num\u00e9rique \u00e0 des sommets sans pr\u00e9c\u00e9dent.<\/p>\n","protected":false},"featured_media":144546,"comment_status":"open","ping_status":"open","template":"","meta":[],"product_brand":[2459],"product_cat":[1242,1212,1213],"product_tag":[2274],"class_list":{"0":"post-119458","1":"product","2":"type-product","3":"status-publish","4":"has-post-thumbnail","6":"product_brand-visualmodo","7":"product_cat-creatif","8":"product_cat-themes","9":"product_cat-wordpress-themes","10":"product_tag-visualmodo","11":"member-discount","12":"discount-restricted","14":"first","15":"instock","16":"sale","17":"downloadable","18":"virtual","19":"sold-individually","20":"purchasable","21":"product-type-simple"},"_links":{"self":[{"href":"https:\/\/gpl-love.com\/fr\/wp-json\/wp\/v2\/product\/119458","targetHints":{"allow":["GET"]}}],"collection":[{"href":"https:\/\/gpl-love.com\/fr\/wp-json\/wp\/v2\/product"}],"about":[{"href":"https:\/\/gpl-love.com\/fr\/wp-json\/wp\/v2\/types\/product"}],"replies":[{"embeddable":true,"href":"https:\/\/gpl-love.com\/fr\/wp-json\/wp\/v2\/comments?post=119458"}],"wp:featuredmedia":[{"embeddable":true,"href":"https:\/\/gpl-love.com\/fr\/wp-json\/wp\/v2\/media\/144546"}],"wp:attachment":[{"href":"https:\/\/gpl-love.com\/fr\/wp-json\/wp\/v2\/media?parent=119458"}],"wp:term":[{"taxonomy":"product_brand","embeddable":true,"href":"https:\/\/gpl-love.com\/fr\/wp-json\/wp\/v2\/product_brand?post=119458"},{"taxonomy":"product_cat","embeddable":true,"href":"https:\/\/gpl-love.com\/fr\/wp-json\/wp\/v2\/product_cat?post=119458"},{"taxonomy":"product_tag","embeddable":true,"href":"https:\/\/gpl-love.com\/fr\/wp-json\/wp\/v2\/product_tag?post=119458"}],"curies":[{"name":"wp","href":"https:\/\/api.w.org\/{rel}","templated":true}]}}