{"id":119454,"date":"2022-04-28T00:00:00","date_gmt":"2022-04-27T22:00:00","guid":{"rendered":"https:\/\/gpl-love.com\/fr\/produit\/photography-wordpress-theme\/"},"modified":"2026-04-10T18:36:26","modified_gmt":"2026-04-10T16:36:26","slug":"photography-wordpress-theme","status":"publish","type":"product","link":"https:\/\/gpl-love.com\/fr\/produit\/photography-wordpress-theme\/","title":{"rendered":"Photography WordPress Theme 2.0.4"},"content":{"rendered":"<h3>Photography WordPress Theme Traits<\/h3>\n<p>Le th\u00e8me de la photographie WordPress sert de solution impeccable aux photographes qui aspirent \u00e0 \u00e9tablir un portefeuille en ligne captivant. Poss\u00e9dant un design \u00e9l\u00e9gant et contemporain, ce th\u00e8me propose sans effort une gamme de fonctionnalit\u00e9s qui facilitent l&rsquo;affichage sans effort et professionnel de vos chefs-d&rsquo;\u0153uvre photographiques. Allant des dispositions personnalisables aux sch\u00e9mas de couleurs personnalisables, ce th\u00e8me vous permet de fa\u00e7onner un site Web qui incarne v\u00e9ritablement votre marque et votre style artistique. De plus, le th\u00e8me englobe les galeries pr\u00e9install\u00e9es, les curseurs d&rsquo;image et l&rsquo;int\u00e9gration des m\u00e9dias sociaux pour simplifier le processus de partage de vos cr\u00e9ations artistiques avec votre public cible. De plus, les widgets et plugins conviviaux permettent de mani\u00e8re transparente l&rsquo;incorporation de fonctionnalit\u00e9s et de fonctionnalit\u00e9s suppl\u00e9mentaires dans votre site Web avec un minimum d&rsquo;effort. Que vous vous vienne \u00e0 une vaste exp\u00e9rience en tant que photographe professionnel ou que vous vous lanciez simplement dans votre voyage photographique, le th\u00e8me de la photographie WordPress fournit une plate-forme in\u00e9gal\u00e9e pour montrer votre m\u00e9tier et construire une formidable pr\u00e9sence en ligne.<\/p>\n<ul>\n<li>Conception enti\u00e8rement r\u00e9active qui a fi\u00e8re allure sur tous les appareils<\/li>\n<li>Design professionnel de haute qualit\u00e9 qui met l&rsquo;accent sur votre photographie<\/li>\n<li>Les options de personnalisation int\u00e9gr\u00e9es facilitent l&rsquo;adaptation du th\u00e8me de vos besoins<\/li>\n<li>Interface simple et intuitive pour une navigation et une gestion faciles de votre contenu<\/li>\n<li>Fonctionnalit\u00e9s avanc\u00e9es pour l&rsquo;optimisation des moteurs de recherche pour aider \u00e0 g\u00e9n\u00e9rer le trafic vers votre site<\/li>\n<li>Compatibilit\u00e9 avec des plugins tiers pour am\u00e9liorer la fonctionnalit\u00e9 de votre site<\/li>\n<li>\u00c9quipe de support d\u00e9di\u00e9e pour vous aider \u00e0 r\u00e9soudre les probl\u00e8mes ou \u00e0 r\u00e9pondre \u00e0 vos questions<\/li>\n<li>Mises \u00e0 jour r\u00e9guli\u00e8res pour vous assurer que votre site reste \u00e0 jour avec les derni\u00e8res normes Web et tendances<\/li>\n<li>Une gamme de mod\u00e8les de page pr\u00e9d\u00e9finis pour vous aider \u00e0 d\u00e9marrer rapidement<\/li>\n<li>Int\u00e9gration facile avec les plateformes de m\u00e9dias sociaux populaires pour vous aider \u00e0 d\u00e9velopper votre pr\u00e9sence en ligne.<\/li>\n<\/ul>\n","protected":false},"excerpt":{"rendered":"<p>La contribution est un th\u00e8me WordPress de pointe et multiforme qui a \u00e9t\u00e9 m\u00e9ticuleusement con\u00e7u pour r\u00e9pondre sp\u00e9cifiquement aux photographes et aux artistes visuels qui aspirent \u00e0 exposer leurs efforts artistiques sur la vaste toile d&rsquo;Internet. B\u00e9n\u00e9ficiant d&rsquo;une disposition visuellement attrayante et tr\u00e8s adaptable, les entr\u00e9es vous permet de fa\u00e7onner des galeries et des portefeuilles impressionnants qui captiveront et saisiront incontestablement votre public exigeant. De plus, ce th\u00e8me d&rsquo;avant-garde offre un assortiment de mod\u00e8les personnalisables \u00e0 votre disposition, englobant une myriade de mod\u00e8les de page d&rsquo;accueil, des dispositions de blog et un \u00e9ventail d&rsquo;options de portefeuille distinctes qui sont certain d&rsquo;\u00e9lever la pr\u00e9sentation de vos prouesses cr\u00e9atives \u00e0 des hauteurs in\u00e9gal\u00e9es. En plus de sa polyvalence in\u00e9gal\u00e9e, les entr\u00e9es ont \u00e9galement \u00e9t\u00e9 m\u00e9ticuleusement con\u00e7ues et optimis\u00e9es pour l&rsquo;optimisation de la vitesse et des moteurs de recherche (SEO), garantissant ainsi que votre site Web conna\u00eetra des performances in\u00e9gal\u00e9es dans le classement des moteurs de recherche et le chargement rapide du contenu pour vos visiteurs estim\u00e9s. Que vous vous identifiiez comme un photographe professionnel accompli, un amateur passionn\u00e9 ou m\u00eame une agence de cr\u00e9ation qui aspire \u00e0 pr\u00e9senter son travail imaginatif, la saisie est sans \u00e9quivoque comme le th\u00e8me WordPress par excellence qui non seulement r\u00e9volutionnera mais maximisera \u00e9galement l&rsquo;exposition de vos cr\u00e9ations artistiques .<\/p>\n","protected":false},"featured_media":144972,"comment_status":"open","ping_status":"open","template":"","meta":[],"product_brand":[2459],"product_cat":[1242,1212,1213],"product_tag":[2274],"class_list":{"0":"post-119454","1":"product","2":"type-product","3":"status-publish","4":"has-post-thumbnail","6":"product_brand-visualmodo","7":"product_cat-creatif","8":"product_cat-themes","9":"product_cat-wordpress-themes","10":"product_tag-visualmodo","11":"member-discount","12":"discount-restricted","14":"first","15":"instock","16":"sale","17":"downloadable","18":"virtual","19":"sold-individually","20":"purchasable","21":"product-type-simple"},"_links":{"self":[{"href":"https:\/\/gpl-love.com\/fr\/wp-json\/wp\/v2\/product\/119454","targetHints":{"allow":["GET"]}}],"collection":[{"href":"https:\/\/gpl-love.com\/fr\/wp-json\/wp\/v2\/product"}],"about":[{"href":"https:\/\/gpl-love.com\/fr\/wp-json\/wp\/v2\/types\/product"}],"replies":[{"embeddable":true,"href":"https:\/\/gpl-love.com\/fr\/wp-json\/wp\/v2\/comments?post=119454"}],"wp:featuredmedia":[{"embeddable":true,"href":"https:\/\/gpl-love.com\/fr\/wp-json\/wp\/v2\/media\/144972"}],"wp:attachment":[{"href":"https:\/\/gpl-love.com\/fr\/wp-json\/wp\/v2\/media?parent=119454"}],"wp:term":[{"taxonomy":"product_brand","embeddable":true,"href":"https:\/\/gpl-love.com\/fr\/wp-json\/wp\/v2\/product_brand?post=119454"},{"taxonomy":"product_cat","embeddable":true,"href":"https:\/\/gpl-love.com\/fr\/wp-json\/wp\/v2\/product_cat?post=119454"},{"taxonomy":"product_tag","embeddable":true,"href":"https:\/\/gpl-love.com\/fr\/wp-json\/wp\/v2\/product_tag?post=119454"}],"curies":[{"name":"wp","href":"https:\/\/api.w.org\/{rel}","templated":true}]}}