{"id":119452,"date":"2022-04-28T00:00:00","date_gmt":"2022-04-27T22:00:00","guid":{"rendered":"https:\/\/gpl-love.com\/fr\/produit\/petshop-wordpress-theme\/"},"modified":"2026-04-10T18:36:23","modified_gmt":"2026-04-10T16:36:23","slug":"petshop-wordpress-theme","status":"publish","type":"product","link":"https:\/\/gpl-love.com\/fr\/produit\/petshop-wordpress-theme\/","title":{"rendered":"Petshop WordPress Theme 4.0.4"},"content":{"rendered":"<h3>Petshop WordPress Theme Traits<\/h3>\n<p>Le th\u00e8me WordPress de PetShop, qui est fortement recommand\u00e9 pour les propri\u00e9taires d&rsquo;animaux de compagnie cherchant \u00e0 \u00e9tablir une pr\u00e9sence en ligne pour leur entreprise, s&rsquo;av\u00e8re \u00eatre une option exceptionnelle. Ce th\u00e8me a \u00e9t\u00e9 soigneusement con\u00e7u avec une simplicit\u00e9 et une fonctionnalit\u00e9 \u00e0 l&rsquo;esprit, vous permettant ainsi de montrer sans effort votre gamme de produits et services de mani\u00e8re visuellement captivante. Ce qui distingue ce th\u00e8me, c&rsquo;est sa mise en page r\u00e9active, garantissant que votre site Web maintient des visuels de premier ordre, quel que soit l&rsquo;appareil utilis\u00e9 pour y acc\u00e9der, garantissant ainsi aux clients potentiels une exp\u00e9rience utilisateur transparente. De plus, le th\u00e8me WordPress de PetShop est \u00e9quip\u00e9 d&rsquo;une pl\u00e9thore de fonctionnalit\u00e9s louables, y compris des widgets personnalisables, une int\u00e9gration transparente avec les plateformes de m\u00e9dias sociaux et des capacit\u00e9s de commerce \u00e9lectronique compl\u00e8tes, rendant la gestion de votre boutique en ligne. Pour r\u00e9sumer, le th\u00e8me WordPress de PetShop est un outil fiable et puissant qui \u00e9l\u00e8vera sans aucun doute la pr\u00e9sence en ligne de votre animal de compagnie \u00e0 des hauteurs sans pr\u00e9c\u00e9dent.<\/p>\n<ul>\n<li>Th\u00e8me WordPress con\u00e7u par des professionnels et enti\u00e8rement personnalisable pour les entreprises li\u00e9es aux animaux<\/li>\n<li>Comprend des mod\u00e8les pr\u00e9-con\u00e7us pour les animaux domestiques, les cliniques v\u00e9t\u00e9rinaires, les toiletteurs pour animaux de compagnie et plus<\/li>\n<li>Options de personnalisation faciles \u00e0 utiliser pour personnaliser le th\u00e8me de votre marque et style sp\u00e9cifiques<\/li>\n<li>La conception enti\u00e8rement r\u00e9active et adapt\u00e9e aux mobiles garantit que votre site Web a fi\u00e8re allure sur tous les appareils<\/li>\n<li>Fonctionnalit\u00e9 de commerce \u00e9lectronique int\u00e9gr\u00e9 avec le support pour WooCommerce, vous permettant de vendre des produits et services li\u00e9s aux animaux directement \u00e0 partir de votre site Web<\/li>\n<li>Comprend des pages pr\u00e9-construites pour les \u00e9v\u00e9nements, les services, les membres de l&rsquo;\u00e9quipe et les t\u00e9moignages pour aider \u00e0 pr\u00e9senter votre entreprise<\/li>\n<li>SEO optimis\u00e9 pour aider \u00e0 am\u00e9liorer le classement des moteurs de recherche de votre site Web<\/li>\n<li>Des performances rapides et fiables pour vous assurer que votre site Web se charge rapidement et efficacement pour vos visiteurs<\/li>\n<li>Mises \u00e0 jour r\u00e9guli\u00e8res et assistance d\u00e9di\u00e9e pour vous assurer que votre site Web reste \u00e0 jour et les performances \u00e0 son meilleur.<\/li>\n<\/ul>\n","protected":false},"excerpt":{"rendered":"<p>Si vous \u00eates \u00e0 la recherche d&rsquo;une solution de site Web exceptionnelle pour votre magasin d&rsquo;animaux ou toute autre entreprise li\u00e9e \u00e0 l&rsquo;animal, le th\u00e8me WordPress de PetShop devrait \u00eatre votre choix ultime. Ce th\u00e8me fournit non seulement une interface professionnelle et conviviale, mais poss\u00e8de \u00e9galement une esth\u00e9tique moderne qui s&rsquo;aligne parfaitement sur les tendances contemporaines de conception Web. Le th\u00e8me WordPress PetShop propose une pl\u00e9thore de sch\u00e9mas de couleurs personnalisables, qui vous permet de personnaliser votre site Web pour correspondre sans effort votre identit\u00e9 de marque. De plus, ses pages faciles \u00e0 \u00e9diter et ses mod\u00e8les pr\u00e9d\u00e9finis rationalisent le processus de cr\u00e9ation d&rsquo;un site Web visuellement magnifique, ce qui en fait un jeu d&rsquo;enfant m\u00eame pour ceux qui ont une expertise technique limit\u00e9e. De plus, ce th\u00e8me offre des ic\u00f4nes de m\u00e9dias sociaux int\u00e9gr\u00e9es, des formulaires de contact et un support complet pour les fonctionnalit\u00e9s de commerce \u00e9lectronique, offrant \u00e0 votre entreprise tous les outils n\u00e9cessaires pour prosp\u00e9rer dans la sph\u00e8re en ligne. En r\u00e9sum\u00e9, le th\u00e8me WordPress de PetShop est un choix in\u00e9gal\u00e9 et polyvalent qui garantit que votre entreprise se d\u00e9marquera parmi la concurrence dans le paysage num\u00e9rique.<\/p>\n","protected":false},"featured_media":144968,"comment_status":"open","ping_status":"open","template":"","meta":[],"product_brand":[2459],"product_cat":[1242,1212,1213],"product_tag":[2274],"class_list":{"0":"post-119452","1":"product","2":"type-product","3":"status-publish","4":"has-post-thumbnail","6":"product_brand-visualmodo","7":"product_cat-creatif","8":"product_cat-themes","9":"product_cat-wordpress-themes","10":"product_tag-visualmodo","11":"member-discount","12":"discount-restricted","14":"first","15":"instock","16":"sale","17":"downloadable","18":"virtual","19":"sold-individually","20":"purchasable","21":"product-type-simple"},"_links":{"self":[{"href":"https:\/\/gpl-love.com\/fr\/wp-json\/wp\/v2\/product\/119452","targetHints":{"allow":["GET"]}}],"collection":[{"href":"https:\/\/gpl-love.com\/fr\/wp-json\/wp\/v2\/product"}],"about":[{"href":"https:\/\/gpl-love.com\/fr\/wp-json\/wp\/v2\/types\/product"}],"replies":[{"embeddable":true,"href":"https:\/\/gpl-love.com\/fr\/wp-json\/wp\/v2\/comments?post=119452"}],"wp:featuredmedia":[{"embeddable":true,"href":"https:\/\/gpl-love.com\/fr\/wp-json\/wp\/v2\/media\/144968"}],"wp:attachment":[{"href":"https:\/\/gpl-love.com\/fr\/wp-json\/wp\/v2\/media?parent=119452"}],"wp:term":[{"taxonomy":"product_brand","embeddable":true,"href":"https:\/\/gpl-love.com\/fr\/wp-json\/wp\/v2\/product_brand?post=119452"},{"taxonomy":"product_cat","embeddable":true,"href":"https:\/\/gpl-love.com\/fr\/wp-json\/wp\/v2\/product_cat?post=119452"},{"taxonomy":"product_tag","embeddable":true,"href":"https:\/\/gpl-love.com\/fr\/wp-json\/wp\/v2\/product_tag?post=119452"}],"curies":[{"name":"wp","href":"https:\/\/api.w.org\/{rel}","templated":true}]}}