{"id":119446,"date":"2022-04-28T00:00:00","date_gmt":"2022-04-27T22:00:00","guid":{"rendered":"https:\/\/gpl-love.com\/fr\/produit\/dark-wordpress-theme\/"},"modified":"2026-03-20T23:00:24","modified_gmt":"2026-03-20T22:00:24","slug":"dark-wordpress-theme","status":"publish","type":"product","link":"https:\/\/gpl-love.com\/fr\/produit\/dark-wordpress-theme\/","title":{"rendered":"Dark WordPress Theme 4.0.4"},"content":{"rendered":"<h3>Dark WordPress Theme Traits<\/h3>\n<p>Le th\u00e8me Dark WordPress, offrant une esth\u00e9tique \u00e9l\u00e9gante et moderne, est sur mesure pour des sites Web \u00e0 la recherche d&rsquo;une ambiance minimaliste et \u00e9nerv\u00e9e. Distingu\u00e9 par sa palette de couleurs sombres, ce th\u00e8me d\u00e9gage une allure distinctive et \u00e0 la mode. De plus, il offre une vaste gamme d&rsquo;options de personnalisation, y compris la typographie, les dispositions et les couleurs, pour r\u00e9pondre aux pr\u00e9f\u00e9rences uniques de ses utilisateurs. Non seulement le th\u00e8me Dark WordPress priorise le style, mais il met \u00e9galement l&rsquo;accent sur la vitesse et les performances, garantissant que votre site Web se charge rapidement et efficacement. De plus, sa conception r\u00e9active garantit qu&rsquo;elle se traduit parfaitement dans tous les appareils, ce qui le rend un choix id\u00e9al pour les entreprises, les blogueurs et les cr\u00e9atifs, d\u00e9sireux de pr\u00e9senter leurs efforts cr\u00e9atifs. En r\u00e9sum\u00e9, le th\u00e8me Dark WordPress appara\u00eet comme une s\u00e9lection exceptionnelle pour ceux qui aspirent \u00e0 une conception audacieuse et contemporaine.<\/p>\n<ul>\n<li>Design \u00e9l\u00e9gant et moderne avec une palette de couleurs sombres<\/li>\n<li>Compatible avec la derni\u00e8re version de WordPress<\/li>\n<li>Options de personnalisation int\u00e9gr\u00e9es pour les polices, les couleurs et les dispositions<\/li>\n<li>Conception enti\u00e8rement r\u00e9active pour une visualisation optimale sur tous les appareils<\/li>\n<li>Compatible avec les plugins WordPress populaires pour des fonctionnalit\u00e9s ajout\u00e9es<\/li>\n<li>Facile \u00e0 installer et \u00e0 personnaliser avec un panneau d&rsquo;administration intuitif<\/li>\n<li>Comprend divers mod\u00e8les de pages et widgets pour une cr\u00e9ation de contenu facile<\/li>\n<li>Optimisation de SEO int\u00e9gr\u00e9e pour am\u00e9liorer le classement des moteurs de recherche<\/li>\n<li>Mises \u00e0 jour r\u00e9guli\u00e8res et support pour les am\u00e9liorations continues de la compatibilit\u00e9 et des fonctionnalit\u00e9s<\/li>\n<li>Id\u00e9al pour les photographes, les artistes et autres cr\u00e9atifs \u00e0 la recherche d&rsquo;une pr\u00e9sence en ligne de mauvaise humeur et \u00e9l\u00e9gante.<\/li>\n<\/ul>\n","protected":false},"excerpt":{"rendered":"<p>Pr\u00e9sentation de notre th\u00e8me WordPress sombre, une interpr\u00e9tation \u00e9l\u00e9gante et moderne du design num\u00e9rique. Ce th\u00e8me est parfait pour ceux qui cherchent \u00e0 cr\u00e9er un site Web professionnel et visuellement saisissant. Son esth\u00e9tique sombre est \u00e0 la fois \u00e9l\u00e9gante et intemporelle, ajoutant un air de sophistication \u00e0 votre pr\u00e9sence num\u00e9rique. Ce th\u00e8me WordPress est enti\u00e8rement r\u00e9actif, garantissant que votre site Web sera magnifique sur n&rsquo;importe quel appareil. Avec son interface conviviale, la personnalisation de votre site Web est plus facile que jamais. Parmi ses nombreuses fonctionnalit\u00e9s, le th\u00e8me Dark WordPress comprend l&rsquo;int\u00e9gration des m\u00e9dias sociaux, l&rsquo;am\u00e9lioration de la connectivit\u00e9 et de la port\u00e9e de votre site Web. Le th\u00e8me est \u00e9galement convivial, contribuant \u00e0 stimuler la visibilit\u00e9 de votre site sur les moteurs de recherche. Que vous soyez blogueur, propri\u00e9taire d&rsquo;entreprise ou concepteur de sites Web, notre th\u00e8me Dark WordPress est la solution moderne et chic que vous recherchiez.<\/p>\n","protected":false},"featured_media":143510,"comment_status":"open","ping_status":"open","template":"","meta":[],"product_brand":[2459],"product_cat":[1242,1212,1213],"product_tag":[2274],"class_list":{"0":"post-119446","1":"product","2":"type-product","3":"status-publish","4":"has-post-thumbnail","6":"product_brand-visualmodo","7":"product_cat-creatif","8":"product_cat-themes","9":"product_cat-wordpress-themes","10":"product_tag-visualmodo","11":"member-discount","12":"discount-restricted","14":"first","15":"instock","16":"sale","17":"downloadable","18":"virtual","19":"sold-individually","20":"purchasable","21":"product-type-simple"},"_links":{"self":[{"href":"https:\/\/gpl-love.com\/fr\/wp-json\/wp\/v2\/product\/119446","targetHints":{"allow":["GET"]}}],"collection":[{"href":"https:\/\/gpl-love.com\/fr\/wp-json\/wp\/v2\/product"}],"about":[{"href":"https:\/\/gpl-love.com\/fr\/wp-json\/wp\/v2\/types\/product"}],"replies":[{"embeddable":true,"href":"https:\/\/gpl-love.com\/fr\/wp-json\/wp\/v2\/comments?post=119446"}],"wp:featuredmedia":[{"embeddable":true,"href":"https:\/\/gpl-love.com\/fr\/wp-json\/wp\/v2\/media\/143510"}],"wp:attachment":[{"href":"https:\/\/gpl-love.com\/fr\/wp-json\/wp\/v2\/media?parent=119446"}],"wp:term":[{"taxonomy":"product_brand","embeddable":true,"href":"https:\/\/gpl-love.com\/fr\/wp-json\/wp\/v2\/product_brand?post=119446"},{"taxonomy":"product_cat","embeddable":true,"href":"https:\/\/gpl-love.com\/fr\/wp-json\/wp\/v2\/product_cat?post=119446"},{"taxonomy":"product_tag","embeddable":true,"href":"https:\/\/gpl-love.com\/fr\/wp-json\/wp\/v2\/product_tag?post=119446"}],"curies":[{"name":"wp","href":"https:\/\/api.w.org\/{rel}","templated":true}]}}