{"id":119440,"date":"2022-04-29T00:00:00","date_gmt":"2022-04-28T22:00:00","guid":{"rendered":"https:\/\/gpl-love.com\/fr\/produit\/cafe-wordpress-theme\/"},"modified":"2026-03-20T22:57:52","modified_gmt":"2026-03-20T21:57:52","slug":"cafe-wordpress-theme","status":"publish","type":"product","link":"https:\/\/gpl-love.com\/fr\/produit\/cafe-wordpress-theme\/","title":{"rendered":"Cafe WordPress Theme 4.0.4"},"content":{"rendered":"<h3>Cafe WordPress Theme Traits<\/h3>\n<p>Le th\u00e8me WordPress du caf\u00e9, un th\u00e8me WordPress de haute qualit\u00e9, a \u00e9t\u00e9 m\u00e9ticuleusement con\u00e7u pour r\u00e9pondre sp\u00e9cifiquement aux caf\u00e9s, aux caf\u00e9s et aux restaurants. Son design esth\u00e9tique et contemporain est tenu de captiver l&rsquo;attention de vos visiteurs estim\u00e9s. Le th\u00e8me poss\u00e8de une disposition r\u00e9active qui s&rsquo;adapte parfaitement \u00e0 n&rsquo;importe quel appareil, garantissant une exp\u00e9rience utilisateur transparente. De plus, il offre une pl\u00e9thore d&rsquo;options de personnalisation, vous permettant de donner \u00e0 votre site Web une touche d&rsquo;unicit\u00e9. De plus, ce th\u00e8me va au-del\u00e0 en incorporant un syst\u00e8me de r\u00e9servation int\u00e9gr\u00e9 et un outil de gestion de menu efficace, permettant une gestion sans effort de l&rsquo;identit\u00e9 en ligne de votre restaurant. Avec son interface conviviale et sa documentation compl\u00e8te, le th\u00e8me Cafe WordPress appara\u00eet comme la solution par excellence pour tout propri\u00e9taire de restaurant exigeant souhaitant \u00e9tablir une pr\u00e9sence en ligne poli et captivante.<\/p>\n<ul>\n<li>Design propre et moderne pour un look professionnel et accueillant<\/li>\n<li>Enti\u00e8rement r\u00e9actif et adapt\u00e9 aux mobiles pour vous assurer que votre site Web a fi\u00e8re allure sur n&rsquo;importe quel appareil<\/li>\n<li>Sch\u00e9mas de couleurs personnalisables et polices pour correspondre \u00e0 votre marque<\/li>\n<li>Facteur de page d&rsquo;accueil de glisser-d\u00e9poser et de d\u00e9poser pour une disposition personnalis\u00e9e<\/li>\n<li>Menu et fonctionnalit\u00e9 de r\u00e9servation pour permettre aux clients de naviguer facilement et de r\u00e9server une table<\/li>\n<li>Int\u00e9gration WooCommerce pour la commande et le traitement des paiements faciles en ligne<\/li>\n<li>Int\u00e9gration Google Maps pour faciliter la recherche de votre emplacement<\/li>\n<li>L&rsquo;int\u00e9gration des m\u00e9dias sociaux pour permettre aux clients de partager et de s&rsquo;engager facilement avec votre contenu<\/li>\n<li>Pr\u00e9par\u00e9 pour la traduction pour atteindre un public plus large<\/li>\n<li>Mises \u00e0 jour et assistance r\u00e9guli\u00e8res pour vous assurer que votre site Web reste \u00e0 jour et fonctionne bien.<\/li>\n<\/ul>\n","protected":false},"excerpt":{"rendered":"<p>Lib\u00e9rez le plein potentiel de votre entreprise de caf\u00e9 avec notre th\u00e8me Cafe WordPress. Con\u00e7u sp\u00e9cifiquement pour les caf\u00e9s, les bistros et les caf\u00e9s, ce th\u00e8me WordPress est le compagnon num\u00e9rique parfait pour votre entreprise. Avec sa conception r\u00e9active, votre site Web sera \u00e9tonnant sur n&rsquo;importe quel appareil, offrant une excellente exp\u00e9rience utilisateur \u00e0 vos clients. Le th\u00e8me est livr\u00e9 avec un syst\u00e8me de gestion de menu int\u00e9gr\u00e9, vous permettant de pr\u00e9senter facilement votre s\u00e9lection de caf\u00e9 et vos offres de nourriture. Il prend \u00e9galement en charge les plugins de r\u00e9servation en ligne, ce qui permet \u00e0 vos clients de r\u00e9server une table. Les puissants outils de r\u00e9f\u00e9rencement du th\u00e8me garantissent que votre entreprise se d\u00e9marque dans les r\u00e9sultats des moteurs de recherche, g\u00e9n\u00e9rant plus de trafic vers votre site. Avec son interface intuitive et facile \u00e0 utiliser, vous n&rsquo;avez pas besoin d&rsquo;\u00eatre un assistant technologique pour g\u00e9rer votre site Web. Essayez notre th\u00e8me Cafe WordPress maintenant et pr\u00e9parez-vous \u00e0 votre entreprise.<\/p>\n","protected":false},"featured_media":143345,"comment_status":"open","ping_status":"open","template":"","meta":[],"product_brand":[2459],"product_cat":[1242,1212,1213],"product_tag":[2274],"class_list":{"0":"post-119440","1":"product","2":"type-product","3":"status-publish","4":"has-post-thumbnail","6":"product_brand-visualmodo","7":"product_cat-creatif","8":"product_cat-themes","9":"product_cat-wordpress-themes","10":"product_tag-visualmodo","11":"member-discount","12":"discount-restricted","14":"first","15":"instock","16":"sale","17":"downloadable","18":"virtual","19":"sold-individually","20":"purchasable","21":"product-type-simple"},"_links":{"self":[{"href":"https:\/\/gpl-love.com\/fr\/wp-json\/wp\/v2\/product\/119440","targetHints":{"allow":["GET"]}}],"collection":[{"href":"https:\/\/gpl-love.com\/fr\/wp-json\/wp\/v2\/product"}],"about":[{"href":"https:\/\/gpl-love.com\/fr\/wp-json\/wp\/v2\/types\/product"}],"replies":[{"embeddable":true,"href":"https:\/\/gpl-love.com\/fr\/wp-json\/wp\/v2\/comments?post=119440"}],"wp:featuredmedia":[{"embeddable":true,"href":"https:\/\/gpl-love.com\/fr\/wp-json\/wp\/v2\/media\/143345"}],"wp:attachment":[{"href":"https:\/\/gpl-love.com\/fr\/wp-json\/wp\/v2\/media?parent=119440"}],"wp:term":[{"taxonomy":"product_brand","embeddable":true,"href":"https:\/\/gpl-love.com\/fr\/wp-json\/wp\/v2\/product_brand?post=119440"},{"taxonomy":"product_cat","embeddable":true,"href":"https:\/\/gpl-love.com\/fr\/wp-json\/wp\/v2\/product_cat?post=119440"},{"taxonomy":"product_tag","embeddable":true,"href":"https:\/\/gpl-love.com\/fr\/wp-json\/wp\/v2\/product_tag?post=119440"}],"curies":[{"name":"wp","href":"https:\/\/api.w.org\/{rel}","templated":true}]}}