{"id":119438,"date":"2025-11-10T00:00:00","date_gmt":"2025-11-09T23:00:00","guid":{"rendered":"https:\/\/gpl-love.com\/fr\/produit\/santapress-wordpress-advent-calendar-plugin-et-quiz\/"},"modified":"2026-03-20T23:34:31","modified_gmt":"2026-03-20T22:34:31","slug":"santapress-wordpress-advent-calendar-plugin-et-quiz","status":"publish","type":"product","link":"https:\/\/gpl-love.com\/fr\/produit\/santapress-wordpress-advent-calendar-plugin-et-quiz\/","title":{"rendered":"SantaPress 1.8.0"},"content":{"rendered":"<h3>SantaPress Traits<\/h3>\n<p>Le plugin et le quiz du calendrier de l&rsquo;Avent Santapress WordPress am\u00e8ne une formidable et puissante capacit\u00e9 \u00e0 infuser votre site Web avec la gaiet\u00e9 et la f\u00eate pendant la saison des yuletides. Ce plugin exceptionnellement robuste vous permet de fa\u00e7onner un calendrier de l&rsquo;Avent qui permet aux visiteurs de d\u00e9voiler un nouveau portail chaque jour, d\u00e9nicher ainsi une proposition, une marque ou une communication exclusif. De plus, ce plugin s&rsquo;accompagne d&rsquo;une fonction de quiz qui vous accorde la possibilit\u00e9 de concocter des quiz interactifs pour vos visiteurs estim\u00e9s, augmentant ainsi le niveau d&rsquo;engagement et de plaisir pendant cette saison des f\u00eates ch\u00e9ries. En exploitant le plugin et le quiz du calendrier de l&rsquo;Avent WordPress Santapress, vous pouvez con dans une exp\u00e9rience de vacances sur mesure et interactive pour vos visiteurs estim\u00e9s, permettant ainsi \u00e0 votre site Web de rayonner une aura d&rsquo;\u00e9minence distincte pendant cette p\u00e9riode exceptionnelle de l&rsquo;ann\u00e9e.<\/p>\n<ul>\n<li>Plugin de calendrier de l&rsquo;Avent personnalisable et enti\u00e8rement r\u00e9actif pour les sites Web WordPress<\/li>\n<li>Comprend 24 portes \u00e0 ouvrir les utilisateurs chaque jour avant No\u00ebl<\/li>\n<li>Peut \u00eatre utilis\u00e9 pour pr\u00e9senter des produits, des promotions ou du contenu<\/li>\n<li>Propose une fonctionnalit\u00e9 de quiz pour les utilisateurs pour s&rsquo;engager avec<\/li>\n<li>Option pour inclure des prix ou des r\u00e9ductions pour les r\u00e9ponses de quiz correctes<\/li>\n<li>Facile \u00e0 installer et \u00e0 configurer, aucune connaissance de codage requise<\/li>\n<li>Compatible avec la plupart des th\u00e8mes et plugins WordPress<\/li>\n<li>Prend en charge plusieurs langues<\/li>\n<li>Fournit des analyses d\u00e9taill\u00e9es sur l&rsquo;interaction des utilisateurs et les r\u00e9sultats du quiz<\/li>\n<li>Offre un support client d\u00e9di\u00e9 et des mises \u00e0 jour r\u00e9guli\u00e8res pour garantir des performances optimales.<\/li>\n<\/ul>\n","protected":false},"excerpt":{"rendered":"<p>Le plugin et quiz du calendrier de l&rsquo;Avent WordPress Santapress est un plugin complet et tr\u00e8s appropri\u00e9 sp\u00e9cialement con\u00e7u pour les sites Web WordPress pendant la saison des f\u00eates. Ses fonctionnalit\u00e9s s&rsquo;\u00e9tendent au-del\u00e0 d&rsquo;un calendrier de base de l&rsquo;Avent, car il permet la cr\u00e9ation transparente d&rsquo;un calendrier de l&rsquo;Avent engageant et interactif pour votre public. Ce plugin remarquable comprend des quiz quotidiens et des activit\u00e9s agr\u00e9ables pour captiver davantage vos utilisateurs tout au long de la p\u00e9riode festive. Sa polyvalence offre d&rsquo;\u00e9normes options de personnalisation, vous permettant d&rsquo;adapter le plugin en fonction des besoins et des pr\u00e9f\u00e9rences uniques de votre site Web. L&rsquo;installation et la configuration sont sans effort, garantissant un investissement de temps minimal. En incorporant ce plugin exceptionnel dans votre site Web, vous insufflerez sans aucun doute un esprit d\u00e9licieux et joyeux dans votre plateforme en ligne.<\/p>\n","protected":false},"featured_media":145161,"comment_status":"open","ping_status":"open","template":"","meta":[],"product_brand":[2435],"product_cat":[1189,1181,1186],"product_tag":[1231],"class_list":{"0":"post-119438","1":"product","2":"type-product","3":"status-publish","4":"has-post-thumbnail","6":"product_brand-codecanyon","7":"product_cat-personnalisation","8":"product_cat-plugins","9":"product_cat-wordpress-plugins","10":"product_tag-codecanyon","11":"member-discount","12":"discount-restricted","14":"first","15":"instock","16":"sale","17":"downloadable","18":"virtual","19":"sold-individually","20":"purchasable","21":"product-type-simple"},"_links":{"self":[{"href":"https:\/\/gpl-love.com\/fr\/wp-json\/wp\/v2\/product\/119438","targetHints":{"allow":["GET"]}}],"collection":[{"href":"https:\/\/gpl-love.com\/fr\/wp-json\/wp\/v2\/product"}],"about":[{"href":"https:\/\/gpl-love.com\/fr\/wp-json\/wp\/v2\/types\/product"}],"replies":[{"embeddable":true,"href":"https:\/\/gpl-love.com\/fr\/wp-json\/wp\/v2\/comments?post=119438"}],"wp:featuredmedia":[{"embeddable":true,"href":"https:\/\/gpl-love.com\/fr\/wp-json\/wp\/v2\/media\/145161"}],"wp:attachment":[{"href":"https:\/\/gpl-love.com\/fr\/wp-json\/wp\/v2\/media?parent=119438"}],"wp:term":[{"taxonomy":"product_brand","embeddable":true,"href":"https:\/\/gpl-love.com\/fr\/wp-json\/wp\/v2\/product_brand?post=119438"},{"taxonomy":"product_cat","embeddable":true,"href":"https:\/\/gpl-love.com\/fr\/wp-json\/wp\/v2\/product_cat?post=119438"},{"taxonomy":"product_tag","embeddable":true,"href":"https:\/\/gpl-love.com\/fr\/wp-json\/wp\/v2\/product_tag?post=119438"}],"curies":[{"name":"wp","href":"https:\/\/api.w.org\/{rel}","templated":true}]}}