{"id":119434,"date":"2024-12-07T00:00:00","date_gmt":"2024-12-06T23:00:00","guid":{"rendered":"https:\/\/gpl-love.com\/fr\/produit\/themify-woocommerce-shopdock\/"},"modified":"2026-04-10T18:43:13","modified_gmt":"2026-04-10T16:43:13","slug":"themify-woocommerce-shopdock","status":"publish","type":"product","link":"https:\/\/gpl-love.com\/fr\/produit\/themify-woocommerce-shopdock\/","title":{"rendered":"Themify Shopdock Theme 7.5.7"},"content":{"rendered":"<h3>Themify Shopdock Theme Traits<\/h3>\n<p>Le th\u00e8me de The ShopDock The Thify, un th\u00e8me WordPress extr\u00eamement moderne et polyvalent, est sur mesure pour la cr\u00e9ation de magasins en ligne impressionnants. Sa conception propre et minimaliste garantit une exp\u00e9rience d&rsquo;achat sans faille sans effort pour les clients, ce qui leur permet de parcourir et d&rsquo;explorer sans effort votre gamme de produits \u00e9tendue. Ce th\u00e8me offre un degr\u00e9 \u00e9lev\u00e9 de personnalisation, vous permettant de r\u00e9gler m\u00e9ticuleusement la disposition, la palette de couleurs et la typographie pour s&rsquo;aligner impeccablement avec votre marque. En outre, il poss\u00e8de une responsabilit\u00e9 mobile, garantissant que votre magasin en ligne estim\u00e9 maintient sa splendeur visuelle sur tous les appareils. L&rsquo;int\u00e9gration WooCommerce int\u00e9gr\u00e9e fournit sans effort toutes les fonctionnalit\u00e9s indispensables du commerce \u00e9lectronique, simplifiant la gestion efficace de l&rsquo;inventaire, des commandes et des exp\u00e9ditions de votre boutique en ligne. En exploitant la puissance incomparable du th\u00e8me de The Thify Shopdock, vous pouvez \u00e9tablir sans effort une boutique en ligne professionnelle et conviviale qui facilitera sans aucun doute la croissance exponentielle de votre entreprise estim\u00e9e.<\/p>\n<ul>\n<li>Design moderne et minimaliste<\/li>\n<li>Enti\u00e8rement personnalisable avec une interface glisser-d\u00e9poser<\/li>\n<li>Int\u00e9gration WooCommerce pour la configuration de la boutique en ligne facile<\/li>\n<li>Conception r\u00e9active pour une visualisation optimale sur n&rsquo;importe quel appareil<\/li>\n<li>Caract\u00e9ristiques de comparaison de la liste de souhaits int\u00e9gr\u00e9es et des produits<\/li>\n<li>Multiples options de page d&rsquo;accueil et d&rsquo;en-t\u00eate<\/li>\n<li>Typographie int\u00e9gr\u00e9e et options de couleurs<\/li>\n<li>SEO optimis\u00e9 pour le classement des moteurs de recherche plus \u00e9lev\u00e9<\/li>\n<li>Mises \u00e0 jour r\u00e9guli\u00e8res et soutien de l&rsquo;\u00e9quipe The Th\u00e9ify<\/li>\n<li>Capacit\u00e9 \u00e0 ajouter plusieurs images et critiques de produits<\/li>\n<li>Int\u00e9gration avec des passerelles de paiement populaires comme PayPal et Stripe.<\/li>\n<\/ul>\n","protected":false},"excerpt":{"rendered":"<p>Le th\u00e8me de The Shopdock The Shopdock, un th\u00e8me WordPress exemplaire sp\u00e9cialement adapt\u00e9 aux sites Web de commerce \u00e9lectronique, est une incarnation de la modernit\u00e9 et de la polyvalence. Avec sa conception enti\u00e8rement personnalisable, les utilisateurs ont la possibilit\u00e9 de fa\u00e7onner sans effort leur site Web pour refl\u00e9ter leur marque unique et leurs choix esth\u00e9tiques. Un facteur de contribution significatif \u00e0 son interface conviviale est l&rsquo;inclusion d&rsquo;un constructeur de pages \u00e0 glisser-d\u00e9poser, ce qui permet aux utilisateurs la possibilit\u00e9 d&rsquo;organiser et d&rsquo;organiser sans effort leur contenu. En outre, le th\u00e8me offre une vaste gamme d&rsquo;options, avec plus de 10 d\u00e9mos pr\u00e9-con\u00e7ues pour les utilisateurs parmi lesquels choisir, s&rsquo;assurant qu&rsquo;ils trouvent une disposition qui s&rsquo;aligne parfaitement sur leur vision.<\/p>\n","protected":false},"featured_media":145562,"comment_status":"open","ping_status":"open","template":"","meta":[],"product_brand":[2674],"product_cat":[1238,1444,1212],"product_tag":[1375],"class_list":{"0":"post-119434","1":"product","2":"type-product","3":"status-publish","4":"has-post-thumbnail","6":"product_brand-themify","7":"product_cat-commerce-electronique-themes","8":"product_cat-creatif-commerce-electronique-themes","9":"product_cat-themes","10":"product_tag-themify","11":"member-discount","12":"discount-restricted","14":"first","15":"instock","16":"sale","17":"downloadable","18":"virtual","19":"sold-individually","20":"purchasable","21":"product-type-simple"},"_links":{"self":[{"href":"https:\/\/gpl-love.com\/fr\/wp-json\/wp\/v2\/product\/119434","targetHints":{"allow":["GET"]}}],"collection":[{"href":"https:\/\/gpl-love.com\/fr\/wp-json\/wp\/v2\/product"}],"about":[{"href":"https:\/\/gpl-love.com\/fr\/wp-json\/wp\/v2\/types\/product"}],"replies":[{"embeddable":true,"href":"https:\/\/gpl-love.com\/fr\/wp-json\/wp\/v2\/comments?post=119434"}],"wp:featuredmedia":[{"embeddable":true,"href":"https:\/\/gpl-love.com\/fr\/wp-json\/wp\/v2\/media\/145562"}],"wp:attachment":[{"href":"https:\/\/gpl-love.com\/fr\/wp-json\/wp\/v2\/media?parent=119434"}],"wp:term":[{"taxonomy":"product_brand","embeddable":true,"href":"https:\/\/gpl-love.com\/fr\/wp-json\/wp\/v2\/product_brand?post=119434"},{"taxonomy":"product_cat","embeddable":true,"href":"https:\/\/gpl-love.com\/fr\/wp-json\/wp\/v2\/product_cat?post=119434"},{"taxonomy":"product_tag","embeddable":true,"href":"https:\/\/gpl-love.com\/fr\/wp-json\/wp\/v2\/product_tag?post=119434"}],"curies":[{"name":"wp","href":"https:\/\/api.w.org\/{rel}","templated":true}]}}