{"id":119405,"date":"2024-03-06T00:00:00","date_gmt":"2024-03-05T23:00:00","guid":{"rendered":"https:\/\/gpl-love.com\/fr\/produit\/gamipress-easy-digital-downloads-points-gateway\/"},"modified":"2026-03-20T23:15:54","modified_gmt":"2026-03-20T22:15:54","slug":"gamipress-easy-digital-downloads-points-gateway","status":"publish","type":"product","link":"https:\/\/gpl-love.com\/fr\/produit\/gamipress-easy-digital-downloads-points-gateway\/","title":{"rendered":"GamiPress Easy Digital Downloads Points Gateway 1.1.2"},"content":{"rendered":"<h3>GamiPress Easy Digital Downloads Points Gateway Traits<\/h3>\n<p>La Gamipress Easy Digital Downloads Points Gateway est un outil incroyablement efficace et extr\u00eamement convivial qui vous offre la possibilit\u00e9 d&rsquo;\u00e9tablir un syst\u00e8me de r\u00e9compense tr\u00e8s efficace et attrayant pour votre magasin de t\u00e9l\u00e9chargements num\u00e9riques Easy Digital. En utilisant cette passerelle remarquable, vous pouvez g\u00e9n\u00e9rer sans effort un syst\u00e8me remarquable bas\u00e9 sur des points qui sert \u00e0 motiver \u00e9norm\u00e9ment vos clients estim\u00e9s \u00e0 s&rsquo;engager dans des achats et \u00e0 accumuler par la suite une quantit\u00e9 consid\u00e9rable de points qu&rsquo;ils peuvent par la suite \u00e9changer en \u00e9change de remises inestimables ou d&rsquo;autres personnes incitations extr\u00eamement s\u00e9duisantes. Il est \u00e9galement crucial de noter que cette passerelle inestimable peut \u00eatre adapt\u00e9e et m\u00e9ticuleusement personnalis\u00e9e pour s&rsquo;aligner impeccablement avec vos exigences sp\u00e9cifiques et uniques, vous permettant ainsi d&rsquo;\u00e9tablir m\u00e9ticuleusement des valeurs ponctuelles, de r\u00e8gles de r\u00e9compense et un assortiment d&rsquo;autres variables primordiales. De plus, compte tenu de son interface utilisateur remarquablement intuitive et de son int\u00e9gration remarquablement transparente avec la plate-forme de t\u00e9l\u00e9chargements num\u00e9riques Easy Digital tr\u00e8s appr\u00e9ci\u00e9e, il devient manifestement clair que la passerelle de points Gamipress est la solution incontestablement parfaite pour les entreprises \u00e0 des niveaux de succ\u00e8s et de pro\u00e9minence sans pr\u00e9c\u00e9dent.<\/p>\n<ul>\n<li>Un plugin qui permet aux utilisateurs de gagner et de d\u00e9penser des points gr\u00e2ce \u00e0 des t\u00e9l\u00e9chargements num\u00e9riques faciles<\/li>\n<li>S&rsquo;int\u00e8gre facilement \u00e0 Gamipress, un plugin de gamification populaire pour WordPress<\/li>\n<li>Offre une exp\u00e9rience utilisateur sans couture, avec des mises \u00e0 jour des points automatiques et des notifications en temps r\u00e9el<\/li>\n<li>Prend en charge plusieurs types de points et peut \u00eatre personnalis\u00e9 pour r\u00e9pondre aux besoins de n&rsquo;importe quel site Web<\/li>\n<li>Fournit une gamme d&rsquo;options de configuration, y compris les taux de conversion ponctuelle et les param\u00e8tres de passerelle de paiement<\/li>\n<li>Enti\u00e8rement compatible avec d&rsquo;autres extensions de t\u00e9l\u00e9chargements num\u00e9riques faciles et passerelles de paiement<\/li>\n<li>Offre une documentation d\u00e9taill\u00e9e et une prise en charge rapide pour aider \u00e0 l&rsquo;installation et \u00e0 la configuration<\/li>\n<li>Fournit un outil puissant pour inciter l&rsquo;engagement des clients et augmenter les ventes sur les sites Web WordPress<\/li>\n<\/ul>\n","protected":false},"excerpt":{"rendered":"<p>La Gamipress Easy Digital Downloads Points Gateway est un plugin incroyablement robuste et hautement performant qui vous offre la capacit\u00e9 in\u00e9gal\u00e9e d&rsquo;incorporer sans effort des points et des r\u00e9compenses dans votre magasin de t\u00e9l\u00e9chargements num\u00e9riques faciles. Cette passerelle exceptionnelle vous permet d&rsquo;offrir un large \u00e9ventail d&rsquo;incitations attrayantes \u00e0 vos clients estim\u00e9s, englobant la possibilit\u00e9 d&rsquo;accorder des points pour leurs achats, leurs t\u00e9l\u00e9chargements et un assortiment d&rsquo;autres activit\u00e9s engageantes. En outre, la fonctionnalit\u00e9 exceptionnelle qui vous a \u00e9t\u00e9 accord\u00e9e par cette passerelle vous permet d&rsquo;administrer et de surveiller et de surveiller la mani\u00e8re comp\u00e9tente les points accumul\u00e9s de mani\u00e8re comp\u00e9tente et sans effort, de configurer de mani\u00e8re transparente les r\u00e8gles concernant l&rsquo;acquisition et les d\u00e9penses desdits points, et m\u00eame \u00e9laborer plusieurs types de points qui correspondent \u00e0 des actions distinctes . Avec l&rsquo;installation de ce plugin ph\u00e9nom\u00e9nal, vous observerez sans aucun doute une augmentation impressionnante de vos chiffres de vente, ainsi qu&rsquo;une augmentation importante de la participation et du d\u00e9vouement des clients, tout cela gr\u00e2ce \u00e0 la satisfaction d\u00e9riv\u00e9e de la r\u00e9compense pour leur fid\u00e9lit\u00e9 in\u00e9branlable.<\/p>\n","protected":false},"featured_media":143944,"comment_status":"open","ping_status":"open","template":"","meta":[],"product_brand":[2557],"product_cat":[1182,1401,1181],"product_tag":[2247],"class_list":{"0":"post-119405","1":"product","2":"type-product","3":"status-publish","4":"has-post-thumbnail","6":"product_brand-gami-press","7":"product_cat-commerce-electronique-plugins","8":"product_cat-paiement-commerce-electronique-plugins","9":"product_cat-plugins","10":"product_tag-gami-press","11":"member-discount","12":"discount-restricted","14":"first","15":"instock","16":"sale","17":"downloadable","18":"virtual","19":"sold-individually","20":"purchasable","21":"product-type-simple"},"_links":{"self":[{"href":"https:\/\/gpl-love.com\/fr\/wp-json\/wp\/v2\/product\/119405","targetHints":{"allow":["GET"]}}],"collection":[{"href":"https:\/\/gpl-love.com\/fr\/wp-json\/wp\/v2\/product"}],"about":[{"href":"https:\/\/gpl-love.com\/fr\/wp-json\/wp\/v2\/types\/product"}],"replies":[{"embeddable":true,"href":"https:\/\/gpl-love.com\/fr\/wp-json\/wp\/v2\/comments?post=119405"}],"wp:featuredmedia":[{"embeddable":true,"href":"https:\/\/gpl-love.com\/fr\/wp-json\/wp\/v2\/media\/143944"}],"wp:attachment":[{"href":"https:\/\/gpl-love.com\/fr\/wp-json\/wp\/v2\/media?parent=119405"}],"wp:term":[{"taxonomy":"product_brand","embeddable":true,"href":"https:\/\/gpl-love.com\/fr\/wp-json\/wp\/v2\/product_brand?post=119405"},{"taxonomy":"product_cat","embeddable":true,"href":"https:\/\/gpl-love.com\/fr\/wp-json\/wp\/v2\/product_cat?post=119405"},{"taxonomy":"product_tag","embeddable":true,"href":"https:\/\/gpl-love.com\/fr\/wp-json\/wp\/v2\/product_tag?post=119405"}],"curies":[{"name":"wp","href":"https:\/\/api.w.org\/{rel}","templated":true}]}}