{"id":119403,"date":"2024-03-06T00:00:00","date_gmt":"2024-03-05T23:00:00","guid":{"rendered":"https:\/\/gpl-love.com\/fr\/produit\/gamipress-easy-digital-downloads-partial-payments\/"},"modified":"2026-03-20T23:06:58","modified_gmt":"2026-03-20T22:06:58","slug":"gamipress-easy-digital-downloads-partial-payments","status":"publish","type":"product","link":"https:\/\/gpl-love.com\/fr\/produit\/gamipress-easy-digital-downloads-partial-payments\/","title":{"rendered":"GamiPress Easy Digital Downloads Partial Payments 1.1.4"},"content":{"rendered":"<h3>GamiPress Easy Digital Downloads Partial Payments Traits<\/h3>\n<p>Gamipress Easy Digital T\u00e9l\u00e9chargements Partial Payments, un plugin tr\u00e8s acclam\u00e9, est con\u00e7u pour rationaliser le processus de paiement des clients en leur permettant de effectuer des paiements partiels pour les produits num\u00e9riques. Ce plugin exceptionnel s&rsquo;av\u00e8re particuli\u00e8rement avantageux pour les entreprises en ligne sp\u00e9cialis\u00e9s dans l&rsquo;offre de produits \u00e0 prix \u00e9lev\u00e9 qui ne peuvent pas \u00eatre facilement achet\u00e9s en un seul coup. De plus, il sert de solution remarquable pour les clients qui pr\u00e9f\u00e8rent la commodit\u00e9 de payer en versements, am\u00e9liorant ainsi l&rsquo;exp\u00e9rience d&rsquo;achat globale. En utilisant Gamipress Easy Digital T\u00e9l\u00e9chargements partiels, les entreprises en ligne peuvent offrir efficacement aux clients une option de paiement flexible, leur permettant de lancer un achat avec un paiement partiel et par la suite finaliser la transaction \u00e0 leur propre rythme. En outre, ce plugin poss\u00e8de un processus d&rsquo;installation, de configuration et d&rsquo;utilisation convivial, tout en s&rsquo;int\u00e9grant de mani\u00e8re transparente avec des t\u00e9l\u00e9chargements num\u00e9riques faciles, l&rsquo;une des plates-formes de commerce \u00e9lectronique les plus recherch\u00e9es sp\u00e9cialement adapt\u00e9es aux produits num\u00e9riques. En substance, Gamipress Easy Digital Downloads Payments partiels est un plugin exceptionnel qui simplifie non seulement le processus de paiement, garantissant l&rsquo;accessibilit\u00e9 des clients, mais aide \u00e9galement les entreprises en ligne pour augmenter leurs chiffres de vente et la g\u00e9n\u00e9ration globale des revenus.<\/p>\n<ul>\n<li>Permet aux clients de effectuer des paiements partiels pour les t\u00e9l\u00e9chargements num\u00e9riques<\/li>\n<li>Offre plus de flexibilit\u00e9 aux clients qui ne peuvent pas se permettre de payer le prix plein \u00e0 l&rsquo;avance<\/li>\n<li>Augmente les ventes en permettant aux clients d&rsquo;acheter des articles \u00e0 prix \u00e9lev\u00e9 gr\u00e2ce \u00e0 plusieurs paiements<\/li>\n<li>Aide \u00e0 la fid\u00e9lit\u00e9 des clients en r\u00e9pondant \u00e0 leurs besoins financiers<\/li>\n<li>Facile \u00e0 configurer et \u00e0 int\u00e9grer avec des t\u00e9l\u00e9chargements num\u00e9riques faciles<\/li>\n<li>Prend en charge plusieurs passerelles de paiement<\/li>\n<li>Fournit des rappels et des notifications automatiques pour les paiements en cours<\/li>\n<li>Suivi facile de l&rsquo;historique et du statut de paiement<\/li>\n<li>Compatible avec n&rsquo;importe quel th\u00e8me WordPress<\/li>\n<li>Fournit une documentation d\u00e9taill\u00e9e et un support pour les clients et les d\u00e9veloppeurs.<\/li>\n<\/ul>\n","protected":false},"excerpt":{"rendered":"<p>Gamipress Easy Digital T\u00e9l\u00e9chargements Partial Payments est un plugin remarquablement efficace et tr\u00e8s pratique qui offre aux utilisateurs la capacit\u00e9 incroyable d&rsquo;accepter des paiements partiels pour leurs produits num\u00e9riques estim\u00e9s. En mettant en \u0153uvre ce plugin exceptionnel, les individus peuvent \u00e9tablir et organiser sans effort une vaste gamme d&rsquo;options de paiement flexibles pour leurs clients estim\u00e9s, am\u00e9liorant ainsi consid\u00e9rablement l&rsquo;exp\u00e9rience d&rsquo;achat et facilitant les transactions transparentes dans leur boutique en ligne. En outre, ce logiciel exceptionnel s&rsquo;int\u00e8gre parfaitement aux t\u00e9l\u00e9chargements num\u00e9riques faciles largement renomm\u00e9s, une plate-forme de commerce \u00e9lectronique exceptionnellement pro\u00e9minente, et fournit une interface extr\u00eamement conviviale qui simplifie et rationalise la gestion des paiements partiels avec une plus grande commodit\u00e9 et efficacit\u00e9. Embrassez la puissance et la polyvalence extraordinaires de Gamipress Easy Digital t\u00e9l\u00e9chargent des paiements partiels et lib\u00e9rez vos pr\u00e9cieux clients avec une facilit\u00e9 et un confort in\u00e9gal\u00e9s alors qu&rsquo;ils se lancent dans leur voyage pour acheter vos produits tr\u00e8s convoit\u00e9s et exceptionnels.<\/p>\n","protected":false},"featured_media":143943,"comment_status":"open","ping_status":"open","template":"","meta":[],"product_brand":[2557],"product_cat":[1182,1401,1181],"product_tag":[2247],"class_list":{"0":"post-119403","1":"product","2":"type-product","3":"status-publish","4":"has-post-thumbnail","6":"product_brand-gami-press","7":"product_cat-commerce-electronique-plugins","8":"product_cat-paiement-commerce-electronique-plugins","9":"product_cat-plugins","10":"product_tag-gami-press","11":"member-discount","12":"discount-restricted","14":"first","15":"instock","16":"sale","17":"downloadable","18":"virtual","19":"sold-individually","20":"purchasable","21":"product-type-simple"},"_links":{"self":[{"href":"https:\/\/gpl-love.com\/fr\/wp-json\/wp\/v2\/product\/119403","targetHints":{"allow":["GET"]}}],"collection":[{"href":"https:\/\/gpl-love.com\/fr\/wp-json\/wp\/v2\/product"}],"about":[{"href":"https:\/\/gpl-love.com\/fr\/wp-json\/wp\/v2\/types\/product"}],"replies":[{"embeddable":true,"href":"https:\/\/gpl-love.com\/fr\/wp-json\/wp\/v2\/comments?post=119403"}],"wp:featuredmedia":[{"embeddable":true,"href":"https:\/\/gpl-love.com\/fr\/wp-json\/wp\/v2\/media\/143943"}],"wp:attachment":[{"href":"https:\/\/gpl-love.com\/fr\/wp-json\/wp\/v2\/media?parent=119403"}],"wp:term":[{"taxonomy":"product_brand","embeddable":true,"href":"https:\/\/gpl-love.com\/fr\/wp-json\/wp\/v2\/product_brand?post=119403"},{"taxonomy":"product_cat","embeddable":true,"href":"https:\/\/gpl-love.com\/fr\/wp-json\/wp\/v2\/product_cat?post=119403"},{"taxonomy":"product_tag","embeddable":true,"href":"https:\/\/gpl-love.com\/fr\/wp-json\/wp\/v2\/product_tag?post=119403"}],"curies":[{"name":"wp","href":"https:\/\/api.w.org\/{rel}","templated":true}]}}