{"id":119401,"date":"2025-02-20T00:00:00","date_gmt":"2025-02-19T23:00:00","guid":{"rendered":"https:\/\/gpl-love.com\/fr\/produit\/gamipress-email-digests\/"},"modified":"2026-03-20T23:15:55","modified_gmt":"2026-03-20T22:15:55","slug":"gamipress-email-digests","status":"publish","type":"product","link":"https:\/\/gpl-love.com\/fr\/produit\/gamipress-email-digests\/","title":{"rendered":"GamiPress Email Digests 1.1.0"},"content":{"rendered":"<h3>GamiPress Email Digests Traits<\/h3>\n<p>L&rsquo;outil Gamipress Email Digests est une solution marketing incroyablement robuste et efficace qui permet aux entreprises la possibilit\u00e9 de s&rsquo;engager activement et d&rsquo;informer leur base d&rsquo;utilisateurs de leurs r\u00e9alisations notables sur leurs sites Web respectifs. Cette fonctionnalit\u00e9 suppl\u00e9mentaire, qui fonctionne en conjonction avec Gamipress, un plugin de gamification en ligne, g\u00e9n\u00e8re effectivement des r\u00e9sum\u00e9s de messagerie automatis\u00e9s qui mettent en \u00e9vidence de mani\u00e8re exhaustive diverses r\u00e9alisations et progr\u00e8s dans une plate-forme en ligne donn\u00e9e. Ces rapports complets sont hautement personnalisables, offrant aux entreprises la possibilit\u00e9 d&rsquo;adapter leur contenu aux pr\u00e9f\u00e9rences et aux besoins sp\u00e9cifiques de leurs utilisateurs, et peuvent \u00eatre commod\u00e9ment pr\u00e9vus pour \u00eatre distribu\u00e9s \u00e0 des intervalles pr\u00e9d\u00e9termin\u00e9s. Cette fonctionnalit\u00e9 inestimable est particuli\u00e8rement bien adapt\u00e9e au b\u00e9n\u00e9fice des communaut\u00e9s en ligne, des plateformes de eLearning et des sites Web bas\u00e9s sur les membres. En exploitant la puissance des digestions par e-mail de Gamipress, les entreprises peuvent cultiver une exp\u00e9rience plus personnalis\u00e9e et individualis\u00e9e pour leurs utilisateurs, ce qui conduit \u00e0 son tour \u00e0 des niveaux accrus d&rsquo;engagement des utilisateurs et \u00e0 des taux de r\u00e9tention des utilisateurs am\u00e9lior\u00e9s.<\/p>\n<ul>\n<li>Envoie des digestions par e-mail aux utilisateurs contenant des mises \u00e0 jour et des r\u00e9alisations importantes<\/li>\n<li>Cr\u00e9e une exp\u00e9rience personnalis\u00e9e pour chaque utilisateur en incorporant son progr\u00e8s et son statut de niveau<\/li>\n<li>Permet aux utilisateurs de g\u00e9rer facilement leurs pr\u00e9f\u00e9rences par e-mail et d&rsquo;ajuster la fr\u00e9quence des digestion<\/li>\n<li>Fournit des outils de r\u00e9tention pr\u00e9cieux pour garder les utilisateurs engag\u00e9s et motiv\u00e9s<\/li>\n<li>Rationalise la communication entre les administrateurs du site et les utilisateurs<\/li>\n<li>Augmente l&rsquo;activit\u00e9 des utilisateurs et la fid\u00e9lit\u00e9 du site en pr\u00e9sentant leurs r\u00e9alisations dans un format de digestion<\/li>\n<li>Compatible avec une large gamme de plates-formes de site Web et d&rsquo;adh\u00e9sion<\/li>\n<li>Offre un design polyvalent et personnalisable pour s&rsquo;adapter \u00e0 n&rsquo;importe quel site Web ou esth\u00e9tique de la marque.<\/li>\n<\/ul>\n","protected":false},"excerpt":{"rendered":"<p>Gamipress Email Digests sert d&rsquo;outil extr\u00eamement robuste pour les utilisateurs qui souhaitent rester \u00e0 jour sur les activit\u00e9s les plus r\u00e9centes qui se produisent sur leur site Web ou leur communaut\u00e9. En utilisant ce plugin, les visiteurs sont capables de recevoir des notifications par e-mail personnalis\u00e9es qui leur fournissent un r\u00e9sum\u00e9 concis de leurs activit\u00e9s, statistiques et r\u00e9alisations. La fonction de digest de ce plugin est remarquablement adaptable, accordant aux administrateurs la possibilit\u00e9 de personnaliser le contenu, la fr\u00e9quence et le d\u00e9lai de livraison des notifications par e-mail susmentionn\u00e9es. Ce plugin, rempli d&rsquo;un assortiment de fonctionnalit\u00e9s avantageux, s&rsquo;av\u00e8re \u00eatre l&rsquo;incarnation de la perfection pour les organisations, les communaut\u00e9s en ligne et les sites qui poss\u00e8dent des mesures utilisateur qui b\u00e9n\u00e9ficient de notifications par e-mail p\u00e9riodiques. Gamipress Email Digests agit comme un instrument qui garantit que vos visiteurs et les membres sont gard\u00e9s bien inform\u00e9s, activement engag\u00e9s et motiv\u00e9s sans cesse pour continuer \u00e0 se connecter et \u00e0 interagir avec votre site.<\/p>\n","protected":false},"featured_media":143945,"comment_status":"open","ping_status":"open","template":"","meta":[],"product_brand":[2557],"product_cat":[1189,1181,1186],"product_tag":[2247],"class_list":{"0":"post-119401","1":"product","2":"type-product","3":"status-publish","4":"has-post-thumbnail","6":"product_brand-gami-press","7":"product_cat-personnalisation","8":"product_cat-plugins","9":"product_cat-wordpress-plugins","10":"product_tag-gami-press","11":"member-discount","12":"discount-restricted","14":"first","15":"instock","16":"sale","17":"downloadable","18":"virtual","19":"sold-individually","20":"purchasable","21":"product-type-simple"},"_links":{"self":[{"href":"https:\/\/gpl-love.com\/fr\/wp-json\/wp\/v2\/product\/119401","targetHints":{"allow":["GET"]}}],"collection":[{"href":"https:\/\/gpl-love.com\/fr\/wp-json\/wp\/v2\/product"}],"about":[{"href":"https:\/\/gpl-love.com\/fr\/wp-json\/wp\/v2\/types\/product"}],"replies":[{"embeddable":true,"href":"https:\/\/gpl-love.com\/fr\/wp-json\/wp\/v2\/comments?post=119401"}],"wp:featuredmedia":[{"embeddable":true,"href":"https:\/\/gpl-love.com\/fr\/wp-json\/wp\/v2\/media\/143945"}],"wp:attachment":[{"href":"https:\/\/gpl-love.com\/fr\/wp-json\/wp\/v2\/media?parent=119401"}],"wp:term":[{"taxonomy":"product_brand","embeddable":true,"href":"https:\/\/gpl-love.com\/fr\/wp-json\/wp\/v2\/product_brand?post=119401"},{"taxonomy":"product_cat","embeddable":true,"href":"https:\/\/gpl-love.com\/fr\/wp-json\/wp\/v2\/product_cat?post=119401"},{"taxonomy":"product_tag","embeddable":true,"href":"https:\/\/gpl-love.com\/fr\/wp-json\/wp\/v2\/product_tag?post=119401"}],"curies":[{"name":"wp","href":"https:\/\/api.w.org\/{rel}","templated":true}]}}