{"id":119399,"date":"2025-06-30T00:00:00","date_gmt":"2025-06-29T22:00:00","guid":{"rendered":"https:\/\/gpl-love.com\/fr\/produit\/gamipress-conditional-emails\/"},"modified":"2026-04-18T06:30:44","modified_gmt":"2026-04-18T04:30:44","slug":"gamipress-conditional-emails","status":"publish","type":"product","link":"https:\/\/gpl-love.com\/fr\/produit\/gamipress-conditional-emails\/","title":{"rendered":"GamiPress Conditional Emails 1.1.2"},"content":{"rendered":"<h3>GamiPress Conditional Emails Traits<\/h3>\n<p>Le module compl\u00e9mentaire des e-mails conditionnels Gamipress est un outil extr\u00eamement puissant qui vous accorde la capacit\u00e9 de r\u00e9partition des e-mails \u00e0 vos utilisateurs subordonn\u00e9s \u00e0 des conditions particuli\u00e8res. En utilisant cet outil, vous gagnez la possibilit\u00e9 de forger des e-mails personnalis\u00e9s qui ciblent sp\u00e9cifiquement les utilisateurs qui ont r\u00e9ussi \u00e0 terminer certaines actions ou des jalons sp\u00e9cifiques accomplis dans les limites de votre site Web ou de votre jeu. L&rsquo;add-on lui-m\u00eame \u00e9tend une vaste gamme d&rsquo;options de personnalisation, englobant l&rsquo;inclusion de champs personnalis\u00e9s, de contenu dynamique et d&rsquo;instructions conditionnelles. Non seulement les e-mails conditionnels Gamipress poss\u00e8dent une nature inh\u00e9rente aux utilisateurs, mais il s&rsquo;int\u00e8gre \u00e9galement de mani\u00e8re transparente au plugin Gamipress, ce qui en fait un atout indispensable pour tout site Web ou d\u00e9veloppeur de jeu aspirant \u00e0 am\u00e9liorer l&rsquo;engagement et la r\u00e9tention des utilisateurs.<\/p>\n<ul>\n<li>Vous permet d&rsquo;envoyer automatiquement des e-mails personnalis\u00e9s et personnalis\u00e9s \u00e0 vos utilisateurs en fonction de leurs actions sur votre site<\/li>\n<li>Offre diverses conditions et d\u00e9clencheurs pour permettre \u00e0 vos r\u00e8gles d&rsquo;automatisation des e-mails<\/li>\n<li>S&rsquo;int\u00e8gre parfaitement \u00e0 Gamipress, le plugin de gamification populaire pour WordPress<\/li>\n<li>Vous donne la possibilit\u00e9 de suivre et de mesurer l&rsquo;efficacit\u00e9 de vos campagnes de messagerie via Gamipress Analytics<\/li>\n<li>Fournit une prise en charge de diff\u00e9rentes plates-formes de messagerie, telles que MailChimp, SendGrid et plus<\/li>\n<li>Facile \u00e0 configurer et \u00e0 utiliser avec une interface conviviale et une documentation compl\u00e8te<\/li>\n<li>Aide \u00e0 accro\u00eetre l&rsquo;engagement et la r\u00e9tention des utilisateurs sur votre site Web en livrant des messages pertinents et cibl\u00e9s \u00e0 votre public<\/li>\n<li>Offre des fonctionnalit\u00e9s avanc\u00e9es, telles que le contenu dynamique, les d\u00e9clarations conditionnelles et la planification, pour rendre votre strat\u00e9gie de marketing par e-mail plus sophistiqu\u00e9 et efficace.<\/li>\n<\/ul>\n","protected":false},"excerpt":{"rendered":"<p>GamiPress Conditional Emails, une extension WordPress ultra-performante, permet de g\u00e9n\u00e9rer des notifications par e-mail personnalis\u00e9es en fonction des actions des utilisateurs. Gr\u00e2ce \u00e0 cette extension, vous pouvez automatiser vos campagnes d&rsquo;e-mailing et envoyer des messages personnalis\u00e9s \u00e0 votre audience cible, stimulant ainsi l&rsquo;engagement, encourageant l&rsquo;obtention de r\u00e9compenses et fid\u00e9lisant vos abonn\u00e9s. Qu&rsquo;il s&rsquo;agisse d&rsquo;accueillir chaleureusement les nouveaux inscrits, de partager des informations sur l&rsquo;avancement d&rsquo;un projet ou de f\u00e9liciter un utilisateur pour une \u00e9tape importante, GamiPress Conditional Emails simplifie ces t\u00e2ches. Alors, n&rsquo;attendez plus\u00a0! Adoptez cette extension incontournable et propulsez vos campagnes d&rsquo;e-mailing vers de nouveaux sommets\u00a0!<\/p>\n","protected":false},"featured_media":143939,"comment_status":"open","ping_status":"open","template":"","meta":[],"product_brand":[2557],"product_cat":[1189,1181,1186],"product_tag":[2247],"class_list":{"0":"post-119399","1":"product","2":"type-product","3":"status-publish","4":"has-post-thumbnail","6":"product_brand-gami-press","7":"product_cat-personnalisation","8":"product_cat-plugins","9":"product_cat-wordpress-plugins","10":"product_tag-gami-press","11":"member-discount","12":"discount-restricted","14":"first","15":"instock","16":"sale","17":"downloadable","18":"virtual","19":"sold-individually","20":"purchasable","21":"product-type-simple"},"_links":{"self":[{"href":"https:\/\/gpl-love.com\/fr\/wp-json\/wp\/v2\/product\/119399","targetHints":{"allow":["GET"]}}],"collection":[{"href":"https:\/\/gpl-love.com\/fr\/wp-json\/wp\/v2\/product"}],"about":[{"href":"https:\/\/gpl-love.com\/fr\/wp-json\/wp\/v2\/types\/product"}],"replies":[{"embeddable":true,"href":"https:\/\/gpl-love.com\/fr\/wp-json\/wp\/v2\/comments?post=119399"}],"wp:featuredmedia":[{"embeddable":true,"href":"https:\/\/gpl-love.com\/fr\/wp-json\/wp\/v2\/media\/143939"}],"wp:attachment":[{"href":"https:\/\/gpl-love.com\/fr\/wp-json\/wp\/v2\/media?parent=119399"}],"wp:term":[{"taxonomy":"product_brand","embeddable":true,"href":"https:\/\/gpl-love.com\/fr\/wp-json\/wp\/v2\/product_brand?post=119399"},{"taxonomy":"product_cat","embeddable":true,"href":"https:\/\/gpl-love.com\/fr\/wp-json\/wp\/v2\/product_cat?post=119399"},{"taxonomy":"product_tag","embeddable":true,"href":"https:\/\/gpl-love.com\/fr\/wp-json\/wp\/v2\/product_tag?post=119399"}],"curies":[{"name":"wp","href":"https:\/\/api.w.org\/{rel}","templated":true}]}}