{"id":119397,"date":"2025-02-20T00:00:00","date_gmt":"2025-02-19T23:00:00","guid":{"rendered":"https:\/\/gpl-love.com\/fr\/produit\/gamipress-conditional-notifications\/"},"modified":"2026-04-18T06:30:45","modified_gmt":"2026-04-18T04:30:45","slug":"gamipress-conditional-notifications","status":"publish","type":"product","link":"https:\/\/gpl-love.com\/fr\/produit\/gamipress-conditional-notifications\/","title":{"rendered":"GamiPress Conditional Notifications 1.1.4"},"content":{"rendered":"<h3>GamiPress Conditional Notifications Traits<\/h3>\n<p>Gamipress Conditional Notifications, un plugin extr\u00eamement robuste, offre aux propri\u00e9taires de sites Web la capacit\u00e9 d&rsquo;automatiser leur syst\u00e8me de notification pour les utilisateurs. En utilisant ce plugin, les utilisateurs peuvent \u00e9tablir des conditions pr\u00e9cises qui agissent comme d\u00e9clencheurs pour la r\u00e9partition des notifications aux utilisateurs, subordonn\u00e9e \u00e0 leurs actions. Cela signifie que les utilisateurs sont autoris\u00e9s \u00e0 obtenir des notifications sur mesure qui s&rsquo;alignent avec leurs activit\u00e9s individuelles ou leurs avanc\u00e9es sur le site Web. De plus, les utilisateurs ont la capacit\u00e9 de personnaliser le contenu desdites notifications, englobant la messagerie et la chronologie de ces notifications. Les notifications conditionnelles Gamipress servent d&rsquo;outil indispensable pour tout site Web aspirant \u00e0 captiver leurs utilisateurs via des notifications sp\u00e9cifiquement cibl\u00e9es et pertinentes.<\/p>\n<ul>\n<li>Notifications personnalis\u00e9es pour les sites Web WordPress \u00e0 l&rsquo;aide du plugin Gamipress<\/li>\n<li>D\u00e9clencher conditionnellement les notifications bas\u00e9es sur les actions ou les r\u00e9alisations des utilisateurs<\/li>\n<li>Configuration facile avec une interface conviviale<\/li>\n<li>Choisissez parmi divers types de notification, y compris les e-mails, les fen\u00eatres contextuelles et les notifications push<\/li>\n<li>Personnaliser les messages et les conceptions de notification pour correspondre \u00e0 la marque de votre site Web<\/li>\n<li>Incitez les utilisateurs \u00e0 s&rsquo;engager avec votre site Web en les informant des r\u00e9compenses et des r\u00e9alisations<\/li>\n<li>Gardez une trace de l&rsquo;activit\u00e9 des utilisateurs et de l&rsquo;engagement via Gamipress Analytics<\/li>\n<li>Augmenter la r\u00e9tention des utilisateurs et les performances globales du site Web avec les notifications conditionnelles Gamipress<\/li>\n<\/ul>\n","protected":false},"excerpt":{"rendered":"<p>GamiPress Conditional Notifications est une extension exceptionnellement performante et influente qui vous permet de g\u00e9n\u00e9rer des notifications personnalis\u00e9es pour votre site WordPress, en fonction de nombreuses conditions. Gr\u00e2ce \u00e0 son int\u00e9gration fluide \u00e0 votre plateforme, vous pouvez envoyer des notifications parfaitement adapt\u00e9es \u00e0 vos utilisateurs, pr\u00e9cis\u00e9ment au moment o\u00f9 ils accomplissent certaines actions remarquables, comme accumuler un grand nombre de points ou atteindre un niveau de performance pr\u00e9d\u00e9fini. De plus, vous pouvez facilement configurer ces notifications pour qu&rsquo;elles soient envoy\u00e9es \u00e0 des groupes d&rsquo;utilisateurs sp\u00e9cifiques, voire \u00e0 des individus, simplifiant ainsi le processus de fid\u00e9lisation de votre pr\u00e9cieuse communaut\u00e9 et la tenant inform\u00e9e de sa progression sur votre site. Par cons\u00e9quent, il est clair que cette extension est indispensable pour quiconque souhaite augmenter l&rsquo;engagement et fid\u00e9liser durablement ses utilisateurs sur son site WordPress.<\/p>\n","protected":false},"featured_media":143940,"comment_status":"open","ping_status":"open","template":"","meta":[],"product_brand":[2557],"product_cat":[1189,1181,1186],"product_tag":[2247],"class_list":{"0":"post-119397","1":"product","2":"type-product","3":"status-publish","4":"has-post-thumbnail","6":"product_brand-gami-press","7":"product_cat-personnalisation","8":"product_cat-plugins","9":"product_cat-wordpress-plugins","10":"product_tag-gami-press","11":"member-discount","12":"discount-restricted","14":"first","15":"instock","16":"sale","17":"downloadable","18":"virtual","19":"sold-individually","20":"purchasable","21":"product-type-simple"},"_links":{"self":[{"href":"https:\/\/gpl-love.com\/fr\/wp-json\/wp\/v2\/product\/119397","targetHints":{"allow":["GET"]}}],"collection":[{"href":"https:\/\/gpl-love.com\/fr\/wp-json\/wp\/v2\/product"}],"about":[{"href":"https:\/\/gpl-love.com\/fr\/wp-json\/wp\/v2\/types\/product"}],"replies":[{"embeddable":true,"href":"https:\/\/gpl-love.com\/fr\/wp-json\/wp\/v2\/comments?post=119397"}],"wp:featuredmedia":[{"embeddable":true,"href":"https:\/\/gpl-love.com\/fr\/wp-json\/wp\/v2\/media\/143940"}],"wp:attachment":[{"href":"https:\/\/gpl-love.com\/fr\/wp-json\/wp\/v2\/media?parent=119397"}],"wp:term":[{"taxonomy":"product_brand","embeddable":true,"href":"https:\/\/gpl-love.com\/fr\/wp-json\/wp\/v2\/product_brand?post=119397"},{"taxonomy":"product_cat","embeddable":true,"href":"https:\/\/gpl-love.com\/fr\/wp-json\/wp\/v2\/product_cat?post=119397"},{"taxonomy":"product_tag","embeddable":true,"href":"https:\/\/gpl-love.com\/fr\/wp-json\/wp\/v2\/product_tag?post=119397"}],"curies":[{"name":"wp","href":"https:\/\/api.w.org\/{rel}","templated":true}]}}