{"id":119395,"date":"2025-02-20T00:00:00","date_gmt":"2025-02-19T23:00:00","guid":{"rendered":"https:\/\/gpl-love.com\/fr\/produit\/gamipress-coupons\/"},"modified":"2026-03-20T23:06:56","modified_gmt":"2026-03-20T22:06:56","slug":"gamipress-coupons","status":"publish","type":"product","link":"https:\/\/gpl-love.com\/fr\/produit\/gamipress-coupons\/","title":{"rendered":"GamiPress Coupons 1.1.3"},"content":{"rendered":"<h3>GamiPress Coupons Traits<\/h3>\n<p>Gamipress Coupons, un outil incroyablement puissant, vous donne la possibilit\u00e9 de donner des r\u00e9compenses \u00e0 vos utilisateurs sous forme de coupons, en raison de leur ach\u00e8vement d&rsquo;actions sp\u00e9cifiques sur votre site Web. En utilisant ce plugin exceptionnel, vous poss\u00e9dez la capacit\u00e9 de fa\u00e7onner des coupons sur mesure qui peuvent finalement \u00eatre \u00e9chang\u00e9s pour une vari\u00e9t\u00e9 d&rsquo;avantages, y compris des remises, des produits compl\u00e9mentaires ou m\u00eame d&rsquo;autres incitations s\u00e9duisantes. Ces coupons remarquables peuvent \u00eatre accord\u00e9s \u00e0 vos utilisateurs une fois qu&rsquo;ils ont accompli un \u00e9ventail de t\u00e2ches, comme faire un achat, recommander un ami ou partager votre contenu remarquable sur diverses plateformes de m\u00e9dias sociaux. L&rsquo;installation et l&rsquo;utilisation des coupons Gamipress sont un processus sans effort, ce qui en fait un atout exceptionnellement avantageux pour tout site Web qui aspire \u00e0 favoriser l&rsquo;engagement et la fid\u00e9lit\u00e9 des clients. Que vous soyez exploit\u00e9 une boutique de commerce \u00e9lectronique ou un site bas\u00e9 sur les membres, ce plugin a la capacit\u00e9 profonde d&rsquo;\u00e9lever vos taux de conversion et de g\u00e9n\u00e9rer un volume de ventes plus \u00e9lev\u00e9. Fournissez \u00e0 vos utilisateurs l&rsquo;impulsion dont ils ont besoin pour retourner r\u00e9guli\u00e8rement sur votre site Web au moyen de coupons Gamipress.<\/p>\n<ul>\n<li>Coupons automatis\u00e9s pour Gamipress<\/li>\n<li>Int\u00e9gration facile avec le plugin Gamipress<\/li>\n<li>Param\u00e8tres de coupons flexibles (pourcentage de remise, remise fixe, date d&rsquo;expiration, limite d&rsquo;utilisation)<\/li>\n<li>Plusieurs coupons peuvent \u00eatre cr\u00e9\u00e9s imm\u00e9diatement<\/li>\n<li>Les coupons peuvent \u00eatre appliqu\u00e9s \u00e0 tout type de r\u00e9ussite \/ rang \/ points<\/li>\n<li>Id\u00e9al pour donner des r\u00e9compenses et des incitations \u00e0 vos utilisateurs ou apprenants<\/li>\n<li>Am\u00e9liorer l&rsquo;engagement et la r\u00e9tention des utilisateurs avec des r\u00e9compenses de coupons<\/li>\n<li>Gestion sans tracas des coupons avec des options simples<\/li>\n<li>Mises \u00e0 jour r\u00e9guli\u00e8res et soutien de l&rsquo;\u00e9quipe Gamipress<\/li>\n<li>Prix \u200b\u200babordables avec une p\u00e9riode d&rsquo;essai de 14 jours<\/li>\n<\/ul>\n","protected":false},"excerpt":{"rendered":"<p>Boostez l&rsquo;engagement et la satisfaction de vos utilisateurs gr\u00e2ce aux avantages exceptionnels des coupons GamiPress\u00a0! Cet outil performant vous permet de cr\u00e9er et de distribuer des coupons virtuels \u00e9changeables contre des objets en jeu ou diverses autres r\u00e9compenses. Gr\u00e2ce \u00e0 une configuration simple et des options de personnalisation tr\u00e8s flexibles, vous pouvez facilement int\u00e9grer les coupons \u00e0 votre syst\u00e8me de gamification existant, incitant ainsi les utilisateurs \u00e0 participer activement sur votre site web ou application. N&rsquo;attendez plus et lancez-vous dans l&rsquo;utilisation des coupons GamiPress pour propulser votre strat\u00e9gie de gamification vers de nouveaux sommets\u00a0!<\/p>\n","protected":false},"featured_media":143941,"comment_status":"open","ping_status":"open","template":"","meta":[],"product_brand":[2557],"product_cat":[1189,1181,1186],"product_tag":[2247],"class_list":{"0":"post-119395","1":"product","2":"type-product","3":"status-publish","4":"has-post-thumbnail","6":"product_brand-gami-press","7":"product_cat-personnalisation","8":"product_cat-plugins","9":"product_cat-wordpress-plugins","10":"product_tag-gami-press","11":"member-discount","12":"discount-restricted","14":"first","15":"instock","16":"sale","17":"downloadable","18":"virtual","19":"sold-individually","20":"purchasable","21":"product-type-simple"},"_links":{"self":[{"href":"https:\/\/gpl-love.com\/fr\/wp-json\/wp\/v2\/product\/119395","targetHints":{"allow":["GET"]}}],"collection":[{"href":"https:\/\/gpl-love.com\/fr\/wp-json\/wp\/v2\/product"}],"about":[{"href":"https:\/\/gpl-love.com\/fr\/wp-json\/wp\/v2\/types\/product"}],"replies":[{"embeddable":true,"href":"https:\/\/gpl-love.com\/fr\/wp-json\/wp\/v2\/comments?post=119395"}],"wp:featuredmedia":[{"embeddable":true,"href":"https:\/\/gpl-love.com\/fr\/wp-json\/wp\/v2\/media\/143941"}],"wp:attachment":[{"href":"https:\/\/gpl-love.com\/fr\/wp-json\/wp\/v2\/media?parent=119395"}],"wp:term":[{"taxonomy":"product_brand","embeddable":true,"href":"https:\/\/gpl-love.com\/fr\/wp-json\/wp\/v2\/product_brand?post=119395"},{"taxonomy":"product_cat","embeddable":true,"href":"https:\/\/gpl-love.com\/fr\/wp-json\/wp\/v2\/product_cat?post=119395"},{"taxonomy":"product_tag","embeddable":true,"href":"https:\/\/gpl-love.com\/fr\/wp-json\/wp\/v2\/product_tag?post=119395"}],"curies":[{"name":"wp","href":"https:\/\/api.w.org\/{rel}","templated":true}]}}