{"id":119393,"date":"2025-05-13T00:00:00","date_gmt":"2025-05-12T22:00:00","guid":{"rendered":"https:\/\/gpl-love.com\/fr\/produit\/gamipress-birthdays\/"},"modified":"2026-03-20T23:06:52","modified_gmt":"2026-03-20T22:06:52","slug":"gamipress-birthdays","status":"publish","type":"product","link":"https:\/\/gpl-love.com\/fr\/produit\/gamipress-birthdays\/","title":{"rendered":"GamiPress Birthdays 1.0.8"},"content":{"rendered":"<h3>GamiPress Birthdays Traits<\/h3>\n<p>Les anniversaires de Gamipress sont un module compl\u00e9mentaire incroyablement robuste et convivial qui vous offre la possibilit\u00e9 de comm\u00e9morer les anniversaires de vos utilisateurs d&rsquo;une mani\u00e8re non seulement agr\u00e9able, mais aussi captivante. En utilisant ce module compl\u00e9mentaire, vous avez la possibilit\u00e9 d&rsquo;accorder \u00e0 vos utilisateurs des points pr\u00e9cieux, des r\u00e9alisations notables ou des rangs estim\u00e9s lors de leur journ\u00e9e importante. Le plugin, avec son intuitivit\u00e9 inh\u00e9rente, identifie sans effort les anniversaires des profils d&rsquo;utilisateurs et les pr\u00e9sente par la suite sur un widget ou une page exclusif. De plus, vous avez la possibilit\u00e9 d&rsquo;adapter les r\u00e9compenses, les messages et les e-mails de notification pour s&rsquo;harmoniser de mani\u00e8re transparente avec votre marque unique et votre style distinct. Que vous administrez un site d&rsquo;adh\u00e9sion, un magasin de commerce \u00e9lectronique ou une communaut\u00e9 en ligne, les anniversaires Gamipress servent d&rsquo;instrument exceptionnel pour augmenter l&rsquo;implication des utilisateurs, prolonger la r\u00e9tention des utilisateurs et cultiver la fid\u00e9lit\u00e9 des utilisateurs. Profitez de cette opportunit\u00e9 in\u00e9gal\u00e9e et exp\u00e9rimentez de premi\u00e8re main l&rsquo;impact transformateur qu&rsquo;il a sur le fait que vos utilisateurs se sentent vraiment extraordinaires lors de leur journ\u00e9e monumentale!<\/p>\n<ul>\n<li>Permet aux propri\u00e9taires de sites Web de reconna\u00eetre et de c\u00e9l\u00e9brer les anniversaires des utilisateurs de mani\u00e8re amusante et engageante<\/li>\n<li>Automate le processus d&rsquo;envoi de rappels d&rsquo;anniversaire aux utilisateurs par e-mail ou d&rsquo;autres formes de communication<\/li>\n<li>Propose des param\u00e8tres personnalisables tels que la langue, le format de date et le contenu du message<\/li>\n<li>Permet aux administrateurs de cr\u00e9er et d&rsquo;attribuer des badges d&rsquo;anniversaire, des points ou d&rsquo;autres r\u00e9compenses aux utilisateurs pour leur journ\u00e9e sp\u00e9ciale<\/li>\n<li>Am\u00e9liore l&rsquo;engagement et la fid\u00e9lit\u00e9 des utilisateurs en cr\u00e9ant un sentiment de communaut\u00e9 \u00e0 travers des c\u00e9l\u00e9brations partag\u00e9es<\/li>\n<li>S&rsquo;int\u00e8gre parfaitement au plugin Gamipress et \u00e0 d&rsquo;autres plates-formes WordPress, permettant une installation et une gestion faciles<\/li>\n<li>Fournit des fonctionnalit\u00e9s d&rsquo;analyse et de rapport pour suivre l&rsquo;efficacit\u00e9 des efforts de reconnaissance d&rsquo;anniversaire<\/li>\n<li>Prend en charge la compatibilit\u00e9 et la localisation multi-langues pour une utilisation mondiale.<\/li>\n<\/ul>\n","protected":false},"excerpt":{"rendered":"<p>GamiPress Birthdays est une extension qui enrichit les fonctionnalit\u00e9s du plugin GamiPress, vous permettant de mettre en place un syst\u00e8me dynamique et attractif pour c\u00e9l\u00e9brer les anniversaires sur votre site WordPress. Gr\u00e2ce \u00e0 ses options intuitives et personnalisables, vous pouvez comm\u00e9morer les anniversaires des utilisateurs de votre site en leur attribuant diverses r\u00e9compenses, telles que des badges, des points ou toute autre distinction prise en charge par GamiPress. De plus, vous pouvez automatiser l&rsquo;envoi des messages d&rsquo;anniversaire, proposer des promotions exclusives et suivre les \u00e9tapes importantes franchies par chaque utilisateur. Que votre site soit un r\u00e9seau social, une boutique en ligne ou une plateforme \u00e9ducative, GamiPress Birthdays constitue un excellent moyen de renforcer l&rsquo;engagement des utilisateurs et de fid\u00e9liser votre audience.<\/p>\n","protected":false},"featured_media":143936,"comment_status":"open","ping_status":"open","template":"","meta":[],"product_brand":[2557],"product_cat":[1189,1181,1186],"product_tag":[2247],"class_list":{"0":"post-119393","1":"product","2":"type-product","3":"status-publish","4":"has-post-thumbnail","6":"product_brand-gami-press","7":"product_cat-personnalisation","8":"product_cat-plugins","9":"product_cat-wordpress-plugins","10":"product_tag-gami-press","11":"member-discount","12":"discount-restricted","14":"first","15":"instock","16":"sale","17":"downloadable","18":"virtual","19":"sold-individually","20":"purchasable","21":"product-type-simple"},"_links":{"self":[{"href":"https:\/\/gpl-love.com\/fr\/wp-json\/wp\/v2\/product\/119393","targetHints":{"allow":["GET"]}}],"collection":[{"href":"https:\/\/gpl-love.com\/fr\/wp-json\/wp\/v2\/product"}],"about":[{"href":"https:\/\/gpl-love.com\/fr\/wp-json\/wp\/v2\/types\/product"}],"replies":[{"embeddable":true,"href":"https:\/\/gpl-love.com\/fr\/wp-json\/wp\/v2\/comments?post=119393"}],"wp:featuredmedia":[{"embeddable":true,"href":"https:\/\/gpl-love.com\/fr\/wp-json\/wp\/v2\/media\/143936"}],"wp:attachment":[{"href":"https:\/\/gpl-love.com\/fr\/wp-json\/wp\/v2\/media?parent=119393"}],"wp:term":[{"taxonomy":"product_brand","embeddable":true,"href":"https:\/\/gpl-love.com\/fr\/wp-json\/wp\/v2\/product_brand?post=119393"},{"taxonomy":"product_cat","embeddable":true,"href":"https:\/\/gpl-love.com\/fr\/wp-json\/wp\/v2\/product_cat?post=119393"},{"taxonomy":"product_tag","embeddable":true,"href":"https:\/\/gpl-love.com\/fr\/wp-json\/wp\/v2\/product_tag?post=119393"}],"curies":[{"name":"wp","href":"https:\/\/api.w.org\/{rel}","templated":true}]}}