{"id":119391,"date":"2025-01-21T00:00:00","date_gmt":"2025-01-20T23:00:00","guid":{"rendered":"https:\/\/gpl-love.com\/fr\/produit\/kadence-galleries\/"},"modified":"2026-03-20T23:21:22","modified_gmt":"2026-03-20T22:21:22","slug":"kadence-galleries","status":"publish","type":"product","link":"https:\/\/gpl-love.com\/fr\/produit\/kadence-galleries\/","title":{"rendered":"Kadence Galleries 1.3.3"},"content":{"rendered":"<h3>Kadence Galleries Traits<\/h3>\n<p>Kadence Galleries, un plugin sp\u00e9cialement con\u00e7u pour WordPress, sert d&rsquo;outil pratique pour les utilisateurs visant \u00e0 \u00e9tablir et \u00e0 g\u00e9rer sans effort les galeries d&rsquo;images sur leurs sites Web. Au moyen de son interface conviviale et de ses fonctionnalit\u00e9s sophistiqu\u00e9es, Kadence Galleries facilite efficacement le processus de pr\u00e9sentation de ses photographies de mani\u00e8re esth\u00e9tique et facilement personnalisable. Ce plugin comprend une gamme diversifi\u00e9e de types de galeries, englobant la ma\u00e7onnerie, le carrousel et les dispositions de grille, ainsi que la fourniture d&rsquo;options pour les \u00e9crans Lightbox et les effets de survol. De plus, Kadence Galleries int\u00e8gre diverses fonctionnalit\u00e9s, y compris, mais sans s&rsquo;y limiter, le chargement paresseux, l&rsquo;optimisation de l&rsquo;image et la capacit\u00e9 d&rsquo;ajouter des l\u00e9gendes et des descriptions \u00e0 ses images. Peu importe si un individu est un photographe professionnel ou un individu aspirant \u00e0 exposer sa collection personnelle, Kadence Galleries fournit une solution adaptable et conviviale pour la cr\u00e9ation de galeries frappantes sur son site WordPress.<\/p>\n<ul>\n<li>Kadence Galleries est un plugin WordPress qui vous permet de cr\u00e9er de belles galeries d&rsquo;images sensibles aux mobiles pour votre site Web.<\/li>\n<li>Compatible avec tous les th\u00e8mes WordPress, Kadence Galleries offre une large gamme d&rsquo;options de personnalisation pour que vos galeries s&rsquo;adaptent parfaitement \u00e0 votre site.<\/li>\n<li>Choisissez parmi plusieurs dispositions de galeries, y compris le carrousel, les curseurs et la grille. Les options de diaporama personnalisables vous permettent d&rsquo;ajouter une vari\u00e9t\u00e9 d&rsquo;effets tels que le type de transition, la lecture automatique et les contr\u00f4les de synchronisation.<\/li>\n<li>Avec le constructeur de galeries Drag and Drop, la cr\u00e9ation de galeries n&rsquo;a jamais \u00e9t\u00e9 aussi simple. Cr\u00e9ez autant de galeries que vous le souhaitez, r\u00e9organisez les images et personnalisez facilement les tailles de vignettes.<\/li>\n<li>Optimisez vos images pour le Web avec l&rsquo;outil de compression d&rsquo;image int\u00e9gr\u00e9e de Kadence Galleries, ce qui r\u00e9duit consid\u00e9rablement la taille du fichier sans sacrifier la qualit\u00e9.<\/li>\n<li>Kadence Galleries est \u00e9galement optimis\u00e9e pour l&rsquo;optimisation des moteurs de recherche (SEO), permettant \u00e0 vos images d&rsquo;\u00eatre facilement index\u00e9es par les moteurs de recherche et affich\u00e9es correctement dans les r\u00e9sultats de recherche.<\/li>\n<li>De plus, Kadence Galleries est compatible avec les plugins tiers populaires, tels que WooCommerce, vous offrant la flexibilit\u00e9 pour cr\u00e9er de superbes galeries de produits pour votre boutique en ligne.<\/li>\n<li>Avec des mises \u00e0 jour r\u00e9guli\u00e8res et un support client exceptionnel, Kadence Galleries offre une solution fiable et riche en fonctionnalit\u00e9s pour tous vos besoins en galerie d&rsquo;images.<\/li>\n<\/ul>\n","protected":false},"excerpt":{"rendered":"<p>Kadence Galleries, un plugin de galerie d&rsquo;images sp\u00e9cialement con\u00e7u pour les sites Web WordPress, poss\u00e8de une interface intuitive et des fonctionnalit\u00e9s conviviales. Ce plugin, avec son design \u00e9l\u00e9gant et r\u00e9actif, offre aux utilisateurs la possibilit\u00e9 de montrer sans effort leurs photographies et de pr\u00e9senter leurs efforts artistiques d&rsquo;une mani\u00e8re visuellement s\u00e9duisante et sophistiqu\u00e9e. B\u00e9n\u00e9ficiant d&rsquo;une vaste gamme d&rsquo;options personnalisables et de fonctionnalit\u00e9s avanc\u00e9es, Kadence Galleries sert d&rsquo;outil id\u00e9al pour les photographes, les artistes et autres professionnels de la cr\u00e9ation qui cherchent \u00e0 \u00e9lever leurs sites Web en incorporant des galeries visuellement \u00e9poustouflantes. En exploitant la puissance des galeries de Kadence, les utilisateurs peuvent organiser sans effort les collections fascinantes et de haute qualit\u00e9 qui sont garanties pour captiver leur public, laissant une impression ind\u00e9l\u00e9bile.<\/p>\n","protected":false},"featured_media":144303,"comment_status":"open","ping_status":"open","template":"","meta":[],"product_brand":[2460],"product_cat":[1189,1181,1186],"product_tag":[1845],"class_list":{"0":"post-119391","1":"product","2":"type-product","3":"status-publish","4":"has-post-thumbnail","6":"product_brand-kadence-wp","7":"product_cat-personnalisation","8":"product_cat-plugins","9":"product_cat-wordpress-plugins","10":"product_tag-kadence-wp","11":"member-discount","12":"discount-restricted","14":"first","15":"instock","16":"sale","17":"downloadable","18":"virtual","19":"sold-individually","20":"purchasable","21":"product-type-simple"},"_links":{"self":[{"href":"https:\/\/gpl-love.com\/fr\/wp-json\/wp\/v2\/product\/119391","targetHints":{"allow":["GET"]}}],"collection":[{"href":"https:\/\/gpl-love.com\/fr\/wp-json\/wp\/v2\/product"}],"about":[{"href":"https:\/\/gpl-love.com\/fr\/wp-json\/wp\/v2\/types\/product"}],"replies":[{"embeddable":true,"href":"https:\/\/gpl-love.com\/fr\/wp-json\/wp\/v2\/comments?post=119391"}],"wp:featuredmedia":[{"embeddable":true,"href":"https:\/\/gpl-love.com\/fr\/wp-json\/wp\/v2\/media\/144303"}],"wp:attachment":[{"href":"https:\/\/gpl-love.com\/fr\/wp-json\/wp\/v2\/media?parent=119391"}],"wp:term":[{"taxonomy":"product_brand","embeddable":true,"href":"https:\/\/gpl-love.com\/fr\/wp-json\/wp\/v2\/product_brand?post=119391"},{"taxonomy":"product_cat","embeddable":true,"href":"https:\/\/gpl-love.com\/fr\/wp-json\/wp\/v2\/product_cat?post=119391"},{"taxonomy":"product_tag","embeddable":true,"href":"https:\/\/gpl-love.com\/fr\/wp-json\/wp\/v2\/product_tag?post=119391"}],"curies":[{"name":"wp","href":"https:\/\/api.w.org\/{rel}","templated":true}]}}