{"id":119389,"date":"2025-04-16T00:00:00","date_gmt":"2025-04-15T22:00:00","guid":{"rendered":"https:\/\/gpl-love.com\/fr\/produit\/modern-events-calendar-woocommerce-integration\/"},"modified":"2026-04-10T18:31:50","modified_gmt":"2026-04-10T16:31:50","slug":"modern-events-calendar-woocommerce-integration","status":"publish","type":"product","link":"https:\/\/gpl-love.com\/fr\/produit\/modern-events-calendar-woocommerce-integration\/","title":{"rendered":"Modern Events Calendar WooCommerce Integration 2.2.0"},"content":{"rendered":"<h3>Modern Events Calendar WooCommerce Integration Traits<\/h3>\n<p>L&rsquo;int\u00e9gration du plugin du calendrier des \u00e9v\u00e9nements modernes avec WooCommerce est facilit\u00e9e par l&rsquo;int\u00e9gration de WooCommerce du calendrier des \u00e9v\u00e9nements modernes tr\u00e8s efficaces, qui sert d&rsquo;outil puissant. Au moyen de cette int\u00e9gration transparente, les utilisateurs sont autoris\u00e9s \u00e0 s&rsquo;engager dans des activit\u00e9s de vente de billets et \u00e0 g\u00e9rer sans effort les t\u00e2ches de gestion d&rsquo;\u00e9v\u00e9nements. Une caract\u00e9ristique notable de cette int\u00e9gration est sa capacit\u00e9 \u00e0 permettre aux utilisateurs de g\u00e9n\u00e9rer des variations de produits personnalis\u00e9es telles que les billets et les packages, qui peuvent \u00eatre incorpor\u00e9s sans effort dans leurs magasins WooCommerce. De plus, cette int\u00e9gration confondu les utilisateurs la possibilit\u00e9 de superviser efficacement les op\u00e9rations de vente de billets, englobant la cr\u00e9ation de prix des billets, la gestion de l&rsquo;inventaire et la g\u00e9n\u00e9ration de rapports complets. Par cons\u00e9quent, ce plugin remarquablement robuste est la solution id\u00e9ale pour les gestionnaires d&rsquo;\u00e9v\u00e9nements et les propri\u00e9taires commerciaux cherchant \u00e0 consolider la gestion de leurs \u00e9v\u00e9nements et de leurs ventes de billets au sein d&rsquo;une plate-forme singuli\u00e8re.<\/p>\n<ul>\n<li>Int\u00e9gration transparente entre le calendrier des \u00e9v\u00e9nements modernes et WooCommerce<\/li>\n<li>Possibilit\u00e9 de vendre des billets d&rsquo;\u00e9v\u00e9nement directement via votre site Web<\/li>\n<li>Options de billets personnalisables et prix<\/li>\n<li>Inscription automatique des \u00e9v\u00e9nements et suivi des ventes de billets<\/li>\n<li>Compatible avec toutes les versions modernes de WordPress et WooCommerce<\/li>\n<li>G\u00e9rer facilement les participants \u00e0 l&rsquo;\u00e9v\u00e9nement et leurs d\u00e9tails de commande<\/li>\n<li>R\u00e9duit la main-d&rsquo;\u0153uvre manuelle et am\u00e9liore l&rsquo;exp\u00e9rience utilisateur globale<\/li>\n<li>Acc\u00e8s \u00e0 des rapports et analytiques de vente d\u00e9taill\u00e9s<\/li>\n<li>Conception r\u00e9active pour une exp\u00e9rience mobile et de bureau optimale<\/li>\n<li>\u00c9v\u00e9nements illimit\u00e9s et ventes de billets sans frais suppl\u00e9mentaires.<\/li>\n<\/ul>\n","protected":false},"excerpt":{"rendered":"<p>L&rsquo;int\u00e9gration du plugin de calendrier des \u00e9v\u00e9nements modernes tr\u00e8s recherch\u00e9 avec la plate-forme WooCommerce largement utilis\u00e9e est facilit\u00e9e par l&rsquo;int\u00e9gration de WooCommerce du calendrier moderne robuste et puissant. Cette int\u00e9gration permet aux utilisateurs de commercialiser et de fournir des billets ou des marchandises li\u00e9s \u00e0 l&rsquo;\u00e9v\u00e9nement, en amplifiant leurs niveaux de commodit\u00e9. En utilisant l&rsquo;int\u00e9gration de Mec WooCommerce, les organisateurs d&rsquo;\u00e9v\u00e9nements peuvent superviser et r\u00e9guler sans effort toutes leurs ventes et transactions mon\u00e9taires dans un seul tableau de bord complet, rationalisant ainsi l&rsquo;ensemble du processus et optimisant la productivit\u00e9. De plus, cette int\u00e9gration offre aux organisateurs et aux participants un \u00e9ventail d&rsquo;options de personnalisation avanc\u00e9es, y compris la possibilit\u00e9 de configurer diverses passerelles de paiement et syst\u00e8mes de facturation, garantissant ainsi une exp\u00e9rience vraiment personnalis\u00e9e et personnalis\u00e9e pour les deux parties impliqu\u00e9es.<\/p>\n","protected":false},"featured_media":144568,"comment_status":"open","ping_status":"open","template":"","meta":[],"product_brand":[2504],"product_cat":[1182,1223,1181],"product_tag":[1394],"class_list":{"0":"post-119389","1":"product","2":"type-product","3":"status-publish","4":"has-post-thumbnail","6":"product_brand-webnus","7":"product_cat-commerce-electronique-plugins","8":"product_cat-personnalisation-commerce-electronique-plugins","9":"product_cat-plugins","10":"product_tag-webnus","11":"member-discount","12":"discount-restricted","14":"first","15":"instock","16":"sale","17":"downloadable","18":"virtual","19":"sold-individually","20":"purchasable","21":"product-type-simple"},"_links":{"self":[{"href":"https:\/\/gpl-love.com\/fr\/wp-json\/wp\/v2\/product\/119389","targetHints":{"allow":["GET"]}}],"collection":[{"href":"https:\/\/gpl-love.com\/fr\/wp-json\/wp\/v2\/product"}],"about":[{"href":"https:\/\/gpl-love.com\/fr\/wp-json\/wp\/v2\/types\/product"}],"replies":[{"embeddable":true,"href":"https:\/\/gpl-love.com\/fr\/wp-json\/wp\/v2\/comments?post=119389"}],"wp:featuredmedia":[{"embeddable":true,"href":"https:\/\/gpl-love.com\/fr\/wp-json\/wp\/v2\/media\/144568"}],"wp:attachment":[{"href":"https:\/\/gpl-love.com\/fr\/wp-json\/wp\/v2\/media?parent=119389"}],"wp:term":[{"taxonomy":"product_brand","embeddable":true,"href":"https:\/\/gpl-love.com\/fr\/wp-json\/wp\/v2\/product_brand?post=119389"},{"taxonomy":"product_cat","embeddable":true,"href":"https:\/\/gpl-love.com\/fr\/wp-json\/wp\/v2\/product_cat?post=119389"},{"taxonomy":"product_tag","embeddable":true,"href":"https:\/\/gpl-love.com\/fr\/wp-json\/wp\/v2\/product_tag?post=119389"}],"curies":[{"name":"wp","href":"https:\/\/api.w.org\/{rel}","templated":true}]}}