{"id":119387,"date":"2025-12-18T00:00:00","date_gmt":"2025-12-17T23:00:00","guid":{"rendered":"https:\/\/gpl-love.com\/fr\/produit\/modern-events-calendar-fluent-view-layouts\/"},"modified":"2026-03-20T23:25:23","modified_gmt":"2026-03-20T22:25:23","slug":"modern-events-calendar-fluent-view-layouts","status":"publish","type":"product","link":"https:\/\/gpl-love.com\/fr\/produit\/modern-events-calendar-fluent-view-layouts\/","title":{"rendered":"Modern Events Calendar Fluent View Layouts 1.7.5"},"content":{"rendered":"<h3>Modern Events Calendar Fluent View Layouts Traits<\/h3>\n<p>Les dispositions de vue Calendrier modernes offrent une s\u00e9lection diversifi\u00e9e de dispositions personnalisables, am\u00e9liorant consid\u00e9rablement votre exp\u00e9rience de gestion d&rsquo;\u00e9v\u00e9nements. Son interface conviviale permet la cr\u00e9ation et l&rsquo;organisation d&rsquo;\u00e9v\u00e9nements sans effort, adapt\u00e9s \u00e0 vos besoins sp\u00e9cifiques. Ce produit poss\u00e8de une pl\u00e9thore de fonctionnalit\u00e9s avanc\u00e9es, y compris des choix de conception exquis, de nombreux modes d&rsquo;affichage d&rsquo;\u00e9v\u00e9nements et un syst\u00e8me de filtre robuste. De plus, la possibilit\u00e9 d&rsquo;incorporer des champs personnalis\u00e9s dans vos pages d&rsquo;\u00e9v\u00e9nements vous permet de pr\u00e9senter toutes les informations pertinentes. Avec les dispositions de vue courantes des \u00e9v\u00e9nements modernes, vous pouvez \u00eatre assur\u00e9 que vos exigences de gestion des \u00e9v\u00e9nements seront satisfaites de mani\u00e8re transparente et sans tracas.<\/p>\n<ul>\n<li>Disposages de vue magnifiquement con\u00e7us pour afficher vos \u00e9v\u00e9nements<\/li>\n<li>6 options de mise en page diff\u00e9rentes au choix, chacune avec un aspect et une sensation uniques<\/li>\n<li>Conception r\u00e9active qui a fi\u00e8re allure sur tous les appareils<\/li>\n<li>Options de personnalisation faciles pour rendre chaque disposition unique \u00e0 votre marque et \u00e0 votre style d&rsquo;\u00e9v\u00e9nement<\/li>\n<li>Interface intuitive pour ajouter de nouveaux \u00e9v\u00e9nements et g\u00e9rer ceux existants<\/li>\n<li>Int\u00e9gration transparente avec WordPress pour une impl\u00e9mentation facile<\/li>\n<li>Fonctionne avec le plugin du calendrier des \u00e9v\u00e9nements modernes pour rationaliser la gestion des \u00e9v\u00e9nements<\/li>\n<li>Id\u00e9al pour les entreprises, les organisations ou les personnes organisant une vari\u00e9t\u00e9 d&rsquo;\u00e9v\u00e9nements<\/li>\n<li>Solution simple et abordable pour cr\u00e9er un calendrier d&rsquo;\u00e9v\u00e9nements professionnel et visuellement attrayant.<\/li>\n<\/ul>\n","protected":false},"excerpt":{"rendered":"<p>Pr\u00e9sentation des dispositions de vue Calendrier des \u00e9v\u00e9nements modernes, une solution extr\u00eamement remarquable con\u00e7ue pour montrer sans faille et exquise vos \u00e9v\u00e9nements. B\u00e9n\u00e9ficiant d&rsquo;une allure esth\u00e9tique in\u00e9gal\u00e9e, ce plugin extraordinaire fournit une gamme de mises en page de vue contemporaine qui harmonisent de mani\u00e8re transparente avec la conception de votre site Web. Offrant un assortiment d&rsquo;options telles que la vue horaire, la vue mensuelle, la vue hebdomadaire et plus encore, ce plugin vous accorde la libert\u00e9 de s\u00e9lectionner la disposition la plus appropri\u00e9e. Avec des fonctionnalit\u00e9s navigables sans effort et des capacit\u00e9s de filtrage des \u00e9v\u00e9nements, les utilisateurs peuvent localiser sans effort les \u00e9v\u00e9nements souhait\u00e9s. De plus, ce plugin garantit une r\u00e9activit\u00e9 compl\u00e8te, garantissant que vos \u00e9v\u00e9nements restent accessibles sans effort sur tous les appareils. Ne retardez pas davantage; Saisissez l&rsquo;opportunit\u00e9 d&rsquo;\u00e9tonner et de captiver votre public avec les vitrines \u00e0 couper le souffle offertes par les dispositions de vue Calendrier des \u00e9v\u00e9nements modernes.<\/p>\n","protected":false},"featured_media":144566,"comment_status":"open","ping_status":"open","template":"","meta":[],"product_brand":[2504],"product_cat":[1189,1181,1186],"product_tag":[1394],"class_list":{"0":"post-119387","1":"product","2":"type-product","3":"status-publish","4":"has-post-thumbnail","6":"product_brand-webnus","7":"product_cat-personnalisation","8":"product_cat-plugins","9":"product_cat-wordpress-plugins","10":"product_tag-webnus","11":"member-discount","12":"discount-restricted","14":"first","15":"instock","16":"sale","17":"downloadable","18":"virtual","19":"sold-individually","20":"purchasable","21":"product-type-simple"},"_links":{"self":[{"href":"https:\/\/gpl-love.com\/fr\/wp-json\/wp\/v2\/product\/119387","targetHints":{"allow":["GET"]}}],"collection":[{"href":"https:\/\/gpl-love.com\/fr\/wp-json\/wp\/v2\/product"}],"about":[{"href":"https:\/\/gpl-love.com\/fr\/wp-json\/wp\/v2\/types\/product"}],"replies":[{"embeddable":true,"href":"https:\/\/gpl-love.com\/fr\/wp-json\/wp\/v2\/comments?post=119387"}],"wp:featuredmedia":[{"embeddable":true,"href":"https:\/\/gpl-love.com\/fr\/wp-json\/wp\/v2\/media\/144566"}],"wp:attachment":[{"href":"https:\/\/gpl-love.com\/fr\/wp-json\/wp\/v2\/media?parent=119387"}],"wp:term":[{"taxonomy":"product_brand","embeddable":true,"href":"https:\/\/gpl-love.com\/fr\/wp-json\/wp\/v2\/product_brand?post=119387"},{"taxonomy":"product_cat","embeddable":true,"href":"https:\/\/gpl-love.com\/fr\/wp-json\/wp\/v2\/product_cat?post=119387"},{"taxonomy":"product_tag","embeddable":true,"href":"https:\/\/gpl-love.com\/fr\/wp-json\/wp\/v2\/product_tag?post=119387"}],"curies":[{"name":"wp","href":"https:\/\/api.w.org\/{rel}","templated":true}]}}