{"id":119385,"date":"2021-11-14T00:00:00","date_gmt":"2021-11-13T23:00:00","guid":{"rendered":"https:\/\/gpl-love.com\/fr\/produit\/wpzoom-eclipse-wordpress-theme\/"},"modified":"2026-03-20T23:52:13","modified_gmt":"2026-03-20T22:52:13","slug":"wpzoom-eclipse-wordpress-theme","status":"publish","type":"product","link":"https:\/\/gpl-love.com\/fr\/produit\/wpzoom-eclipse-wordpress-theme\/","title":{"rendered":"WPZoom Eclipse WordPress Theme 1.0.10"},"content":{"rendered":"<h3>WPZoom Eclipse WordPress Theme Traits<\/h3>\n<p>Le th\u00e8me Wpzoom Eclipse WordPress, avec son design moderne et \u00e9l\u00e9gant, s&rsquo;av\u00e8re \u00eatre un choix id\u00e9al pour les blogueurs et les entreprises. Notamment, ce th\u00e8me poss\u00e8de une page d&rsquo;accueil personnalisable, qui vous permet d&rsquo;adapter la pr\u00e9sentation de votre contenu pour s&rsquo;aligner parfaitement avec vos besoins et pr\u00e9f\u00e9rences sp\u00e9cifiques. De plus, ce th\u00e8me est enti\u00e8rement r\u00e9actif, garantissant que votre site Web sera exceptionnel et sans faille sur tous les appareils, y compris, mais sans s&rsquo;y limiter, les t\u00e9l\u00e9phones mobiles et les tablettes. En outre, le th\u00e8me WPZoom Eclipse WordPress offre une multitude de fonctionnalit\u00e9s impressionnantes, telles qu&rsquo;une section de portefeuille, des widgets personnalis\u00e9s et un panneau d&rsquo;options de th\u00e8me remarquablement puissant. Ce panneau vous accorde une facilit\u00e9 et une efficacit\u00e9 in\u00e9gal\u00e9es en termes de personnalisation et d&rsquo;adaptation du th\u00e8me en fonction de vos pr\u00e9f\u00e9rences et go\u00fbts individuels. En somme, le th\u00e8me WPZoom Eclipse WordPress repr\u00e9sente le choix par excellence pour tous ceux qui recherchent un th\u00e8me sophistiqu\u00e9 et \u00e0 la mode qui non seulement offre une exp\u00e9rience conviviale, mais permet \u00e9galement de nombreuses options de personnalisation.<\/p>\n<ul>\n<li>Design professionnel et \u00e9l\u00e9gant avec des dispositions uniques et plusieurs options de page d&rsquo;accueil<\/li>\n<li>Compatible avec la derni\u00e8re version WordPress et tous les principaux navigateurs<\/li>\n<li>Options de personnalisation faciles, y compris les sch\u00e9mas de couleurs, les polices et les widgets<\/li>\n<li>Panneau d&rsquo;options de th\u00e8me avanc\u00e9 pour les param\u00e8tres et fonctionnalit\u00e9s personnalis\u00e9s<\/li>\n<li>Conception r\u00e9active et conviviale pour tous les appareils<\/li>\n<li>Optimisation de SEO int\u00e9gr\u00e9e pour am\u00e9liorer le classement des moteurs de recherche<\/li>\n<li>Compatibilit\u00e9 avec des plugins populaires, notamment WooCommerce et Jetpack<\/li>\n<li>Documentation compl\u00e8te et \u00e9quipe de soutien d\u00e9di\u00e9e \u00e0 l&rsquo;aide<\/li>\n<\/ul>\n","protected":false},"excerpt":{"rendered":"<p>Le th\u00e8me Wpzoom Eclipse WordPress, avec un design \u00e9l\u00e9gant et moderne, a \u00e9t\u00e9 con\u00e7u de mani\u00e8re experte pour les blogueurs et les entreprises. Offrant un large \u00e9ventail de dispositions personnalisables et une conception tr\u00e8s r\u00e9active, Eclipse appara\u00eet sans aucun doute comme l&rsquo;option id\u00e9ale pour tous ceux qui cherchent \u00e0 \u00e9tablir une pr\u00e9sence en ligne sophistiqu\u00e9e et raffin\u00e9e. Des fonctionnalit\u00e9s impressionnantes comprennent un assortiment de mod\u00e8les de pages m\u00e9ticuleusement con\u00e7us, une int\u00e9gration transparente des plateformes de m\u00e9dias sociaux et des outils de personnalisation conviviaux. Que vous soyez un blogueur passionn\u00e9, un propri\u00e9taire florissant de petites entreprises ou un professionnel cr\u00e9atif innovant, le th\u00e8me WPZoom Eclipse WordPress sert sans effort de plate-forme ultime pour pr\u00e9senter votre contenu pr\u00e9cieux et favoriser la croissance de votre marque estim\u00e9e.<\/p>\n","protected":false},"featured_media":146312,"comment_status":"open","ping_status":"open","template":"","meta":[],"product_brand":[2745],"product_cat":[1242,1212,1213],"product_tag":[2272],"class_list":{"0":"post-119385","1":"product","2":"type-product","3":"status-publish","4":"has-post-thumbnail","6":"product_brand-wp-zoom","7":"product_cat-creatif","8":"product_cat-themes","9":"product_cat-wordpress-themes","10":"product_tag-wp-zoom","11":"member-discount","12":"discount-restricted","14":"first","15":"instock","16":"sale","17":"downloadable","18":"virtual","19":"sold-individually","20":"purchasable","21":"product-type-simple"},"_links":{"self":[{"href":"https:\/\/gpl-love.com\/fr\/wp-json\/wp\/v2\/product\/119385","targetHints":{"allow":["GET"]}}],"collection":[{"href":"https:\/\/gpl-love.com\/fr\/wp-json\/wp\/v2\/product"}],"about":[{"href":"https:\/\/gpl-love.com\/fr\/wp-json\/wp\/v2\/types\/product"}],"replies":[{"embeddable":true,"href":"https:\/\/gpl-love.com\/fr\/wp-json\/wp\/v2\/comments?post=119385"}],"wp:featuredmedia":[{"embeddable":true,"href":"https:\/\/gpl-love.com\/fr\/wp-json\/wp\/v2\/media\/146312"}],"wp:attachment":[{"href":"https:\/\/gpl-love.com\/fr\/wp-json\/wp\/v2\/media?parent=119385"}],"wp:term":[{"taxonomy":"product_brand","embeddable":true,"href":"https:\/\/gpl-love.com\/fr\/wp-json\/wp\/v2\/product_brand?post=119385"},{"taxonomy":"product_cat","embeddable":true,"href":"https:\/\/gpl-love.com\/fr\/wp-json\/wp\/v2\/product_cat?post=119385"},{"taxonomy":"product_tag","embeddable":true,"href":"https:\/\/gpl-love.com\/fr\/wp-json\/wp\/v2\/product_tag?post=119385"}],"curies":[{"name":"wp","href":"https:\/\/api.w.org\/{rel}","templated":true}]}}