{"id":119383,"date":"2022-06-01T00:00:00","date_gmt":"2022-05-31T22:00:00","guid":{"rendered":"https:\/\/gpl-love.com\/fr\/produit\/woocommerce-cart-all-in-one-click-checkout-sticky-side-cart\/"},"modified":"2026-04-10T18:46:20","modified_gmt":"2026-04-10T16:46:20","slug":"woocommerce-cart-all-in-one-click-checkout-sticky-side-cart","status":"publish","type":"product","link":"https:\/\/gpl-love.com\/fr\/produit\/woocommerce-cart-all-in-one-click-checkout-sticky-side-cart\/","title":{"rendered":"WooCommerce Cart All in One click Checkout Sticky Side Cart 1.0.7"},"content":{"rendered":"<h3>WooCommerce Cart All in One click Checkout Sticky Side Cart Traits<\/h3>\n<p>Le chariot WooCommerce All en un seul Click Sticky Cart Cart est une solution tr\u00e8s pratique et conviviale r\u00e9pondant aux besoins des acheteurs en ligne qui recherchent une exp\u00e9rience de paiement transparente. En cliquant simplement une fois, les clients peuvent finaliser sans effort leur achat sans \u00eatre redirig\u00e9 vers une autre page, minimisant ainsi \u00e0 la fois leurs d\u00e9penses temporelles et toute frustration d&rsquo;accompagnement. De plus, l&rsquo;inclusion de la fonction de panier lat\u00e9ral collant permet aux clients d&rsquo;\u00e9valuer et de modifier facilement le contenu de leur panier tout en parcourant simultan\u00e9ment les diff\u00e9rentes offres sur le site. Par cons\u00e9quent, ce produit exceptionnel harmonise et optimise la proc\u00e9dure de paiement pour les clients et les entreprises, ce qui entra\u00eene des chiffres de vente amplifi\u00e9s et des niveaux accrus de satisfaction des clients.<\/p>\n<ul>\n<li>Processus de paiement rationalis\u00e9 et pratique pour WooCommerce<\/li>\n<li>La fonction de paiement en un clic \u00e9conomise du temps et des efforts pour les clients<\/li>\n<li>Le chariot lat\u00e9ral collant garantit que le chariot est toujours visible, r\u00e9duisant les taux d&rsquo;abandon de chariot<\/li>\n<li>Param\u00e8tres personnalisables pour le panier et la conception de la page de paiement<\/li>\n<li>Enti\u00e8rement mobile r\u00e9actif pour les achats transparents sur n&rsquo;importe quel appareil<\/li>\n<li>Compatible avec les extensions et les plugins populaires<\/li>\n<li>Caisse rapide et fiable avec un traitement de paiement s\u00e9curis\u00e9<\/li>\n<li>Interface conviviale pour une navigation et une utilisation faciles<\/li>\n<li>Int\u00e9gration avec les principaux op\u00e9rateurs pour des tarifs d&rsquo;exp\u00e9dition et des estimations de livraison pr\u00e9cises<\/li>\n<li>Support client 24\/7 et mises \u00e0 jour r\u00e9guli\u00e8res pour garantir des performances et des fonctionnalit\u00e9s optimales.<\/li>\n<\/ul>\n","protected":false},"excerpt":{"rendered":"<p>Le panier WooCommerce All en un seul Click Cockout Sticky Side Cart se pr\u00e9sente comme la solution ultime, faisant du shopping une exp\u00e9rience transparente et facile. Ce plugin innovant r\u00e9volutionne la fa\u00e7on dont les clients interagissent avec leurs paniers d&rsquo;achat en leur permettant d&rsquo;ajouter sans effort des articles, de visualiser leur panier et de passer \u00e0 la caisse, le tout en un seul clic, sans jamais avoir \u00e0 naviguer loin de la page du produit. La pr\u00e9sence du chariot lat\u00e9ral collant garantit que les clients ont un acc\u00e8s constant et facile \u00e0 leur chariot, ce qui r\u00e9duit \u00e0 son tour la probabilit\u00e9 d&rsquo;abandon de CART et am\u00e9liore consid\u00e9rablement l&rsquo;exp\u00e9rience d&rsquo;achat globale. Offrez des adieux aux processus de paiement alambiqu\u00e9s et longs, et adoptez la commodit\u00e9 in\u00e9gal\u00e9e de ce remarquable plugin WooCommerce, un v\u00e9ritable changeur de jeu dans le domaine des achats en ligne.<\/p>\n","protected":false},"featured_media":145829,"comment_status":"open","ping_status":"open","template":"","meta":[],"product_brand":[2435],"product_cat":[1182,1223,1181],"product_tag":[1231],"class_list":{"0":"post-119383","1":"product","2":"type-product","3":"status-publish","4":"has-post-thumbnail","6":"product_brand-codecanyon","7":"product_cat-commerce-electronique-plugins","8":"product_cat-personnalisation-commerce-electronique-plugins","9":"product_cat-plugins","10":"product_tag-codecanyon","11":"member-discount","12":"discount-restricted","14":"first","15":"instock","16":"sale","17":"downloadable","18":"virtual","19":"sold-individually","20":"purchasable","21":"product-type-simple"},"_links":{"self":[{"href":"https:\/\/gpl-love.com\/fr\/wp-json\/wp\/v2\/product\/119383","targetHints":{"allow":["GET"]}}],"collection":[{"href":"https:\/\/gpl-love.com\/fr\/wp-json\/wp\/v2\/product"}],"about":[{"href":"https:\/\/gpl-love.com\/fr\/wp-json\/wp\/v2\/types\/product"}],"replies":[{"embeddable":true,"href":"https:\/\/gpl-love.com\/fr\/wp-json\/wp\/v2\/comments?post=119383"}],"wp:featuredmedia":[{"embeddable":true,"href":"https:\/\/gpl-love.com\/fr\/wp-json\/wp\/v2\/media\/145829"}],"wp:attachment":[{"href":"https:\/\/gpl-love.com\/fr\/wp-json\/wp\/v2\/media?parent=119383"}],"wp:term":[{"taxonomy":"product_brand","embeddable":true,"href":"https:\/\/gpl-love.com\/fr\/wp-json\/wp\/v2\/product_brand?post=119383"},{"taxonomy":"product_cat","embeddable":true,"href":"https:\/\/gpl-love.com\/fr\/wp-json\/wp\/v2\/product_cat?post=119383"},{"taxonomy":"product_tag","embeddable":true,"href":"https:\/\/gpl-love.com\/fr\/wp-json\/wp\/v2\/product_tag?post=119383"}],"curies":[{"name":"wp","href":"https:\/\/api.w.org\/{rel}","templated":true}]}}