{"id":119381,"date":"2025-06-13T00:00:00","date_gmt":"2025-06-12T22:00:00","guid":{"rendered":"https:\/\/gpl-love.com\/fr\/produit\/gamipress-anniversaries\/"},"modified":"2026-03-20T23:06:51","modified_gmt":"2026-03-20T22:06:51","slug":"gamipress-anniversaries","status":"publish","type":"product","link":"https:\/\/gpl-love.com\/fr\/produit\/gamipress-anniversaries\/","title":{"rendered":"GamiPress Anniversaries 1.0.5"},"content":{"rendered":"<h3>GamiPress Anniversaries Traits<\/h3>\n<p>Le plugin Gamipress Anniversaires est un outil incroyablement puissant con\u00e7u sp\u00e9cifiquement pour aider \u00e0 la c\u00e9l\u00e9bration et \u00e0 la reconnaissance des \u00e9tapes et des r\u00e9alisations importantes atteintes par les utilisateurs sur leurs sites Web respectifs ou leurs communaut\u00e9s en ligne. En utilisant ce plugin remarquable, les individus ont la possibilit\u00e9 d&rsquo;\u00e9tablir des \u00e9v\u00e9nements d&rsquo;anniversaire personnalis\u00e9s, tels que comm\u00e9morant le nombre d&rsquo;ann\u00e9es \u00e9coul\u00e9es depuis qu&rsquo;un utilisateur s&rsquo;est initialement enregistr\u00e9, a atteint un niveau sp\u00e9cifique de comp\u00e9tence ou de jalon, ou m\u00eame de marquer l&rsquo;occasion importante de son anniversaire. En plus de ces fonctionnalit\u00e9s exceptionnelles, Gamipress Anniversaires offre en outre une vaste gamme d&rsquo;options qui permettent aux utilisateurs d&rsquo;adapter et de personnaliser la c\u00e9l\u00e9bration \u00e0 leur go\u00fbt, y compris l&rsquo;option pour pr\u00e9senter des messages personnalis\u00e9s, conf\u00e9rer des badges, des points ou des r\u00e9compenses alternatives, et m\u00eame L&rsquo;occasion de leur pr\u00e9senter des remises ou des coupons s\u00e9duisants. Ce plugin est vraiment une solution id\u00e9ale pour tout site Web ou communaut\u00e9 en ligne d\u00e9termin\u00e9e \u00e0 engager et \u00e0 motiver activement leurs utilisateurs, favorisant ainsi un environnement propice \u00e0 leur retour continu et \u00e0 leur poursuite implacable de leurs objectifs.<\/p>\n<ul>\n<li>Suivre et c\u00e9l\u00e9brer les anniversaires des utilisateurs sur votre site Web<\/li>\n<li>Cr\u00e9er des jalons et des r\u00e9compenses d&rsquo;anniversaire personnalis\u00e9s<\/li>\n<li>Notifications automatiques des utilisateurs pour les anniversaires \u00e0 venir<\/li>\n<li>Int\u00e9gration avec les plugins populaires et les plugins de commerce \u00e9lectronique<\/li>\n<li>Rapports d\u00e9taill\u00e9s et statistiques sur l&rsquo;activit\u00e9 anniversaire<\/li>\n<li>Configuration et configuration faciles sans codage requis<\/li>\n<li>Conception sensible au mobile pour une exp\u00e9rience utilisateur sans couture<\/li>\n<li>Prise en charge multilingue pour le public mondial<\/li>\n<li>Mises \u00e0 jour r\u00e9guli\u00e8res et soutien d\u00e9di\u00e9 de l&rsquo;\u00e9quipe Gamipress<\/li>\n<\/ul>\n","protected":false},"excerpt":{"rendered":"<p>GamiPress Anniversaries est une extension WordPress exceptionnellement performante et riche en fonctionnalit\u00e9s. Elle offre aux propri\u00e9taires de sites web la possibilit\u00e9 de concevoir et de g\u00e9n\u00e9rer des badges de reconnaissance personnalis\u00e9s pour leurs utilisateurs, notamment pour c\u00e9l\u00e9brer leurs anniversaires. Ces badges sont minutieusement personnalis\u00e9s en fonction de la date d&rsquo;inscription ou de toute autre date marquante. Cette extension innovante vous permet d&rsquo;inspirer et de dynamiser vos utilisateurs gr\u00e2ce \u00e0 une exp\u00e9rience unique et personnalis\u00e9e. Vos utilisateurs se sentiront ainsi valoris\u00e9s et appr\u00e9ci\u00e9s lors de leurs \u00e9v\u00e9nements importants, comme l&rsquo;anniversaire de leur abonnement ou leur propre anniversaire. De plus, GamiPress Anniversaries favorise un engagement et une passion ind\u00e9fectibles au sein de votre audience, contribuant ainsi \u00e0 fid\u00e9liser vos utilisateurs et \u00e0 renforcer le succ\u00e8s et l&rsquo;efficacit\u00e9 de votre site web.<\/p>\n","protected":false},"featured_media":143935,"comment_status":"open","ping_status":"open","template":"","meta":[],"product_brand":[2557],"product_cat":[1189,1181,1186],"product_tag":[2247],"class_list":{"0":"post-119381","1":"product","2":"type-product","3":"status-publish","4":"has-post-thumbnail","6":"product_brand-gami-press","7":"product_cat-personnalisation","8":"product_cat-plugins","9":"product_cat-wordpress-plugins","10":"product_tag-gami-press","11":"member-discount","12":"discount-restricted","14":"first","15":"instock","16":"sale","17":"downloadable","18":"virtual","19":"sold-individually","20":"purchasable","21":"product-type-simple"},"_links":{"self":[{"href":"https:\/\/gpl-love.com\/fr\/wp-json\/wp\/v2\/product\/119381","targetHints":{"allow":["GET"]}}],"collection":[{"href":"https:\/\/gpl-love.com\/fr\/wp-json\/wp\/v2\/product"}],"about":[{"href":"https:\/\/gpl-love.com\/fr\/wp-json\/wp\/v2\/types\/product"}],"replies":[{"embeddable":true,"href":"https:\/\/gpl-love.com\/fr\/wp-json\/wp\/v2\/comments?post=119381"}],"wp:featuredmedia":[{"embeddable":true,"href":"https:\/\/gpl-love.com\/fr\/wp-json\/wp\/v2\/media\/143935"}],"wp:attachment":[{"href":"https:\/\/gpl-love.com\/fr\/wp-json\/wp\/v2\/media?parent=119381"}],"wp:term":[{"taxonomy":"product_brand","embeddable":true,"href":"https:\/\/gpl-love.com\/fr\/wp-json\/wp\/v2\/product_brand?post=119381"},{"taxonomy":"product_cat","embeddable":true,"href":"https:\/\/gpl-love.com\/fr\/wp-json\/wp\/v2\/product_cat?post=119381"},{"taxonomy":"product_tag","embeddable":true,"href":"https:\/\/gpl-love.com\/fr\/wp-json\/wp\/v2\/product_tag?post=119381"}],"curies":[{"name":"wp","href":"https:\/\/api.w.org\/{rel}","templated":true}]}}