{"id":119379,"date":"2025-10-10T00:00:00","date_gmt":"2025-10-09T22:00:00","guid":{"rendered":"https:\/\/gpl-love.com\/fr\/produit\/woocommerce-variations-to-table-grid\/"},"modified":"2026-03-20T23:48:26","modified_gmt":"2026-03-20T22:48:26","slug":"woocommerce-variations-to-table-grid","status":"publish","type":"product","link":"https:\/\/gpl-love.com\/fr\/produit\/woocommerce-variations-to-table-grid\/","title":{"rendered":"WooCommerce Variations to Table Grid 1.5.10"},"content":{"rendered":"<h3>WooCommerce Variations to Table Grid Traits<\/h3>\n<p>Le plugin WooCommerce Variations to Table Grid offre une solution optimale pour les personnes qui exploitent des magasins en ligne et souhaitent fournir \u00e0 leurs clients une table de produits rationalis\u00e9e et instinctive. En utilisant ce plugin, on peut transformer sans effort leurs variations de produit en une table qui est conviviale, pr\u00e9sentant ainsi toutes les informations pertinentes de produit de mani\u00e8re lucide et concise. La grille de table poss\u00e8de un haut niveau de personnalisation, offrant aux utilisateurs la possibilit\u00e9 de s\u00e9lectionner les attributs du produit \u00e0 pr\u00e9senter et \u00e0 d\u00e9terminer la mani\u00e8re dont ils sont pr\u00e9sent\u00e9s. De plus, ce plugin est m\u00e9ticuleusement con\u00e7u pour \u00eatre enti\u00e8rement compatible avec les appareils mobiles, garantissant ainsi que les clients peuvent parcourir et acheter des produits de mani\u00e8re transparente, quel que soit l&rsquo;appareil qu&rsquo;ils utilisent. En conclusion, le plugin WooCommerce Variations to Table Grid est un outil indispensable pour toute boutique en ligne qui cherche \u00e0 \u00e9lever leur exp\u00e9rience client et \u00e0 augmenter ses ventes.<\/p>\n<ul>\n<li>Organise et affiche vos variations de produit WooCommerce dans un format de grille<\/li>\n<li>Fournit une interface conviviale pour vos clients pour afficher et s\u00e9lectionner facilement les variations<\/li>\n<li>Permet le tri et le filtrage des variations par des attributs, tels que la taille ou la couleur<\/li>\n<li>Affiche les niveaux de stock pour chaque variation, donnant aux clients la transparence et aide \u00e0 l&rsquo;achat de prise de d\u00e9cision<\/li>\n<li>Am\u00e9liore l&rsquo;exp\u00e9rience d&rsquo;achat globale des clients, conduisant \u00e0 une augmentation des ventes et \u00e0 la satisfaction des clients<\/li>\n<li>Peut \u00eatre personnalis\u00e9 avec divers styles et conceptions pour correspondre \u00e0 l&rsquo;apparence de votre site Web<\/li>\n<li>Gagnez du temps pour les propri\u00e9taires de magasins en g\u00e9n\u00e9rant automatiquement la grille de table en fonction de vos variations de produit<\/li>\n<li>Compatible avec tous les th\u00e8mes et plugins WooCommerce, assurant une int\u00e9gration transparente dans votre boutique en ligne.<\/li>\n<\/ul>\n","protected":false},"excerpt":{"rendered":"<p>Le plugin WooCommerce au plugin de grille de table est un outil incroyable qui vous permet de transformer de mani\u00e8re transparente vos variations de produits en une vue de grille de table tr\u00e8s attrayante et tr\u00e8s conviviale, facilitant ainsi la gestion sans effort et assurant une exp\u00e9rience utilisateur am\u00e9lior\u00e9e. En tirant parti de la puissance de ce plugin ph\u00e9nom\u00e9nal, vous gagnez la capacit\u00e9 de pr\u00e9senter sans effort toutes vos variations de produits diverses, englobant des aspects cruciaux tels que la taille, la couleur et le mat\u00e9riel, dans un format de table m\u00e9ticuleusement organis\u00e9, simplifiant ainsi le processus ardu de comparer et de s\u00e9lectionner Les options les plus appropri\u00e9es qui s&rsquo;alignent de mani\u00e8re transparente avec les pr\u00e9f\u00e9rences et les exigences uniques de vos clients estim\u00e9s. De plus, un aspect remarquable de ce plugin est sa flexibilit\u00e9 inn\u00e9e, car elle vous permet de personnaliser habilement les attributs esth\u00e9tiques de la table, vous permettant de m\u00e9ticulent m\u00e9ticuleusement son apparence pour r\u00e9sonner impeccablement avec vos strat\u00e9gies de marque distinctes ou le th\u00e8me global de votre site Web estim\u00e9. . En adoptant les capacit\u00e9s r\u00e9volutionnaires offertes par les variations WooCommerce au plugin de r\u00e9seau de table, vous pouvez optimiser efficacement votre temps pr\u00e9cieux et renforcer avec diligence l&rsquo;exp\u00e9rience d&rsquo;achat globale de vos clients ch\u00e9ris, \u00e9tablissant ainsi un avantage comp\u00e9titif in\u00e9gal\u00e9 dans le paysage \u00e9lectronique indemne du commerce \u00e9lectronique.<\/p>\n","protected":false},"featured_media":146066,"comment_status":"open","ping_status":"open","template":"","meta":[],"product_brand":[2435],"product_cat":[1182,1223,1181],"product_tag":[1231],"class_list":{"0":"post-119379","1":"product","2":"type-product","3":"status-publish","4":"has-post-thumbnail","6":"product_brand-codecanyon","7":"product_cat-commerce-electronique-plugins","8":"product_cat-personnalisation-commerce-electronique-plugins","9":"product_cat-plugins","10":"product_tag-codecanyon","11":"member-discount","12":"discount-restricted","14":"first","15":"instock","16":"sale","17":"downloadable","18":"virtual","19":"sold-individually","20":"purchasable","21":"product-type-simple"},"_links":{"self":[{"href":"https:\/\/gpl-love.com\/fr\/wp-json\/wp\/v2\/product\/119379","targetHints":{"allow":["GET"]}}],"collection":[{"href":"https:\/\/gpl-love.com\/fr\/wp-json\/wp\/v2\/product"}],"about":[{"href":"https:\/\/gpl-love.com\/fr\/wp-json\/wp\/v2\/types\/product"}],"replies":[{"embeddable":true,"href":"https:\/\/gpl-love.com\/fr\/wp-json\/wp\/v2\/comments?post=119379"}],"wp:featuredmedia":[{"embeddable":true,"href":"https:\/\/gpl-love.com\/fr\/wp-json\/wp\/v2\/media\/146066"}],"wp:attachment":[{"href":"https:\/\/gpl-love.com\/fr\/wp-json\/wp\/v2\/media?parent=119379"}],"wp:term":[{"taxonomy":"product_brand","embeddable":true,"href":"https:\/\/gpl-love.com\/fr\/wp-json\/wp\/v2\/product_brand?post=119379"},{"taxonomy":"product_cat","embeddable":true,"href":"https:\/\/gpl-love.com\/fr\/wp-json\/wp\/v2\/product_cat?post=119379"},{"taxonomy":"product_tag","embeddable":true,"href":"https:\/\/gpl-love.com\/fr\/wp-json\/wp\/v2\/product_tag?post=119379"}],"curies":[{"name":"wp","href":"https:\/\/api.w.org\/{rel}","templated":true}]}}