{"id":119377,"date":"2025-11-10T00:00:00","date_gmt":"2025-11-09T23:00:00","guid":{"rendered":"https:\/\/gpl-love.com\/fr\/produit\/give-form-field-manager\/"},"modified":"2026-03-20T23:16:44","modified_gmt":"2026-03-20T22:16:44","slug":"give-form-field-manager","status":"publish","type":"product","link":"https:\/\/gpl-love.com\/fr\/produit\/give-form-field-manager\/","title":{"rendered":"GiveWP Form Field Manager 3.2.1"},"content":{"rendered":"<h3>GiveWP Form Field Manager Traits<\/h3>\n<p>Le GiveWP Form Field Manager est un outil incroyablement puissant et tr\u00e8s efficace qui a \u00e9t\u00e9 sp\u00e9cialement con\u00e7u pour aider les propri\u00e9taires de sites Web et les d\u00e9veloppeurs dans la cr\u00e9ation de formes personnalis\u00e9es sans effort et efficacement. Ce plugin WordPress exceptionnel permet aux utilisateurs de leur accorder la possibilit\u00e9 d&rsquo;ajouter, de supprimer et de personnaliser de mani\u00e8re transparente les champs de formulaire avec la plus grande facilit\u00e9 et la plus grande commodit\u00e9, le tout en quelques clics sans effort. En fournissant aux utilisateurs un contr\u00f4le complet sur l&rsquo;apparence globale et la fonctionnalit\u00e9 de leurs formulaires, le GiveWP Form Field Manager excelle vraiment dans son objectif. De plus, ce plugin remarquable permet aux utilisateurs de g\u00e9n\u00e9rer parfaitement un nombre infini de formulaires, de adapter les messages de validation \u00e0 leurs exigences sp\u00e9cifiques et m\u00eame d&rsquo;\u00e9tablir des mappages de champ personnalis\u00e9s pour leurs formes de don GiveWP estim\u00e9es. La polyvalence in\u00e9gal\u00e9e de cet outil remarquable garantit certainement que le processus de fabrication de formes personnalis\u00e9es est une exp\u00e9rience vraiment simple et agr\u00e9able, ce qui permet en fin de compte des utilisateurs un d\u00e9lai inestimable et d&rsquo;augmenter consid\u00e9rablement leurs taux de conversion. Que l&rsquo;on cherche \u00e0 fabriquer un formulaire de contact humble et simple ou \u00e0 plonger dans les domaines d&rsquo;une forme de don plus complexe et plus \u00e9labor\u00e9e, le gestionnaire de champs de formulaire BidWP appara\u00eet certainement comme le choix in\u00e9gal\u00e9 qui garantit des r\u00e9sultats optimaux.<\/p>\n<ul>\n<li>Vous donne un contr\u00f4le total sur l&rsquo;apparence de vos formulaires de don de donwp<\/li>\n<li>Personnalise les champs de formulaire et leurs attributs pour r\u00e9pondre aux besoins uniques de votre organisme \u00e0 but non lucratif<\/li>\n<li>Interface de glisser-d\u00e9poser facile \u00e0 utiliser pour organiser les champs de formulaire<\/li>\n<li>Offre la possibilit\u00e9 de cr\u00e9er des groupes de champs de formulaires illimit\u00e9s pour un processus de don plus rationalis\u00e9<\/li>\n<li>Option pour d\u00e9finir les valeurs de champ par d\u00e9faut, gagner du temps et des tracas des donateurs<\/li>\n<li>Options de formulaires de plusieurs pages pour des formulaires de dons plus longs et plus complexes<\/li>\n<li>Int\u00e9gration transparente avec les outils de rapport de GiveWP pour suivre les donn\u00e9es de formulaire et les tendances de don<\/li>\n<li>Documentation approfondie et personnel de soutien utile disponible pour les besoins de d\u00e9pannage ou de personnalisation<\/li>\n<\/ul>\n","protected":false},"excerpt":{"rendered":"<p>Le GiveWP Form Field Manager est un outil extr\u00eamement robuste et adepte qui facilite la gestion transparente de vos formulaires de don. En utilisant ce plugin exceptionnel, vous \u00eates accord\u00e9 \u00e0 la capacit\u00e9 remarquable de ajouter, d&rsquo;\u00e9liminer et de r\u00e9organiser de mani\u00e8re transparente les champs de formulaire, forgeant ainsi une exp\u00e9rience de don sans \u00e9gal et sans pr\u00e9c\u00e9dent pour vos donateurs estim\u00e9s. Par cons\u00e9quent, vous avez une occasion in\u00e9gal\u00e9e de personnaliser et d&rsquo;adapter vos formulaires pour englober l&rsquo;imp\u00e9ratif de champs pr\u00e9cis pour la collection efficace d&rsquo;informations n\u00e9cessaires, le tout dans une interface singuli\u00e8re et conviviale. En exploitant le potentiel du gestionnaire de champs GiveWP Form, vous pouvez rationaliser efficacement le processus d&rsquo;acquisition de dons, le rendre beaucoup plus opportun pour vos donateurs ch\u00e9ris, augmenter par cons\u00e9quent vos efforts de collecte de fonds et l&rsquo;optimisation de vos r\u00e9sultats souhait\u00e9s.<\/p>\n","protected":false},"featured_media":144001,"comment_status":"open","ping_status":"open","template":"","meta":[],"product_brand":[2561],"product_cat":[1189,1181,1186],"product_tag":[2282],"class_list":{"0":"post-119377","1":"product","2":"type-product","3":"status-publish","4":"has-post-thumbnail","6":"product_brand-givewp","7":"product_cat-personnalisation","8":"product_cat-plugins","9":"product_cat-wordpress-plugins","10":"product_tag-givewp","11":"member-discount","12":"discount-restricted","14":"first","15":"instock","16":"sale","17":"downloadable","18":"virtual","19":"sold-individually","20":"purchasable","21":"product-type-simple"},"_links":{"self":[{"href":"https:\/\/gpl-love.com\/fr\/wp-json\/wp\/v2\/product\/119377","targetHints":{"allow":["GET"]}}],"collection":[{"href":"https:\/\/gpl-love.com\/fr\/wp-json\/wp\/v2\/product"}],"about":[{"href":"https:\/\/gpl-love.com\/fr\/wp-json\/wp\/v2\/types\/product"}],"replies":[{"embeddable":true,"href":"https:\/\/gpl-love.com\/fr\/wp-json\/wp\/v2\/comments?post=119377"}],"wp:featuredmedia":[{"embeddable":true,"href":"https:\/\/gpl-love.com\/fr\/wp-json\/wp\/v2\/media\/144001"}],"wp:attachment":[{"href":"https:\/\/gpl-love.com\/fr\/wp-json\/wp\/v2\/media?parent=119377"}],"wp:term":[{"taxonomy":"product_brand","embeddable":true,"href":"https:\/\/gpl-love.com\/fr\/wp-json\/wp\/v2\/product_brand?post=119377"},{"taxonomy":"product_cat","embeddable":true,"href":"https:\/\/gpl-love.com\/fr\/wp-json\/wp\/v2\/product_cat?post=119377"},{"taxonomy":"product_tag","embeddable":true,"href":"https:\/\/gpl-love.com\/fr\/wp-json\/wp\/v2\/product_tag?post=119377"}],"curies":[{"name":"wp","href":"https:\/\/api.w.org\/{rel}","templated":true}]}}