{"id":119360,"date":"2022-02-01T00:00:00","date_gmt":"2022-01-31T23:00:00","guid":{"rendered":"https:\/\/gpl-love.com\/fr\/produit\/kuteshop-multipurpose-woocommerce-wordpress-theme\/"},"modified":"2026-03-20T23:21:43","modified_gmt":"2026-03-20T22:21:43","slug":"kuteshop-multipurpose-woocommerce-wordpress-theme","status":"publish","type":"product","link":"https:\/\/gpl-love.com\/fr\/produit\/kuteshop-multipurpose-woocommerce-wordpress-theme\/","title":{"rendered":"KuteShop Multipurpose WooCommerce WordPress Theme 4.0.6"},"content":{"rendered":"<h3>KuteShop Multipurpose WooCommerce WordPress Theme Traits<\/h3>\n<p>Le th\u00e8me WOOCommerce WOOCommerce KUTESHOP, avec sa polyvalence et sa nature dynamique, a \u00e9t\u00e9 m\u00e9ticuleusement con\u00e7u pour r\u00e9pondre aux nombreuses exigences de tout site Web de commerce \u00e9lectronique. B\u00e9n\u00e9ficiant d&rsquo;une compatibilit\u00e9 compl\u00e8te avec WooCommerce, ce th\u00e8me a \u00e9t\u00e9 con\u00e7u avec une myriade d&rsquo;options de personnalisation, en veillant \u00e0 ce que votre site Web soit pr\u00e9cis\u00e9ment conforme \u00e0 vos sp\u00e9cifications uniques. \u00c9quip\u00e9 d&rsquo;une interface conviviale et d&rsquo;une conception immacul\u00e9e, KUTESHOP facilite de mani\u00e8re transparente la navigation sans effort pour les clients, leur permettant de localiser sans effort les produits qu&rsquo;ils recherchent. De plus, ce th\u00e8me exceptionnel comprend un \u00e9ventail de fonctionnalit\u00e9s remarquables, y compris des sch\u00e9mas de couleurs sans limites, une disposition r\u00e9active et des widgets personnalisables, en le rendant le choix par excellence pour tout genre de boutique en ligne. Que ce soit des v\u00eatements, de l&rsquo;\u00e9lectronique ou de toute autre cat\u00e9gorie de produits, Kutehop \u00e9merge sans aucun doute comme la solution d\u00e9finitive pour \u00e9tablir une pr\u00e9sence en ligne poli et percutante.<\/p>\n<ul>\n<li>Th\u00e8me WooCommerce polyvalent et flexible pour les sites Web WordPress<\/li>\n<li>Enti\u00e8rement r\u00e9actif et optimis\u00e9 pour les appareils mobiles<\/li>\n<li>Livr\u00e9 avec plusieurs options de page d&rsquo;accueil et de mise en page \u00e0 choisir<\/li>\n<li>Prise en charge int\u00e9gr\u00e9e pour divers plugins WooCommerce et compl\u00e9ments<\/li>\n<li>Personnalisation facile avec le g\u00e9n\u00e9rateur de pages glisser-d\u00e9poser et les options de th\u00e8me en direct<\/li>\n<li>Comprend des pages et des mod\u00e8les pr\u00e9d\u00e9finis pour des pages de sites Web communs tels que nous, Contact, Blog, et plus<\/li>\n<li>SEO convivial et optimis\u00e9 pour les vitesses de chargement rapide<\/li>\n<li>Compatible avec les plugins WordPress populaires pour des fonctionnalit\u00e9s suppl\u00e9mentaires<\/li>\n<li>L&rsquo;\u00e9quipe de support d\u00e9di\u00e9e et la documentation approfondie incluse<\/li>\n<li>Mises \u00e0 jour r\u00e9guli\u00e8res et am\u00e9liorations du th\u00e8me pour rester \u00e0 jour avec les derni\u00e8res tendances de la conception et de la fonctionnalit\u00e9 Web.<\/li>\n<\/ul>\n","protected":false},"excerpt":{"rendered":"<p>Kuteshop, un th\u00e8me WordPress polyvalent tr\u00e8s polyvalent et robuste m\u00e9ticuleusement con\u00e7u pour WooCommerce, offre une immense flexibilit\u00e9. Il vous accorde des opportunit\u00e9s illimit\u00e9es de fa\u00e7onner une boutique en ligne exceptionnelle qui d\u00e9gage une aura \u00e9l\u00e9gante et contemporaine. B\u00e9n\u00e9ficiant d&rsquo;une r\u00e9activit\u00e9 compl\u00e8te, ce th\u00e8me est \u00e9quip\u00e9 d&rsquo;une vaste gamme de dispositions, de widgets et de fonctionnalit\u00e9s pr\u00e9-con\u00e7us qui \u00e9l\u00e8veront incontestablement votre entreprise en ligne au premier plan. Avec Kuteshop, vous pouvez pr\u00e9senter sans effort vos produits de la mani\u00e8re la plus optimale, g\u00e9rer de mani\u00e8re transparente votre inventaire et traiter de mani\u00e8re transparente les paiements. Ce th\u00e8me s&rsquo;av\u00e8re id\u00e9al pour toute boutique en ligne, englobant un large \u00e9ventail d&rsquo;industries, telles que la mode, l&rsquo;\u00e9lectronique, les meubles et les cadeaux. Obtenez Kutehop aujourd&rsquo;hui et lancez-vous dans le voyage de construction de votre boutique en ligne id\u00e9ale.<\/p>\n","protected":false},"featured_media":144325,"comment_status":"open","ping_status":"open","template":"","meta":[],"product_brand":[2433],"product_cat":[1214,1212,1213],"product_tag":[1366],"class_list":{"0":"post-119360","1":"product","2":"type-product","3":"status-publish","4":"has-post-thumbnail","6":"product_brand-themeforest","7":"product_cat-polyvalent","8":"product_cat-themes","9":"product_cat-wordpress-themes","10":"product_tag-themeforest","11":"member-discount","12":"discount-restricted","14":"first","15":"instock","16":"sale","17":"downloadable","18":"virtual","19":"sold-individually","20":"purchasable","21":"product-type-simple"},"_links":{"self":[{"href":"https:\/\/gpl-love.com\/fr\/wp-json\/wp\/v2\/product\/119360","targetHints":{"allow":["GET"]}}],"collection":[{"href":"https:\/\/gpl-love.com\/fr\/wp-json\/wp\/v2\/product"}],"about":[{"href":"https:\/\/gpl-love.com\/fr\/wp-json\/wp\/v2\/types\/product"}],"replies":[{"embeddable":true,"href":"https:\/\/gpl-love.com\/fr\/wp-json\/wp\/v2\/comments?post=119360"}],"wp:featuredmedia":[{"embeddable":true,"href":"https:\/\/gpl-love.com\/fr\/wp-json\/wp\/v2\/media\/144325"}],"wp:attachment":[{"href":"https:\/\/gpl-love.com\/fr\/wp-json\/wp\/v2\/media?parent=119360"}],"wp:term":[{"taxonomy":"product_brand","embeddable":true,"href":"https:\/\/gpl-love.com\/fr\/wp-json\/wp\/v2\/product_brand?post=119360"},{"taxonomy":"product_cat","embeddable":true,"href":"https:\/\/gpl-love.com\/fr\/wp-json\/wp\/v2\/product_cat?post=119360"},{"taxonomy":"product_tag","embeddable":true,"href":"https:\/\/gpl-love.com\/fr\/wp-json\/wp\/v2\/product_tag?post=119360"}],"curies":[{"name":"wp","href":"https:\/\/api.w.org\/{rel}","templated":true}]}}