{"id":119358,"date":"2022-02-12T00:00:00","date_gmt":"2022-02-11T23:00:00","guid":{"rendered":"https:\/\/gpl-love.com\/fr\/produit\/charitable-recurring-donations\/"},"modified":"2026-03-20T22:58:21","modified_gmt":"2026-03-20T21:58:21","slug":"charitable-recurring-donations","status":"publish","type":"product","link":"https:\/\/gpl-love.com\/fr\/produit\/charitable-recurring-donations\/","title":{"rendered":"Charitable Recurring Donations 1.2.16"},"content":{"rendered":"<h3>Charitable Recurring Donations Traits<\/h3>\n<p>Le produit de dons r\u00e9currents caritatifs facilite la capacit\u00e9 pour les individus et les organisations de contribuer r\u00e9guli\u00e8rement \u00e0 leurs organisations caritatives pr\u00e9f\u00e9r\u00e9es. Ce produit innovant permet aux donateurs d&rsquo;\u00e9tablir des dons mensuels ou annuels automatis\u00e9s, garantissant ainsi que ces entit\u00e9s caritatives re\u00e7oivent un afflux coh\u00e9rent et fiable de ressources financi\u00e8res. En outre, les donateurs conservent la flexibilit\u00e9 pour personnaliser la valeur mon\u00e9taire sp\u00e9cifique de leurs dons r\u00e9currents, tout en b\u00e9n\u00e9ficiant de la commodit\u00e9 de modifier ou de mettre fin \u00e0 leurs contributions sans effort \u00e0 tout moment. En adoptant l&rsquo;utilisation de dons r\u00e9currents caritatifs, non seulement ces efforts philanthropiques renforcent l&rsquo;avancement continu des initiatives de bienfaisance vitales, mais ils fournissent \u00e9galement aux donateurs un moyen adapt\u00e9 aux utilisateurs et sans stress d&rsquo;effectuer un changement positif au sein de leurs communaut\u00e9s et au-del\u00e0.<\/p>\n<ul>\n<li>Moyen pratique et sans tracas de faire des dons mensuels \u00e0 vos organismes de bienfaisance pr\u00e9f\u00e9r\u00e9s<\/li>\n<li>Capacit\u00e9 \u00e0 s\u00e9lectionner parmi un large \u00e9ventail d&rsquo;organisations \u00e0 but non lucratif r\u00e9put\u00e9es<\/li>\n<li>D\u00e9duction automatique de la m\u00e9thode de paiement choisie<\/li>\n<li>Possibilit\u00e9 d&rsquo;ajuster facilement les montants de don ou de faire une pause \/ annuler les dons r\u00e9currents \u00e0 tout moment<\/li>\n<li>Mises \u00e0 jour r\u00e9guli\u00e8res sur l&rsquo;impact de vos contributions et des r\u00e9sultats qui changent la vie pour ceux qui en ont besoin<\/li>\n<li>Option pour personnaliser les messages de don pour des organismes de bienfaisance individuels<\/li>\n<li>Traitement des paiements s\u00e9curis\u00e9s et chiffr\u00e9s pour la tranquillit\u00e9 d&rsquo;esprit<\/li>\n<li>Satisfaction de savoir que vous faites une diff\u00e9rence \u00e0 long terme dans le monde.<\/li>\n<\/ul>\n","protected":false},"excerpt":{"rendered":"<p>Faites la diff\u00e9rence avec notre plateforme de dons r\u00e9currentes de bienfaisance! Cet outil facile \u00e0 utiliser vous permet de soutenir vos causes pr\u00e9f\u00e9r\u00e9es avec des dons r\u00e9guliers et automatiques. Vous n&rsquo;aurez plus \u00e0 vous rappeler de faire vos contributions de bienfaisance chaque mois &#8211; notre syst\u00e8me convivial s&rsquo;occupe de vous! S\u00e9lectionnez simplement vos organismes de bienfaisance pr\u00e9f\u00e9r\u00e9s, d\u00e9cidez du montant que vous souhaitez donner r\u00e9guli\u00e8rement et notre plate-forme g\u00e9rera le reste. Avec notre syst\u00e8me de dons r\u00e9currents de bienfaisance, le redonner n&rsquo;a jamais \u00e9t\u00e9 plus facile ou plus pratique. Utilisez cet outil pour avoir un impact coh\u00e9rent, soutenir les causes qui vous tiennent \u00e0 c\u0153ur et ressentez la joie et la satisfaction de la philanthropie continue.<\/p>\n","protected":false},"featured_media":143376,"comment_status":"open","ping_status":"open","template":"","meta":[],"product_brand":[2490],"product_cat":[1189,1181,1186],"product_tag":[2271],"class_list":{"0":"post-119358","1":"product","2":"type-product","3":"status-publish","4":"has-post-thumbnail","6":"product_brand-wp-charitable","7":"product_cat-personnalisation","8":"product_cat-plugins","9":"product_cat-wordpress-plugins","10":"product_tag-wp-charitable","11":"member-discount","12":"discount-restricted","14":"first","15":"instock","16":"sale","17":"downloadable","18":"virtual","19":"sold-individually","20":"purchasable","21":"product-type-simple"},"_links":{"self":[{"href":"https:\/\/gpl-love.com\/fr\/wp-json\/wp\/v2\/product\/119358","targetHints":{"allow":["GET"]}}],"collection":[{"href":"https:\/\/gpl-love.com\/fr\/wp-json\/wp\/v2\/product"}],"about":[{"href":"https:\/\/gpl-love.com\/fr\/wp-json\/wp\/v2\/types\/product"}],"replies":[{"embeddable":true,"href":"https:\/\/gpl-love.com\/fr\/wp-json\/wp\/v2\/comments?post=119358"}],"wp:featuredmedia":[{"embeddable":true,"href":"https:\/\/gpl-love.com\/fr\/wp-json\/wp\/v2\/media\/143376"}],"wp:attachment":[{"href":"https:\/\/gpl-love.com\/fr\/wp-json\/wp\/v2\/media?parent=119358"}],"wp:term":[{"taxonomy":"product_brand","embeddable":true,"href":"https:\/\/gpl-love.com\/fr\/wp-json\/wp\/v2\/product_brand?post=119358"},{"taxonomy":"product_cat","embeddable":true,"href":"https:\/\/gpl-love.com\/fr\/wp-json\/wp\/v2\/product_cat?post=119358"},{"taxonomy":"product_tag","embeddable":true,"href":"https:\/\/gpl-love.com\/fr\/wp-json\/wp\/v2\/product_tag?post=119358"}],"curies":[{"name":"wp","href":"https:\/\/api.w.org\/{rel}","templated":true}]}}