{"id":119354,"date":"2026-01-10T00:00:00","date_gmt":"2026-01-09T23:00:00","guid":{"rendered":"https:\/\/gpl-love.com\/fr\/produit\/wp-adverts-plugin\/"},"modified":"2026-03-20T23:49:24","modified_gmt":"2026-03-20T22:49:24","slug":"wp-adverts-plugin","status":"publish","type":"product","link":"https:\/\/gpl-love.com\/fr\/produit\/wp-adverts-plugin\/","title":{"rendered":"WP Adverts Plugin 2.2.11"},"content":{"rendered":"<h3>WP Adverts Plugin Traits<\/h3>\n<p>Le plugin WP Adverts, un outil incroyablement robuste, a \u00e9t\u00e9 sp\u00e9cifiquement d\u00e9velopp\u00e9 pour les sites Web WordPress afin de faciliter la cr\u00e9ation sans effort et la gestion m\u00e9ticuleuse des publicit\u00e9s. Ce plugin remarquable poss\u00e8de une interface remarquablement conviviale qui simplifie le processus de fabrication et de publication des publicit\u00e9s dans une myriade de formats, allant des publicit\u00e9s de texte captivantes \u00e0 des publicit\u00e9s d&rsquo;image et vid\u00e9o visuellement \u00e9tonnantes. Avec le plugin WP Adverts, les utilisateurs ont la capacit\u00e9 remarquable de personnaliser et de personnaliser des mod\u00e8les, des cat\u00e9gories et des champs, leur permettant ainsi le luxe de l&rsquo;adaptation du processus de cr\u00e9ation d&rsquo;annonces pour s&rsquo;aligner parfaitement avec leurs besoins et pr\u00e9f\u00e9rences individuels. En outre, ce plugin exceptionnel offre aux utilisateurs un large \u00e9ventail d&rsquo;options de paiement parmi lesquelles choisir, y compris le PayPal et la bande toujours populaires, acc\u00e9l\u00e9rant et rationalisant ainsi le processus de transaction. Que l&rsquo;objectif soit \u00e0 accomplir de promouvoir efficacement une entreprise en plein essor ou de vendre une gamme diversifi\u00e9e de produits, il est indubitablement clair que le plugin Adverts WP est sans aucun doute le choix par excellence pour g\u00e9rer les publicit\u00e9s sur les sites Web WordPress avec une efficacit\u00e9 et une fiabilit\u00e9 in\u00e9gal\u00e9es.<\/p>\n<ul>\n<li>Un puissant plugin WordPress con\u00e7u pour rendre la gestion des annonces sur votre site Web simple et pratique.<\/li>\n<li>Vous permet de cr\u00e9er et d&rsquo;afficher des annonces sur plusieurs pages et zones de votre site, avec une large gamme d&rsquo;options de personnalisation.<\/li>\n<li>Comprend des fonctionnalit\u00e9s telles que la planification d&rsquo;annonces, la g\u00e9omarbite et la rotation d&rsquo;annonces, vous donnant un contr\u00f4le complet sur la fa\u00e7on et le moment o\u00f9 vos annonces sont pr\u00e9sent\u00e9es \u00e0 votre public.<\/li>\n<li>Offre une interface conviviale qui facilite m\u00eame les d\u00e9butants de cr\u00e9er et de g\u00e9rer les annonces sans aucune connaissance de codage.<\/li>\n<li>Peut \u00eatre utilis\u00e9 pour afficher divers types d&rsquo;annonces, y compris des banni\u00e8res, des annonces de texte et des vid\u00e9os, vous donnant une flexibilit\u00e9 dans votre strat\u00e9gie d&rsquo;annonce.<\/li>\n<li>Offre une compatibilit\u00e9 avec une large gamme de th\u00e8mes et plugins WordPress, assurant une int\u00e9gration transparente dans votre site WordPress.<\/li>\n<li>Fournit des analyses et des rapports d\u00e9taill\u00e9s, afin que vous puissiez suivre les performances de vos annonces et prendre des d\u00e9cisions bas\u00e9es sur les donn\u00e9es pour optimiser votre strat\u00e9gie.<\/li>\n<li>Offre une conception r\u00e9active, donc vos annonces auront fi\u00e8re allure sur n&rsquo;importe quel appareil, quelle que soit la taille ou la r\u00e9solution de l&rsquo;\u00e9cran.<\/li>\n<\/ul>\n","protected":false},"excerpt":{"rendered":"<p>Le plugin WP Adverts, un outil incroyablement robuste et efficace, sert d&rsquo;atout exceptionnel dans la gestion et la pr\u00e9sentation efficaces des publicit\u00e9s sur votre site Web WordPress. Emball\u00e9 avec une pl\u00e9thore de fonctionnalit\u00e9s conviviales, telles que la s\u00e9lection des annonces personnalisables et les options de planification flexibles, ce plugin se pr\u00e9sente comme une aide inestimable pour rationaliser et affiner la strat\u00e9gie de mon\u00e9tisation de votre site Web. De plus, sa conception r\u00e9active in\u00e9gal\u00e9e garantit que vos annonces conserveront leur apparence impeccable sur tous les appareils imaginables. Que vous vous identifiiez en tant que blogueur d\u00e9di\u00e9, \u00e9minent \u00e9diteur ou propri\u00e9taire d&rsquo;entreprise entreprenant, le plugin de publicit\u00e9s WP r\u00e9pond de mani\u00e8re transparente \u00e0 vos besoins divers, ce qui vous permet en fin de compte d&rsquo;exploiter le plus grand potentiel des revenus publicitaires de votre site Web.<\/p>\n","protected":false},"featured_media":146127,"comment_status":"open","ping_status":"open","template":"","meta":[],"product_brand":[2711],"product_cat":[1207,1181,1186],"product_tag":[2269],"class_list":{"0":"post-119354","1":"product","2":"type-product","3":"status-publish","4":"has-post-thumbnail","6":"product_brand-wp-adverts","7":"product_cat-commercialisation-wordpress-plugins","8":"product_cat-plugins","9":"product_cat-wordpress-plugins","10":"product_tag-wp-adverts","11":"member-discount","12":"discount-restricted","14":"first","15":"instock","16":"sale","17":"downloadable","18":"virtual","19":"sold-individually","20":"purchasable","21":"product-type-simple"},"_links":{"self":[{"href":"https:\/\/gpl-love.com\/fr\/wp-json\/wp\/v2\/product\/119354","targetHints":{"allow":["GET"]}}],"collection":[{"href":"https:\/\/gpl-love.com\/fr\/wp-json\/wp\/v2\/product"}],"about":[{"href":"https:\/\/gpl-love.com\/fr\/wp-json\/wp\/v2\/types\/product"}],"replies":[{"embeddable":true,"href":"https:\/\/gpl-love.com\/fr\/wp-json\/wp\/v2\/comments?post=119354"}],"wp:featuredmedia":[{"embeddable":true,"href":"https:\/\/gpl-love.com\/fr\/wp-json\/wp\/v2\/media\/146127"}],"wp:attachment":[{"href":"https:\/\/gpl-love.com\/fr\/wp-json\/wp\/v2\/media?parent=119354"}],"wp:term":[{"taxonomy":"product_brand","embeddable":true,"href":"https:\/\/gpl-love.com\/fr\/wp-json\/wp\/v2\/product_brand?post=119354"},{"taxonomy":"product_cat","embeddable":true,"href":"https:\/\/gpl-love.com\/fr\/wp-json\/wp\/v2\/product_cat?post=119354"},{"taxonomy":"product_tag","embeddable":true,"href":"https:\/\/gpl-love.com\/fr\/wp-json\/wp\/v2\/product_tag?post=119354"}],"curies":[{"name":"wp","href":"https:\/\/api.w.org\/{rel}","templated":true}]}}