{"id":119352,"date":"2021-11-13T00:00:00","date_gmt":"2021-11-12T23:00:00","guid":{"rendered":"https:\/\/gpl-love.com\/fr\/produit\/gamipress-mark-as-completed-wordpress-plugin\/"},"modified":"2026-03-20T23:15:57","modified_gmt":"2026-03-20T22:15:57","slug":"gamipress-mark-as-completed-wordpress-plugin","status":"publish","type":"product","link":"https:\/\/gpl-love.com\/fr\/produit\/gamipress-mark-as-completed-wordpress-plugin\/","title":{"rendered":"GamiPress Mark As Completed WordPress Plugin 1.0.4"},"content":{"rendered":"<h3>GamiPress Mark As Completed WordPress Plugin Traits<\/h3>\n<p>La marque Gamipress en tant que plugin WordPress termin\u00e9 est un outil incroyablement robuste et puissant qui donne aux utilisateurs la possibilit\u00e9 de g\u00e9rer efficacement et de suivre m\u00e9ticuleusement la progression des individus sur leur site WordPress. En incorporant ce plugin dans leur site Web, les utilisateurs peuvent d\u00e9signer sans effort n&rsquo;importe quelle publication, page ou type de publication personnalis\u00e9 comme \u00ab\u00a0termin\u00e9\u00a0\u00bb une fois qu&rsquo;un utilisateur a conclu avec succ\u00e8s sa session de lecture ou a ex\u00e9cut\u00e9 une action sp\u00e9cifique. Cette caract\u00e9ristique ing\u00e9nieuse contribue consid\u00e9rablement \u00e0 la cr\u00e9ation d&rsquo;un contenu captivant et passionnant, servant ainsi de catalyseur pour une implication accrue des utilisateurs et une participation active. En outre, le plugin pr\u00e9sente \u00e9galement aux utilisateurs la possibilit\u00e9 de r\u00e9compenser et de reconna\u00eetre les r\u00e9alisations des personnes qui ont accompli avec diligence leurs t\u00e2ches, favorisant ainsi un sentiment de motivation et les captivant pour retourner sur le site et persister avec leur progression. Par cons\u00e9quent, la marque Gamipress en tant que plugin WordPress termin\u00e9 se distingue comme une ressource facilement accessible et simple, offrant une approche transparente et efficace pour g\u00e9rer la progression des utilisateurs et stimuler l&rsquo;engagement des utilisateurs dans les limites de son site WordPress.<\/p>\n<ul>\n<li>Permet aux utilisateurs de marquer des t\u00e2ches ou des r\u00e9alisations telles que compl\u00e9t\u00e9es dans WordPress<\/li>\n<li>Fournit une interface conviviale avec des indicateurs d&rsquo;\u00e9tat d&rsquo;ach\u00e8vement clair<\/li>\n<li>S&rsquo;int\u00e8gre facilement \u00e0 Gamipress, un plugin de gamification populaire pour WordPress<\/li>\n<li>Prend en charge les types de poste et les taxonomies personnalis\u00e9s pour des cas d&rsquo;utilisation flexibles<\/li>\n<li>Comprend divers param\u00e8tres de personnalisation, tels que les options d&rsquo;affichage de date d&rsquo;ach\u00e8vement et d&rsquo;heure<\/li>\n<li>Compatible avec les constructeurs de pages populaires comme Elementor et Beaver Builder<\/li>\n<li>Fonctionne parfaitement avec d&rsquo;autres modules compl\u00e9mentaires Gamipress pour une solution de gamification compl\u00e8te<\/li>\n<li>Stimule l&rsquo;engagement et la motivation des utilisateurs en fournissant un sentiment d&rsquo;accomplissement et de suivi des progr\u00e8s<\/li>\n<li>Gagasse du temps et des efforts pour les administrateurs de sites WordPress en automatisant les mises \u00e0 jour du statut d&rsquo;ach\u00e8vement<\/li>\n<li>Fournit une documentation d\u00e9taill\u00e9e et une prise en charge r\u00e9active pour les utilisateurs.<\/li>\n<\/ul>\n","protected":false},"excerpt":{"rendered":"<p>La marque Gamipress en tant que plugin WordPress termin\u00e9, r\u00e9put\u00e9e pour ses capacit\u00e9s exceptionnelles, sert d&rsquo;instrument inestimable pour surveiller efficacement les progr\u00e8s des utilisateurs sur votre site Web. Au moyen de ce plugin extraordinaire, vous pouvez d\u00e9signer sans effort l&rsquo;\u00e9tat d&rsquo;ach\u00e8vement \u00e0 une t\u00e2che ou objectif donn\u00e9, examinant par la suite la progression des utilisateurs \u00e0 travers une gamme diversifi\u00e9e de mesures multiples. Que ce soit le fonctionnement d&rsquo;un cours en ligne, l&rsquo;administration d&rsquo;un site d&rsquo;adh\u00e9sion ou le simple d\u00e9sir d&rsquo;int\u00e9grer la gamification dans votre site Web, soyez assur\u00e9 que Gamipress est la solution ultime. Par cons\u00e9quent, si l&rsquo;objectif est de maintenir l&rsquo;engagement des utilisateurs et de favoriser la motivation, permettez \u00e0 Gamipress Mark comme termin\u00e9 d&rsquo;\u00eatre votre choix ultime.<\/p>\n","protected":false},"featured_media":143948,"comment_status":"open","ping_status":"open","template":"","meta":[],"product_brand":[2557],"product_cat":[1189,1181,1186],"product_tag":[2247],"class_list":{"0":"post-119352","1":"product","2":"type-product","3":"status-publish","4":"has-post-thumbnail","6":"product_brand-gami-press","7":"product_cat-personnalisation","8":"product_cat-plugins","9":"product_cat-wordpress-plugins","10":"product_tag-gami-press","11":"member-discount","12":"discount-restricted","14":"first","15":"instock","16":"sale","17":"downloadable","18":"virtual","19":"sold-individually","20":"purchasable","21":"product-type-simple"},"_links":{"self":[{"href":"https:\/\/gpl-love.com\/fr\/wp-json\/wp\/v2\/product\/119352","targetHints":{"allow":["GET"]}}],"collection":[{"href":"https:\/\/gpl-love.com\/fr\/wp-json\/wp\/v2\/product"}],"about":[{"href":"https:\/\/gpl-love.com\/fr\/wp-json\/wp\/v2\/types\/product"}],"replies":[{"embeddable":true,"href":"https:\/\/gpl-love.com\/fr\/wp-json\/wp\/v2\/comments?post=119352"}],"wp:featuredmedia":[{"embeddable":true,"href":"https:\/\/gpl-love.com\/fr\/wp-json\/wp\/v2\/media\/143948"}],"wp:attachment":[{"href":"https:\/\/gpl-love.com\/fr\/wp-json\/wp\/v2\/media?parent=119352"}],"wp:term":[{"taxonomy":"product_brand","embeddable":true,"href":"https:\/\/gpl-love.com\/fr\/wp-json\/wp\/v2\/product_brand?post=119352"},{"taxonomy":"product_cat","embeddable":true,"href":"https:\/\/gpl-love.com\/fr\/wp-json\/wp\/v2\/product_cat?post=119352"},{"taxonomy":"product_tag","embeddable":true,"href":"https:\/\/gpl-love.com\/fr\/wp-json\/wp\/v2\/product_tag?post=119352"}],"curies":[{"name":"wp","href":"https:\/\/api.w.org\/{rel}","templated":true}]}}