{"id":119350,"date":"2024-05-07T00:00:00","date_gmt":"2024-05-06T22:00:00","guid":{"rendered":"https:\/\/gpl-love.com\/fr\/produit\/gamipress-frontend-reports-wordpress-plugin\/"},"modified":"2026-03-20T23:15:56","modified_gmt":"2026-03-20T22:15:56","slug":"gamipress-frontend-reports-wordpress-plugin","status":"publish","type":"product","link":"https:\/\/gpl-love.com\/fr\/produit\/gamipress-frontend-reports-wordpress-plugin\/","title":{"rendered":"GamiPress Frontend Reports WordPress Plugin 1.0.5"},"content":{"rendered":"<h3>GamiPress Frontend Reports WordPress Plugin Traits<\/h3>\n<p>Le plugin de rapports Frontend Gamipress pour WordPress est un outil incroyablement robuste qui vous donne la possibilit\u00e9 de pr\u00e9senter des rapports complets directement sur le frontage de votre site Web. Cela donne \u00e0 vos utilisateurs la commodit\u00e9 de surveiller sans effort leurs progr\u00e8s, leurs r\u00e9alisations et leurs r\u00e9compenses. Arborant une interface \u00e0 la fois conviviale et intuitive, ce plugin vous offre la flexibilit\u00e9 de configurer et de personnaliser vos rapports pour s&rsquo;aligner parfaitement avec vos pr\u00e9f\u00e9rences et exigences sp\u00e9cifiques. Vous avez la capacit\u00e9 de g\u00e9n\u00e9rer des rapports qui sont fond\u00e9s sur l&rsquo;activit\u00e9 des utilisateurs, les points, les r\u00e9alisations et les rangs, qui peuvent tous \u00eatre pr\u00e9sent\u00e9s dans une vari\u00e9t\u00e9 de formats visuellement attrayants tels que des tables, des grilles et des graphiques. En outre, ce plugin est \u00e9quip\u00e9 d&rsquo;une prise en charge des shortcodes, des widgets et des mod\u00e8les personnalis\u00e9s, assurant une int\u00e9gration transparente des rapports dans n&rsquo;importe quelle page, publication ou barre lat\u00e9rale situ\u00e9e sur votre site Web. En incorporant des rapports Frontend Gamipress sur votre site Web, vous am\u00e9liorez efficacement l&rsquo;engagement des utilisateurs, augmentez la r\u00e9tention des utilisateurs et renforcez finalement les performances globales de votre site Web.<\/p>\n<ul>\n<li>Permet aux utilisateurs de visualiser leurs propres r\u00e9alisations et statistiques sur le front-end du site Web<\/li>\n<li>Options d&rsquo;affichage personnalisables, y compris les couleurs, les polices et la mise en page<\/li>\n<li>Int\u00e8gre de mani\u00e8re transparente avec Gamipress, un plugin de gamification WordPress populaire<\/li>\n<li>Processus d&rsquo;installation et de configuration facile avec une documentation d\u00e9taill\u00e9e<\/li>\n<li>Fonctionne avec n&rsquo;importe quel th\u00e8me WordPress et est r\u00e9actif mobile<\/li>\n<li>Fournit un moyen amusant et engageant pour les utilisateurs de suivre leurs progr\u00e8s et de rivaliser avec les autres<\/li>\n<li>Peut \u00eatre utilis\u00e9 \u00e0 diverses fins, y compris les cours en ligne, les sites d&rsquo;adh\u00e9sion et la gamification du commerce \u00e9lectronique<\/li>\n<li>Fonctionnalit\u00e9s avanc\u00e9es en option telles que les options de filtrage et de tri<\/li>\n<li>Construit avec un codage efficace et optimis\u00e9 pour les temps de chargement de page rapides<\/li>\n<li>R\u00e9guli\u00e8rement mis \u00e0 jour et pris en charge par le d\u00e9veloppeur du plugin.<\/li>\n<\/ul>\n","protected":false},"excerpt":{"rendered":"<p>Le plugin WordPress de Gamipress Frontend est un outil global qui accorde aux propri\u00e9taires de sites Web la possibilit\u00e9 d&rsquo;acc\u00e9der et d&rsquo;analyser les donn\u00e9es utilisateur en temps r\u00e9el. En utilisant ce plugin, vous \u00eates dot\u00e9 de la capacit\u00e9 de g\u00e9n\u00e9rer sans effort des rapports et des graphiques sur mesure qui affichent efficacement les activit\u00e9s des utilisateurs, les statistiques et les r\u00e9alisations. Que votre objectif soit de suivre les progr\u00e8s des utilisateurs, d&rsquo;\u00e9valuer son niveau d&rsquo;engagement ou d&rsquo;am\u00e9liorer leur exp\u00e9rience globale, le plugin Gamipress Frontend rapporte que WordPress est la solution id\u00e9ale pour tout site Web cherchant \u00e0 incorporer des strat\u00e9gies de gamification. Avec son interface utilisateur intuitive, ses options personnalisables et ses capacit\u00e9s de rapports robustes, ce plugin est garanti pour \u00e9lever l&rsquo;exp\u00e9rience de vos utilisateurs et maintenir leur engagement in\u00e9branlable avec votre site Web.<\/p>\n","protected":false},"featured_media":143947,"comment_status":"open","ping_status":"open","template":"","meta":[],"product_brand":[2557],"product_cat":[1189,1181,1186],"product_tag":[2247],"class_list":{"0":"post-119350","1":"product","2":"type-product","3":"status-publish","4":"has-post-thumbnail","6":"product_brand-gami-press","7":"product_cat-personnalisation","8":"product_cat-plugins","9":"product_cat-wordpress-plugins","10":"product_tag-gami-press","11":"member-discount","12":"discount-restricted","14":"first","15":"instock","16":"sale","17":"downloadable","18":"virtual","19":"sold-individually","20":"purchasable","21":"product-type-simple"},"_links":{"self":[{"href":"https:\/\/gpl-love.com\/fr\/wp-json\/wp\/v2\/product\/119350","targetHints":{"allow":["GET"]}}],"collection":[{"href":"https:\/\/gpl-love.com\/fr\/wp-json\/wp\/v2\/product"}],"about":[{"href":"https:\/\/gpl-love.com\/fr\/wp-json\/wp\/v2\/types\/product"}],"replies":[{"embeddable":true,"href":"https:\/\/gpl-love.com\/fr\/wp-json\/wp\/v2\/comments?post=119350"}],"wp:featuredmedia":[{"embeddable":true,"href":"https:\/\/gpl-love.com\/fr\/wp-json\/wp\/v2\/media\/143947"}],"wp:attachment":[{"href":"https:\/\/gpl-love.com\/fr\/wp-json\/wp\/v2\/media?parent=119350"}],"wp:term":[{"taxonomy":"product_brand","embeddable":true,"href":"https:\/\/gpl-love.com\/fr\/wp-json\/wp\/v2\/product_brand?post=119350"},{"taxonomy":"product_cat","embeddable":true,"href":"https:\/\/gpl-love.com\/fr\/wp-json\/wp\/v2\/product_cat?post=119350"},{"taxonomy":"product_tag","embeddable":true,"href":"https:\/\/gpl-love.com\/fr\/wp-json\/wp\/v2\/product_tag?post=119350"}],"curies":[{"name":"wp","href":"https:\/\/api.w.org\/{rel}","templated":true}]}}