{"id":119348,"date":"2025-02-20T00:00:00","date_gmt":"2025-02-19T23:00:00","guid":{"rendered":"https:\/\/gpl-love.com\/fr\/produit\/gamipress-nominations-wordpress-plugin\/"},"modified":"2026-03-20T23:15:58","modified_gmt":"2026-03-20T22:15:58","slug":"gamipress-nominations-wordpress-plugin","status":"publish","type":"product","link":"https:\/\/gpl-love.com\/fr\/produit\/gamipress-nominations-wordpress-plugin\/","title":{"rendered":"GamiPress Nominations WordPress Plugin 1.1.5"},"content":{"rendered":"<h3>GamiPress Nominations WordPress Plugin Traits<\/h3>\n<p>Gamipress Nominations WordPress Plugin, un outil tr\u00e8s robuste et sophistiqu\u00e9, vous permet de g\u00e9n\u00e9rer sans effort des formulaires de nomination personnalis\u00e9s sp\u00e9cifiques \u00e0 votre site Web. En utilisant ce plugin remarquable, vous pouvez activement impliquer votre public et les motiver efficacement \u00e0 pr\u00e9senter des nominations pour leurs pairs ou coll\u00e8gues, facilitant ainsi la reconnaissance. Le plugin pr\u00e9sente sa plus grande polyvalence en vous offrant la possibilit\u00e9 d&rsquo;\u00e9tablir diverses cat\u00e9gories de nomination et d&rsquo;\u00e9tablir des crit\u00e8res distincts pour chacun. De plus, il vous permet de configurer un syst\u00e8me de notification complet qui informe de mani\u00e8re transparente les candidats et le panel de juges sur la progression des nominations. En outre, le plugin poss\u00e8de une vaste gamme d&rsquo;options de personnalisation qui vous accordent la possibilit\u00e9 de l&rsquo;adapter m\u00e9ticuleusement pour r\u00e9pondre impeccablement aux exigences uniques de votre site Web. En conclusion, le plugin de nominations Gamipress WordPress appara\u00eet sans aucun doute comme un choix vraiment exceptionnel pour quiconque aspire \u00e0 am\u00e9liorer l&rsquo;engagement des utilisateurs et \u00e0 favoriser la reconnaissance sur son site Web.<\/p>\n<ul>\n<li>Permet aux utilisateurs de nommer d&rsquo;autres utilisateurs pour obtenir des r\u00e9alisations et des r\u00e9compenses<\/li>\n<li>Ajoute des formulaires de nomination personnalisables \u00e0 votre site WordPress<\/li>\n<li>Choisissez quels r\u00f4les utilisateur peuvent nommer et \u00eatre nomin\u00e9s<\/li>\n<li>Option pour approuver les nominations avant leur attribution<\/li>\n<li>Envoie des notifications par e-mail au candidat et au candidat<\/li>\n<li>S&rsquo;int\u00e8gre au syst\u00e8me de points et de r\u00e9alisations Gamipress<\/li>\n<li>Disponible en plusieurs langues<\/li>\n<li>Offre des options de raccourcis pour une affichage facile des formulaires de nomination et des nomin\u00e9s<\/li>\n<li>Mises \u00e0 jour r\u00e9guli\u00e8res et support client<\/li>\n<\/ul>\n","protected":false},"excerpt":{"rendered":"<p>Le plugin WordPress de nominations Gamipress sert de solution id\u00e9ale pour captiver votre public et les motiver \u00e0 participer activement aux programmes de concours et de remise des prix organis\u00e9s sur votre site Web. Ce plugin vous permet de fabriquer des formulaires de nomination personnalis\u00e9s, permettant \u00e0 vos utilisateurs d&rsquo;exprimer leur choix pour les entr\u00e9es ou les participants les plus louables. En outre, il int\u00e8gre un syst\u00e8me de vote qui accorde \u00e0 vos utilisateurs le privil\u00e8ge de voter en faveur des gagnants ultimes. B\u00e9n\u00e9ficiant de commandes conviviales et d&rsquo;une interface configurable, les nominations Gamipress apparaissent comme un instrument essentiel pour les personnes cherchant \u00e0 infuser leurs sites Web avec une exalter sans pr\u00e9c\u00e9dent.<\/p>\n","protected":false},"featured_media":143949,"comment_status":"open","ping_status":"open","template":"","meta":[],"product_brand":[2557],"product_cat":[1189,1181,1186],"product_tag":[2247],"class_list":{"0":"post-119348","1":"product","2":"type-product","3":"status-publish","4":"has-post-thumbnail","6":"product_brand-gami-press","7":"product_cat-personnalisation","8":"product_cat-plugins","9":"product_cat-wordpress-plugins","10":"product_tag-gami-press","11":"member-discount","12":"discount-restricted","14":"first","15":"instock","16":"sale","17":"downloadable","18":"virtual","19":"sold-individually","20":"purchasable","21":"product-type-simple"},"_links":{"self":[{"href":"https:\/\/gpl-love.com\/fr\/wp-json\/wp\/v2\/product\/119348","targetHints":{"allow":["GET"]}}],"collection":[{"href":"https:\/\/gpl-love.com\/fr\/wp-json\/wp\/v2\/product"}],"about":[{"href":"https:\/\/gpl-love.com\/fr\/wp-json\/wp\/v2\/types\/product"}],"replies":[{"embeddable":true,"href":"https:\/\/gpl-love.com\/fr\/wp-json\/wp\/v2\/comments?post=119348"}],"wp:featuredmedia":[{"embeddable":true,"href":"https:\/\/gpl-love.com\/fr\/wp-json\/wp\/v2\/media\/143949"}],"wp:attachment":[{"href":"https:\/\/gpl-love.com\/fr\/wp-json\/wp\/v2\/media?parent=119348"}],"wp:term":[{"taxonomy":"product_brand","embeddable":true,"href":"https:\/\/gpl-love.com\/fr\/wp-json\/wp\/v2\/product_brand?post=119348"},{"taxonomy":"product_cat","embeddable":true,"href":"https:\/\/gpl-love.com\/fr\/wp-json\/wp\/v2\/product_cat?post=119348"},{"taxonomy":"product_tag","embeddable":true,"href":"https:\/\/gpl-love.com\/fr\/wp-json\/wp\/v2\/product_tag?post=119348"}],"curies":[{"name":"wp","href":"https:\/\/api.w.org\/{rel}","templated":true}]}}