{"id":119346,"date":"2025-11-10T00:00:00","date_gmt":"2025-11-09T23:00:00","guid":{"rendered":"https:\/\/gpl-love.com\/fr\/produit\/gamipress-expirations-wordpress-plugin\/"},"modified":"2026-03-20T23:15:56","modified_gmt":"2026-03-20T22:15:56","slug":"gamipress-expirations-wordpress-plugin","status":"publish","type":"product","link":"https:\/\/gpl-love.com\/fr\/produit\/gamipress-expirations-wordpress-plugin\/","title":{"rendered":"GamiPress Expirations WordPress Plugin 1.0.9"},"content":{"rendered":"<h3>GamiPress Expirations WordPress Plugin Traits<\/h3>\n<p>Le plugin WordPress d&rsquo;expiration Gamipress est une solution incroyablement dynamique qui a \u00e9t\u00e9 m\u00e9ticuleusement con\u00e7ue pour am\u00e9liorer consid\u00e9rablement la fonctionnalit\u00e9 globale des sites Web WordPress en automatisant de mani\u00e8re transparente l&rsquo;ensemble du processus d&rsquo;expiration du contenu. Ce plugin exceptionnel est sp\u00e9cifiquement con\u00e7u pour offrir une vaste gamme d&rsquo;options expir\u00e9es qui sont facilement disponibles non seulement pour les publications, mais aussi les pages, les types de messages personnalis\u00e9s et enfin, les comptes d&rsquo;utilisateurs. En exploitant efficacement la puissance de ce plugin inestimable, les administrateurs sont autoris\u00e9s sans effort \u00e0 \u00e9tablir facilement des dates d&rsquo;expiration pr\u00e9cises sur tout leur contenu, leur permettant ainsi d&rsquo;automatiser facilement la suppression de toute information obsol\u00e8te ou non pertinente. De plus, le plugin WordPress Expiations Gamipress est con\u00e7u avec une interface extr\u00eamement conviviale et extr\u00eamement intuitive qui garantit que ses utilisateurs sont capables d&rsquo;activer sans effort et de personnaliser sans interruption d&rsquo;un \u00e9ventail de simples options d&rsquo;expiration avec la plus grande facilit\u00e9, tous accomplis avec un simple simple quelques clics simples. Par cons\u00e9quent, il va sans aucun doute sans dire que le plugin WordPress d&rsquo;expiration de Gamipress est un outil absolument indispensable que tout propri\u00e9taire de site Web serait insens\u00e9 de ne pas avoir \u00e0 leur disposition, car il leur permet sans aucun doute de maintenir un ensemble de contenu impressivement frais et sans \u00e9quivoque,, Tout en minimisant efficacement l&rsquo;effort manuel traditionnellement ardu et \u00e0 forte intensit\u00e9 de main-d&rsquo;\u0153uvre qui est g\u00e9n\u00e9ralement associ\u00e9 \u00e0 la gestion efficace d&rsquo;un site Web.<\/p>\n<ul>\n<li>Un plugin WordPress con\u00e7u pour cr\u00e9er des points d&rsquo;expiration bas\u00e9s sur le temps pour diverses activit\u00e9s utilisateur sur un site Web<\/li>\n<li>Processus d&rsquo;installation facile et interface conviviale<\/li>\n<li>Offre une gamme d&rsquo;options de personnalisation pour contr\u00f4ler et d\u00e9finir des points d&rsquo;expiration, tels que des dates sp\u00e9cifiques, des p\u00e9riodes ou m\u00eame des d\u00e9lais d\u00e9finis par l&rsquo;utilisateur<\/li>\n<li>Peut \u00eatre appliqu\u00e9 \u00e0 une grande vari\u00e9t\u00e9 d&rsquo;activit\u00e9s, telles que la cr\u00e9ation de post, les commentaires, les connexions, le partage des m\u00e9dias sociaux et les profils d&rsquo;utilisateurs<\/li>\n<li>Fournit des informations cl\u00e9s sur l&rsquo;activit\u00e9 des utilisateurs et l&rsquo;engagement gr\u00e2ce \u00e0 l&rsquo;analyse avanc\u00e9e et aux fonctionnalit\u00e9s de rapport<\/li>\n<li>Utile pour les sites Web qui cherchent \u00e0 encourager l&rsquo;engagement des utilisateurs en cr\u00e9ant un sentiment d&rsquo;urgence et de sensibilit\u00e9 au temps autour des activit\u00e9s<\/li>\n<li>Peut aider \u00e0 emp\u00eacher le spam ou les comptes inactifs en purgeant automatiquement les donn\u00e9es utilisateur expir\u00e9es<\/li>\n<li>Offre des plans et des options de prix flexibles, avec un support client d\u00e9di\u00e9 et des mises \u00e0 jour et des am\u00e9liorations fr\u00e9quentes<\/li>\n<\/ul>\n","protected":false},"excerpt":{"rendered":"<p>Gamipress Expiations, un plugin WordPress exceptionnel, propose un \u00e9ventail de fonctionnalit\u00e9s qui vous permettent de r\u00e9diger sans effort des \u00e9v\u00e9nements, du contenu et des r\u00e9alisations pour vos pr\u00e9cieux utilisateurs. Gr\u00e2ce \u00e0 l&rsquo;utilisation de ce plugin r\u00e9volutionnaire, vous avez la capacit\u00e9 d&rsquo;\u00e9tablir des d\u00e9lais en fonction du temps, de restreindre l&rsquo;acc\u00e8s aux sections d\u00e9sign\u00e9es de votre site Web estim\u00e9, ainsi que de construire des r\u00e9glementations personnalis\u00e9es pour l&rsquo;attribution et le retrait des r\u00e9alisations. Par cons\u00e9quent, une exp\u00e9rience utilisateur formidable et en constante \u00e9volution est cultiv\u00e9e, captivant ainsi votre public ch\u00e9ri et favorisant son retour continu. Que vous g\u00e9rez un site d&rsquo;adh\u00e9sion, une plate-forme de commerce \u00e9lectronique ou que vous visiez simplement \u00e0 intensifier l&rsquo;engagement des utilisateurs, les expirations Gamipress sont m\u00e9ticuleusement con\u00e7ues pour r\u00e9pondre \u00e0 tous vos besoins, propulsant votre site WordPress \u00e0 des hauteurs in\u00e9branlables.<\/p>\n","protected":false},"featured_media":143946,"comment_status":"open","ping_status":"open","template":"","meta":[],"product_brand":[2557],"product_cat":[1189,1181,1186],"product_tag":[2247],"class_list":{"0":"post-119346","1":"product","2":"type-product","3":"status-publish","4":"has-post-thumbnail","6":"product_brand-gami-press","7":"product_cat-personnalisation","8":"product_cat-plugins","9":"product_cat-wordpress-plugins","10":"product_tag-gami-press","11":"member-discount","12":"discount-restricted","14":"first","15":"instock","16":"sale","17":"downloadable","18":"virtual","19":"sold-individually","20":"purchasable","21":"product-type-simple"},"_links":{"self":[{"href":"https:\/\/gpl-love.com\/fr\/wp-json\/wp\/v2\/product\/119346","targetHints":{"allow":["GET"]}}],"collection":[{"href":"https:\/\/gpl-love.com\/fr\/wp-json\/wp\/v2\/product"}],"about":[{"href":"https:\/\/gpl-love.com\/fr\/wp-json\/wp\/v2\/types\/product"}],"replies":[{"embeddable":true,"href":"https:\/\/gpl-love.com\/fr\/wp-json\/wp\/v2\/comments?post=119346"}],"wp:featuredmedia":[{"embeddable":true,"href":"https:\/\/gpl-love.com\/fr\/wp-json\/wp\/v2\/media\/143946"}],"wp:attachment":[{"href":"https:\/\/gpl-love.com\/fr\/wp-json\/wp\/v2\/media?parent=119346"}],"wp:term":[{"taxonomy":"product_brand","embeddable":true,"href":"https:\/\/gpl-love.com\/fr\/wp-json\/wp\/v2\/product_brand?post=119346"},{"taxonomy":"product_cat","embeddable":true,"href":"https:\/\/gpl-love.com\/fr\/wp-json\/wp\/v2\/product_cat?post=119346"},{"taxonomy":"product_tag","embeddable":true,"href":"https:\/\/gpl-love.com\/fr\/wp-json\/wp\/v2\/product_tag?post=119346"}],"curies":[{"name":"wp","href":"https:\/\/api.w.org\/{rel}","templated":true}]}}