{"id":119344,"date":"2021-11-13T00:00:00","date_gmt":"2021-11-12T23:00:00","guid":{"rendered":"https:\/\/gpl-love.com\/fr\/produit\/theme-palace-photo-perfect-pro\/"},"modified":"2026-03-20T23:39:35","modified_gmt":"2026-03-20T22:39:35","slug":"theme-palace-photo-perfect-pro","status":"publish","type":"product","link":"https:\/\/gpl-love.com\/fr\/produit\/theme-palace-photo-perfect-pro\/","title":{"rendered":"Theme Palace Photo Perfect Pro 3.1"},"content":{"rendered":"<h3>Theme Palace Photo Perfect Pro Traits<\/h3>\n<p>Th\u00e8me Palace Photo Perfect Pro est un th\u00e8me WordPress incroyablement riche en fonctionnalit\u00e9s qui a \u00e9t\u00e9 sp\u00e9cifiquement con\u00e7u pour r\u00e9pondre aux besoins des photographes, des studios photo et des amateurs de photographie. B\u00e9n\u00e9ficiant d&rsquo;une disposition visuellement frappante, ce th\u00e8me d\u00e9gage un design propre, moderne et r\u00e9actif qui s&rsquo;adapte parfaitement \u00e0 toutes sortes d&rsquo;appareils. Sa vaste gamme de fonctionnalit\u00e9s impressionnantes est vraiment louable, englobant plusieurs dispositions de page d&rsquo;accueil, des dispositions de galeries, des dispositions de blogs et une vaste gamme d&rsquo;options de personnalisation. De plus, Photo Perfect Pro s&rsquo;int\u00e8gre parfaitement aux plateformes de m\u00e9dias sociaux populaires, abrite de puissantes capacit\u00e9s d&rsquo;optimisation du r\u00e9f\u00e9rencement et englobe une pl\u00e9thore d&rsquo;autres fonctionnalit\u00e9s attrayantes qui lui rendent collectivement un choix exceptionnel pour tout site Web ax\u00e9 sur la photographie. Il convient de noter que l&rsquo;interface conviviale de th\u00e8me Palace Photo Perfect Pro, en fait une solution ultime pour les personnes qui cherchent \u00e0 forger une pr\u00e9sence de photographie en ligne professionnelle et visuellement captivante.<\/p>\n<ul>\n<li>Logiciel de retouche photo de qualit\u00e9 professionnelle<\/li>\n<li>Interface intuitive et conviviale<\/li>\n<li>Large gamme d&rsquo;outils d&rsquo;\u00e9dition, y compris la correction des couleurs, la recadrage et la retouche<\/li>\n<li>Fonctionnalit\u00e9s avanc\u00e9es telles que la superposition et le masquage<\/li>\n<li>Possibilit\u00e9 d&rsquo;importer et d&rsquo;exporter plusieurs formats de fichiers<\/li>\n<li>Compatible avec les syst\u00e8mes d&rsquo;exploitation Windows et Mac<\/li>\n<li>Parfait pour les photographes, les designers et les amateurs<\/li>\n<li>Mises \u00e0 jour r\u00e9guli\u00e8res et support client<\/li>\n<li>Prix \u200b\u200babordable par rapport \u00e0 d&rsquo;autres logiciels de retouche photo haut de gamme.<\/li>\n<\/ul>\n","protected":false},"excerpt":{"rendered":"<p>Le th\u00e8me Palace Photo Perfect Pro est un th\u00e8me WordPress exquis sp\u00e9cialement con\u00e7u pour pr\u00e9senter impeccablement votre photographie d&rsquo;une mani\u00e8re tr\u00e8s professionnelle et remarquablement \u00e9l\u00e9gante. Ce th\u00e8me poss\u00e8de un design pleinement r\u00e9actif, ce qui signifie que vos photos captivantes d\u00e9gageont sans effort la beaut\u00e9 et la splendeur de n&rsquo;importe quel appareil, quelle que soit sa taille ou sa r\u00e9solution d&rsquo;\u00e9cran. De plus, ce th\u00e8me exceptionnel vous offre une pl\u00e9thore d&rsquo;options de mise en page diverses, vous permettant de pr\u00e9senter astucieusement et de mani\u00e8re cr\u00e9ative vos chefs-d&rsquo;\u0153uvre photographiques. De plus, le th\u00e8me Palace Photo Perfect Pro est \u00e9quip\u00e9 d&rsquo;un assortiment de widgets personnalis\u00e9s, vous permettant de personnaliser et d&rsquo;am\u00e9liorer davantage l&rsquo;esth\u00e9tique de votre site Web. En outre, son panneau d&rsquo;administration convivial fait du processus de personnalisation une brise absolue, garantissant que m\u00eame ceux qui ne sont pas avertis en technologie peuvent adapter sans effort et de mani\u00e8re transparente leur site Web \u00e0 leur go\u00fbt. Que vous soyez un photographe professionnel chevronn\u00e9 cherchant \u00e0 pr\u00e9senter votre portefeuille remarquable ou simplement un d\u00e9sir individuel pour montrer vos photographies ch\u00e8res et pr\u00e9cieuses, la photo du palais du th\u00e8me Perfect Pro est, sans l&rsquo;ombre d&rsquo;un doute, le choix par excellence et ultime pour vous.<\/p>\n","protected":false},"featured_media":145489,"comment_status":"open","ping_status":"open","template":"","meta":[],"product_brand":[2673],"product_cat":[1242,1212,1213],"product_tag":[2268],"class_list":{"0":"post-119344","1":"product","2":"type-product","3":"status-publish","4":"has-post-thumbnail","6":"product_brand-theme-palace","7":"product_cat-creatif","8":"product_cat-themes","9":"product_cat-wordpress-themes","10":"product_tag-theme-palace","11":"member-discount","12":"discount-restricted","14":"first","15":"instock","16":"sale","17":"downloadable","18":"virtual","19":"sold-individually","20":"purchasable","21":"product-type-simple"},"_links":{"self":[{"href":"https:\/\/gpl-love.com\/fr\/wp-json\/wp\/v2\/product\/119344","targetHints":{"allow":["GET"]}}],"collection":[{"href":"https:\/\/gpl-love.com\/fr\/wp-json\/wp\/v2\/product"}],"about":[{"href":"https:\/\/gpl-love.com\/fr\/wp-json\/wp\/v2\/types\/product"}],"replies":[{"embeddable":true,"href":"https:\/\/gpl-love.com\/fr\/wp-json\/wp\/v2\/comments?post=119344"}],"wp:featuredmedia":[{"embeddable":true,"href":"https:\/\/gpl-love.com\/fr\/wp-json\/wp\/v2\/media\/145489"}],"wp:attachment":[{"href":"https:\/\/gpl-love.com\/fr\/wp-json\/wp\/v2\/media?parent=119344"}],"wp:term":[{"taxonomy":"product_brand","embeddable":true,"href":"https:\/\/gpl-love.com\/fr\/wp-json\/wp\/v2\/product_brand?post=119344"},{"taxonomy":"product_cat","embeddable":true,"href":"https:\/\/gpl-love.com\/fr\/wp-json\/wp\/v2\/product_cat?post=119344"},{"taxonomy":"product_tag","embeddable":true,"href":"https:\/\/gpl-love.com\/fr\/wp-json\/wp\/v2\/product_tag?post=119344"}],"curies":[{"name":"wp","href":"https:\/\/api.w.org\/{rel}","templated":true}]}}