{"id":119342,"date":"2021-11-13T00:00:00","date_gmt":"2021-11-12T23:00:00","guid":{"rendered":"https:\/\/gpl-love.com\/fr\/produit\/theme-palace-onefold-pro\/"},"modified":"2026-03-20T23:39:35","modified_gmt":"2026-03-20T22:39:35","slug":"theme-palace-onefold-pro","status":"publish","type":"product","link":"https:\/\/gpl-love.com\/fr\/produit\/theme-palace-onefold-pro\/","title":{"rendered":"Theme Palace Onefold Pro 3.1"},"content":{"rendered":"<h3>Theme Palace Onefold Pro Traits<\/h3>\n<p>Le th\u00e8me WordPress premium connu sous le nom de th\u00e8me Palace Onefold Pro a \u00e9t\u00e9 sp\u00e9cialement con\u00e7u pour r\u00e9pondre aux besoins des blogueurs et des cr\u00e9ateurs de contenu qui cherchent \u00e0 afficher leur travail d&rsquo;une mani\u00e8re \u00e0 la fois propre et minimaliste. Onefold Pro est connu pour son adaptabilit\u00e9, car il s&rsquo;ajuste de mani\u00e8re transparente pour s&rsquo;adapter \u00e0 n&rsquo;importe quelle taille ou appareil d&rsquo;\u00e9cran, en vous assurant que votre contenu appara\u00eet visuellement, qu&rsquo;il soit consult\u00e9 sur un bureau, un ordinateur portable, une tablette ou un smartphone. De plus, le th\u00e8me offre un \u00e9ventail d&rsquo;options de personnalisation, vous accordant la possibilit\u00e9 de personnaliser l&rsquo;apparence et l&rsquo;ambiance globale de votre site Web afin qu&rsquo;elle s&rsquo;aligne sur votre marque et votre style personnel. De plus, vous avez la possibilit\u00e9 de s\u00e9lectionner dans une gamme diversifi\u00e9e de formats post, englobant la vid\u00e9o, la galerie, le lien, le devis, etc., vous permettant ainsi de pr\u00e9senter votre contenu dans un assortiment de mani\u00e8res uniques et captivantes. Avec son vaste r\u00e9pertoire de fonctionnalit\u00e9s puissantes et d&rsquo;interface conviviale, Onefold Pro s&rsquo;av\u00e8re \u00eatre une s\u00e9lection exceptionnelle pour les individus \u00e0 la recherche d&rsquo;une pr\u00e9sence en ligne professionnelle et captivante.<\/p>\n<ul>\n<li>Onefold Pro est le th\u00e8me parfait pour cr\u00e9er un site Web professionnel et moderne<\/li>\n<li>Design \u00e9l\u00e9gant et minimaliste avec de nombreuses options personnalisables<\/li>\n<li>Enti\u00e8rement r\u00e9actif, garantir que votre site Web a fi\u00e8re allure sur n&rsquo;importe quel appareil<\/li>\n<li>Options de typographie avanc\u00e9e pour une disposition unique et engageante<\/li>\n<li>Widgets personnalis\u00e9s et mod\u00e8les pr\u00e9d\u00e9finis pour une personnalisation facile<\/li>\n<li>Options de partage des m\u00e9dias sociaux int\u00e9gr\u00e9s pour une visibilit\u00e9 maximale<\/li>\n<li>Temps de chargement rapide pour maintenir votre site Web en douceur<\/li>\n<li>Construit avec le r\u00e9f\u00e9rencement \u00e0 l&rsquo;esprit, aidant votre site Web \u00e0 se classer plus haut dans les moteurs de recherche<\/li>\n<li>Mises \u00e0 jour r\u00e9guli\u00e8res et excellent support client pour la tranquillit\u00e9 d&rsquo;esprit<\/li>\n<li>Acc\u00e8s \u00e0 une grande communaut\u00e9 d&rsquo;utilisateurs pour l&rsquo;inspiration et le d\u00e9pannage<\/li>\n<\/ul>\n","protected":false},"excerpt":{"rendered":"<p>Le th\u00e8me WordPress connu sous le nom de th\u00e8me Palace Onefold Pro est un choix exceptionnel pour les blogueurs et les \u00e9crivains \u00e0 la recherche d&rsquo;une plate-forme appropri\u00e9e. B\u00e9n\u00e9ficiant d&rsquo;un design propre et \u00e9l\u00e9gant, ce th\u00e8me pr\u00e9sente magistralement votre contenu de mani\u00e8re visuellement agr\u00e9able. De plus, la disposition r\u00e9active garantit que votre site Web conservera son attrait visuel sur tous les types d&rsquo;appareils.<\/p>\n","protected":false},"featured_media":145488,"comment_status":"open","ping_status":"open","template":"","meta":[],"product_brand":[2673],"product_cat":[1516,1212,1213],"product_tag":[2268],"class_list":{"0":"post-119342","1":"product","2":"type-product","3":"status-publish","4":"has-post-thumbnail","6":"product_brand-theme-palace","7":"product_cat-entreprise","8":"product_cat-themes","9":"product_cat-wordpress-themes","10":"product_tag-theme-palace","11":"member-discount","12":"discount-restricted","14":"first","15":"instock","16":"sale","17":"downloadable","18":"virtual","19":"sold-individually","20":"purchasable","21":"product-type-simple"},"_links":{"self":[{"href":"https:\/\/gpl-love.com\/fr\/wp-json\/wp\/v2\/product\/119342","targetHints":{"allow":["GET"]}}],"collection":[{"href":"https:\/\/gpl-love.com\/fr\/wp-json\/wp\/v2\/product"}],"about":[{"href":"https:\/\/gpl-love.com\/fr\/wp-json\/wp\/v2\/types\/product"}],"replies":[{"embeddable":true,"href":"https:\/\/gpl-love.com\/fr\/wp-json\/wp\/v2\/comments?post=119342"}],"wp:featuredmedia":[{"embeddable":true,"href":"https:\/\/gpl-love.com\/fr\/wp-json\/wp\/v2\/media\/145488"}],"wp:attachment":[{"href":"https:\/\/gpl-love.com\/fr\/wp-json\/wp\/v2\/media?parent=119342"}],"wp:term":[{"taxonomy":"product_brand","embeddable":true,"href":"https:\/\/gpl-love.com\/fr\/wp-json\/wp\/v2\/product_brand?post=119342"},{"taxonomy":"product_cat","embeddable":true,"href":"https:\/\/gpl-love.com\/fr\/wp-json\/wp\/v2\/product_cat?post=119342"},{"taxonomy":"product_tag","embeddable":true,"href":"https:\/\/gpl-love.com\/fr\/wp-json\/wp\/v2\/product_tag?post=119342"}],"curies":[{"name":"wp","href":"https:\/\/api.w.org\/{rel}","templated":true}]}}