{"id":119340,"date":"2025-11-06T00:00:00","date_gmt":"2025-11-05T23:00:00","guid":{"rendered":"https:\/\/gpl-love.com\/fr\/produit\/easy-digital-downloads-zapier\/"},"modified":"2026-03-20T23:02:38","modified_gmt":"2026-03-20T22:02:38","slug":"easy-digital-downloads-zapier","status":"publish","type":"product","link":"https:\/\/gpl-love.com\/fr\/produit\/easy-digital-downloads-zapier\/","title":{"rendered":"Easy Digital Downloads Zapier 1.4.3"},"content":{"rendered":"<h3>Easy Digital Downloads Zapier Traits<\/h3>\n<p>T\u00e9l\u00e9chargements num\u00e9riques faciles Zapier est un outil incroyablement robuste et dynamique qui permet aux individus d&rsquo;int\u00e9grer de mani\u00e8re transparente leur magasin de t\u00e9l\u00e9chargements num\u00e9riques faciles avec une vaste gamme de plus de 2 000 applications Web de pointe. Il s&rsquo;agit notamment des plateformes tr\u00e8s recherch\u00e9es pour le marketing par e-mail, la gestion de la relation client (CRM), la gestion de projet et bien d&rsquo;autres. En exploitant l&rsquo;immense pouvoir de cette int\u00e9gration, les utilisateurs peuvent automatiser sans effort leurs flux de travail, rationalisant efficacement leurs processus de vente et de marketing pour maximiser l&rsquo;efficacit\u00e9. Cet outil ing\u00e9nieux facilite la cr\u00e9ation de workflows sur mesure qui automatisent habilement une multitude de t\u00e2ches, allant du simple acte d&rsquo;ajouter de nouveaux clients \u00e0 une liste de diffusion, au processus plus complexe de mise \u00e0 jour des donn\u00e9es des clients au sein d&rsquo;un CRM, jusqu&rsquo;\u00e0 la pointe Ex\u00e9cution de l&rsquo;envoi d&rsquo;e-mails de suivi et au-del\u00e0. Avec des t\u00e9l\u00e9chargements num\u00e9riques faciles Zapier agissant comme un alli\u00e9 fid\u00e8le, les individus ont le don inestimable de la lib\u00e9ration du temps et la capacit\u00e9 de canaliser leurs efforts vers la culture fructueuse de la croissance des entreprises, tout en \u00e9tant avec bonheur de la corv\u00e9e des devoirs administratifs subalternes et monotones.<\/p>\n<ul>\n<li>Int\u00e9grez de mani\u00e8re transparente des t\u00e9l\u00e9chargements num\u00e9riques faciles \u00e0 d&rsquo;autres applications Web<\/li>\n<li>Automatiser les t\u00e2ches et gagner du temps en configurant les d\u00e9clencheurs et les actions avec Zapier<\/li>\n<li>Augmenter l&rsquo;efficacit\u00e9 et la productivit\u00e9 en automatisant les t\u00e2ches r\u00e9p\u00e9titives<\/li>\n<li>Aucune comp\u00e9tence de codage requise, configurez vos int\u00e9grations en quelques minutes avec une interface facile \u00e0 utiliser<\/li>\n<li>Connectez les t\u00e9l\u00e9chargements num\u00e9riques faciles avec plus de 2000 applications Web, notamment Google Sheets, MailChimp et Trello<\/li>\n<li>Flexibilit\u00e9 pour personnaliser vos int\u00e9grations pour r\u00e9pondre \u00e0 vos besoins et flux de travail sp\u00e9cifiques<\/li>\n<li>\u00c9liminez la saisie manuelle des donn\u00e9es et les erreurs potentielles en automatisant la r\u00e9alisation des commandes, les notifications par e-mail, et plus<\/li>\n<li>Restez au top de votre entreprise en recevant des mises \u00e0 jour et des alertes en temps r\u00e9el via vos int\u00e9grations<\/li>\n<li>Stimulez vos ventes et votre satisfaction client en envoyant automatiquement des e-mails de remerciement personnalis\u00e9s et des communications de suivi<\/li>\n<li>Gardez vos donn\u00e9es organis\u00e9es et coh\u00e9rentes sur toutes vos applications Web avec une synchronisation automatis\u00e9e de donn\u00e9es.<\/li>\n<\/ul>\n","protected":false},"excerpt":{"rendered":"<p>En tirant parti du module compl\u00e9mentaire Easy Digital Downloads Zapier, vous pouvez int\u00e9grer de mani\u00e8re transparente votre magasin de t\u00e9l\u00e9chargements num\u00e9riques faciles avec diverses applications en ligne, am\u00e9liorant ainsi l&rsquo;efficacit\u00e9 et l&rsquo;efficacit\u00e9 de vos op\u00e9rations. Cette int\u00e9gration facilite l&rsquo;automatisation du flux de travail, qui \u00e0 son tour vous permet d&rsquo;optimiser l&rsquo;utilisation du temps et de minimiser l&rsquo;effort manuel. L&rsquo;interface conviviale simplifie le processus d&rsquo;\u00e9tablissement de d\u00e9clencheurs sur mesure qui favorisent la connectivit\u00e9 transparente entre vos donn\u00e9es EDD et d&rsquo;autres applications, vous offrant ainsi un acc\u00e8s sans entrave aux informations n\u00e9cessaires pour garantir le fonctionnement fluide de votre entreprise. Que vous cherchiez \u00e0 vous int\u00e9grer \u00e0 votre plateforme de marketing par e-mail, \u00e0 votre syst\u00e8me de gestion de la relation client ou \u00e0 toute autre application, Zapier sert de conduit ultime, vous permettant de rationaliser vos processus, de recevoir des mises \u00e0 jour en temps r\u00e9el et de rester bien inform\u00e9. En adoptant la solution de t\u00e9l\u00e9chargements num\u00e9riques Easy Digital, vous pouvez \u00e9lever les performances de votre magasin et propulser votre entreprise \u00e0 des hauteurs sans pr\u00e9c\u00e9dent.<\/p>\n","protected":false},"featured_media":143657,"comment_status":"open","ping_status":"open","template":"","meta":[],"product_brand":[2523],"product_cat":[1182,1223,1181],"product_tag":[1255],"class_list":{"0":"post-119340","1":"product","2":"type-product","3":"status-publish","4":"has-post-thumbnail","6":"product_brand-easy-digital-downloads","7":"product_cat-commerce-electronique-plugins","8":"product_cat-personnalisation-commerce-electronique-plugins","9":"product_cat-plugins","10":"product_tag-easy-digital-downloads","11":"member-discount","12":"discount-restricted","14":"first","15":"instock","16":"sale","17":"downloadable","18":"virtual","19":"sold-individually","20":"purchasable","21":"product-type-simple"},"_links":{"self":[{"href":"https:\/\/gpl-love.com\/fr\/wp-json\/wp\/v2\/product\/119340","targetHints":{"allow":["GET"]}}],"collection":[{"href":"https:\/\/gpl-love.com\/fr\/wp-json\/wp\/v2\/product"}],"about":[{"href":"https:\/\/gpl-love.com\/fr\/wp-json\/wp\/v2\/types\/product"}],"replies":[{"embeddable":true,"href":"https:\/\/gpl-love.com\/fr\/wp-json\/wp\/v2\/comments?post=119340"}],"wp:featuredmedia":[{"embeddable":true,"href":"https:\/\/gpl-love.com\/fr\/wp-json\/wp\/v2\/media\/143657"}],"wp:attachment":[{"href":"https:\/\/gpl-love.com\/fr\/wp-json\/wp\/v2\/media?parent=119340"}],"wp:term":[{"taxonomy":"product_brand","embeddable":true,"href":"https:\/\/gpl-love.com\/fr\/wp-json\/wp\/v2\/product_brand?post=119340"},{"taxonomy":"product_cat","embeddable":true,"href":"https:\/\/gpl-love.com\/fr\/wp-json\/wp\/v2\/product_cat?post=119340"},{"taxonomy":"product_tag","embeddable":true,"href":"https:\/\/gpl-love.com\/fr\/wp-json\/wp\/v2\/product_tag?post=119340"}],"curies":[{"name":"wp","href":"https:\/\/api.w.org\/{rel}","templated":true}]}}