{"id":119328,"date":"2025-11-04T00:00:00","date_gmt":"2025-11-03T23:00:00","guid":{"rendered":"https:\/\/gpl-love.com\/fr\/produit\/modern-events-calendar-waiting-list\/"},"modified":"2026-04-10T18:31:49","modified_gmt":"2026-04-10T16:31:49","slug":"modern-events-calendar-waiting-list","status":"publish","type":"product","link":"https:\/\/gpl-love.com\/fr\/produit\/modern-events-calendar-waiting-list\/","title":{"rendered":"Modern Events Calendar Waiting List 1.4.5"},"content":{"rendered":"<h3>Modern Events Calendar Waiting List Traits<\/h3>\n<p>La liste d&rsquo;attente du calendrier des \u00e9v\u00e9nements modernes sert d&rsquo;outil r\u00e9volutionnaire qui vise \u00e0 faciliter la gestion efficace des inscriptions d&rsquo;\u00e9v\u00e9nements pour les organisateurs d&rsquo;\u00e9v\u00e9nements. Cette fonctionnalit\u00e9 innovante permet non seulement aux utilisateurs de rassembler sans effort des informations cruciales sur les participants \u00e0 l&rsquo;\u00e9v\u00e9nement, mais leur permet \u00e9galement de surveiller de pr\u00e8s l&rsquo;\u00e9tat de leurs listes d&rsquo;attente. De plus, la fonctionnalit\u00e9 de liste d&rsquo;attente s&rsquo;int\u00e8gre de mani\u00e8re transparente au plugin Calendar des \u00e9v\u00e9nements modernes, garantissant ainsi une exp\u00e9rience utilisateur fluide et une accessibilit\u00e9 pratique. De plus, cet outil permet aux organisateurs de g\u00e9n\u00e9rer des messages de liste d&rsquo;attente personnalis\u00e9s et des notifications par e-mail, garantissant ainsi que les participants restent bien inform\u00e9s et activement engag\u00e9s tout au long du processus d&rsquo;enregistrement. Que l&rsquo;on orchestrez un concert, une conf\u00e9rence ou toute autre forme d&rsquo;\u00e9v\u00e9nement, la liste d&rsquo;attente du calendrier des \u00e9v\u00e9nements modernes repr\u00e9sente ind\u00e9niablement un atout indispensable pour superviser les enregistrements d&rsquo;\u00e9v\u00e9nements et assurer une exp\u00e9rience transparente et gratifiante pour tous les participants impliqu\u00e9s.<\/p>\n<ul>\n<li>La liste d&rsquo;attente du calendrier des \u00e9v\u00e9nements modernes est un outil puissant pour les organisateurs d&rsquo;\u00e9v\u00e9nements afin de g\u00e9rer les listes d&rsquo;attente pour leurs \u00e9v\u00e9nements.<\/li>\n<li>Il fournit une interface simple et conviviale pour les organisateurs pour ajouter et g\u00e9rer les entr\u00e9es de liste d&rsquo;attente.<\/li>\n<li>La liste d&rsquo;attente peut \u00eatre configur\u00e9e avec des champs personnalis\u00e9s, permettant aux organisateurs de collecter des informations sp\u00e9cifiques aupr\u00e8s des participants potentiels.<\/li>\n<li>Les organisateurs peuvent facilement d\u00e9placer les participants de la liste d&rsquo;attente \u00e0 la liste des participants \u00e0 l&rsquo;\u00e9v\u00e9nement \u00e0 mesure que l&rsquo;espace devient disponible.<\/li>\n<li>La liste d&rsquo;attente comprend \u00e9galement un syst\u00e8me de notification, permettant aux organisateurs de tenir les participants potentiels inform\u00e9s de toute modification ou mise \u00e0 jour li\u00e9e \u00e0 l&rsquo;\u00e9v\u00e9nement.<\/li>\n<li>La liste d&rsquo;attente du calendrier des \u00e9v\u00e9nements modernes peut \u00eatre int\u00e9gr\u00e9e de mani\u00e8re transparente avec le plugin du calendrier des \u00e9v\u00e9nements modernes, offrant une solution compl\u00e8te de gestion d&rsquo;\u00e9v\u00e9nements.<\/li>\n<li>Avec la liste d&rsquo;attente du calendrier des \u00e9v\u00e9nements modernes, les organisateurs d&rsquo;\u00e9v\u00e9nements peuvent s&rsquo;assurer qu&rsquo;ils ne manquent jamais une occasion de remplir leurs \u00e9v\u00e9nements en capacit\u00e9.<\/li>\n<\/ul>\n","protected":false},"excerpt":{"rendered":"<p>La liste d&rsquo;attente du calendrier des \u00e9v\u00e9nements modernes est un outil incroyablement robuste et pr\u00e9cieux que les organisateurs d&rsquo;\u00e9v\u00e9nements peuvent utiliser afin de g\u00e9rer et de prioriser efficacement les inscriptions des participants. En vous profitant de cette fonctionnalit\u00e9 exceptionnelle, vous avez la possibilit\u00e9 d&rsquo;\u00e9tablir sans effort une liste d&rsquo;attente qui inclura de mani\u00e8re transparente et automatiquement incluse les individus qui ont exprim\u00e9 leur int\u00e9r\u00eat pour votre \u00e9v\u00e9nement une fois qu&rsquo;il aura atteint sa capacit\u00e9 maximale. Cette caract\u00e9ristique exceptionnelle garantit qu&rsquo;aucun individu n&rsquo;est injustement exclu de la participation \u00e0 votre \u00e9v\u00e9nement, et il vous permet \u00e9galement de rester en permanence en permanence et \u00e0 l&rsquo;information des participants potentiels. En mettant en \u0153uvre cette fonctionnalit\u00e9, vous serez non seulement en mesure de renforcer consid\u00e9rablement la fr\u00e9quentation des \u00e9v\u00e9nements, mais aussi d&rsquo;att\u00e9nuer consid\u00e9rablement les risques associ\u00e9s aux annulations des \u00e9v\u00e9nements. De plus, vos participants estim\u00e9s exprimeront sans aucun doute leur gratitude et leur appr\u00e9ciation pour la possibilit\u00e9 de rejoindre une liste d&rsquo;attente et de recevoir par la suite des notifications en cas de concurrence suppl\u00e9mentaire et de devenir disponible.<\/p>\n","protected":false},"featured_media":144567,"comment_status":"open","ping_status":"open","template":"","meta":[],"product_brand":[2504],"product_cat":[1189,1181,1186],"product_tag":[1394],"class_list":{"0":"post-119328","1":"product","2":"type-product","3":"status-publish","4":"has-post-thumbnail","6":"product_brand-webnus","7":"product_cat-personnalisation","8":"product_cat-plugins","9":"product_cat-wordpress-plugins","10":"product_tag-webnus","11":"member-discount","12":"discount-restricted","14":"first","15":"instock","16":"sale","17":"downloadable","18":"virtual","19":"sold-individually","20":"purchasable","21":"product-type-simple"},"_links":{"self":[{"href":"https:\/\/gpl-love.com\/fr\/wp-json\/wp\/v2\/product\/119328","targetHints":{"allow":["GET"]}}],"collection":[{"href":"https:\/\/gpl-love.com\/fr\/wp-json\/wp\/v2\/product"}],"about":[{"href":"https:\/\/gpl-love.com\/fr\/wp-json\/wp\/v2\/types\/product"}],"replies":[{"embeddable":true,"href":"https:\/\/gpl-love.com\/fr\/wp-json\/wp\/v2\/comments?post=119328"}],"wp:featuredmedia":[{"embeddable":true,"href":"https:\/\/gpl-love.com\/fr\/wp-json\/wp\/v2\/media\/144567"}],"wp:attachment":[{"href":"https:\/\/gpl-love.com\/fr\/wp-json\/wp\/v2\/media?parent=119328"}],"wp:term":[{"taxonomy":"product_brand","embeddable":true,"href":"https:\/\/gpl-love.com\/fr\/wp-json\/wp\/v2\/product_brand?post=119328"},{"taxonomy":"product_cat","embeddable":true,"href":"https:\/\/gpl-love.com\/fr\/wp-json\/wp\/v2\/product_cat?post=119328"},{"taxonomy":"product_tag","embeddable":true,"href":"https:\/\/gpl-love.com\/fr\/wp-json\/wp\/v2\/product_tag?post=119328"}],"curies":[{"name":"wp","href":"https:\/\/api.w.org\/{rel}","templated":true}]}}