{"id":119307,"date":"2022-12-20T00:00:00","date_gmt":"2022-12-19T23:00:00","guid":{"rendered":"https:\/\/gpl-love.com\/fr\/produit\/applic-app-landing-page\/"},"modified":"2026-03-20T22:54:51","modified_gmt":"2026-03-20T21:54:51","slug":"applic-app-landing-page","status":"publish","type":"product","link":"https:\/\/gpl-love.com\/fr\/produit\/applic-app-landing-page\/","title":{"rendered":"Applic App Landing Page 1.5.0"},"content":{"rendered":"<h3>Applic App Landing Page Traits<\/h3>\n<p>La page de destination des applications de l&rsquo;application est un outil incroyablement robuste qui poss\u00e8de la capacit\u00e9 d&rsquo;aider les entreprises et les d\u00e9veloppeurs d&rsquo;applications dans la cr\u00e9ation d&rsquo;une page de destination absolument \u00e9tonnante sp\u00e9cialement adapt\u00e9e \u00e0 leurs applications mobiles. Gr\u00e2ce \u00e0 la mise en \u0153uvre de son interface remarquablement conviviale et \u00e0 l&rsquo;utilisation de ses mod\u00e8les hautement personnalisables, la page de destination de l&rsquo;application Applications accorde \u00e0 ses utilisateurs la capacit\u00e9 de construire rapidement une page de destination qui refl\u00e8te avec pr\u00e9cision les caract\u00e9ristiques distinctives de leur application tout en mettant simultan\u00e9ment en mettant l&rsquo;accent sur la multitude des avantages \u00e7a tiens. Dans cette plate-forme, les utilisateurs doivent d\u00e9couvrir un large \u00e9ventail de fonctionnalit\u00e9s extr\u00eamement b\u00e9n\u00e9fiques, y compris, mais sans s&rsquo;y limiter, l&rsquo;analyse int\u00e9gr\u00e9e, l&rsquo;int\u00e9gration transparente avec diverses plateformes de m\u00e9dias sociaux et la possibilit\u00e9 de personnaliser les boutons d&rsquo;appel \u00e0 l&rsquo;action aux sp\u00e9cifications souhait\u00e9es. En utilisant ces outils inestimables, les entreprises ont une capacit\u00e9 accrue \u00e0 captiver et \u00e0 engager efficacement les clients potentiels, simplifiant ainsi consid\u00e9rablement le processus d&rsquo;attraction et de conservation de leur client\u00e8le souhait\u00e9e. Peu importe si une personne est actuellement en train de lancer une nouvelle application ou de viser \u00e0 une personne d\u00e9j\u00e0 existante, les capacit\u00e9s vraiment impressionnantes offertes par la page de destination des applications applicables s&rsquo;av\u00e9reront sans aucun doute instrumentales dans la cr\u00e9ation d&rsquo;un atterrissage professionnel de bonne foi et remarquablement puissant Page qui transforme constamment de simples visiteurs en utilisateurs fid\u00e8les et d\u00e9vou\u00e9s.<\/p>\n<ul>\n<li>Design moderne et minimaliste qui s&rsquo;adapte pleinement \u00e0 votre marque<\/li>\n<li>Pr\u00e9sentation claire et concise des caract\u00e9ristiques et des avantages de l&rsquo;application<\/li>\n<li>Sections personnalisables pour mettre en \u00e9vidence des fonctionnalit\u00e9s sp\u00e9cifiques<\/li>\n<li>Boutons d&rsquo;appel \u00e0 l&rsquo;action pour inviter les utilisateurs \u00e0 t\u00e9l\u00e9charger ou \u00e0 s&rsquo;inscrire<\/li>\n<li>Conception r\u00e9active qui s&rsquo;adapte \u00e0 n&rsquo;importe quelle taille d&rsquo;\u00e9cran<\/li>\n<li>Int\u00e9gration transparente avec des outils marketing tels que MailChimp ou Google Analytics<\/li>\n<li>\u00c9diteur facile \u00e0 utiliser pour personnaliser la conception et le contenu sans comp\u00e9tences de codage<\/li>\n<li>Optimisation du r\u00e9f\u00e9rencement pour classer votre page de destination plus \u00e9lev\u00e9e dans les r\u00e9sultats de recherche<\/li>\n<li>Vitesse de chargement rapide pour une exp\u00e9rience utilisateur optimale<\/li>\n<li>Copie \u00e9crite professionnelle pour engager et convertir les visiteurs<\/li>\n<li>H\u00e9bergement et soutien fiables 24\/7 pour vous assurer que votre page de destination est toujours op\u00e9rationnelle.<\/li>\n<\/ul>\n","protected":false},"excerpt":{"rendered":"<p>Pr\u00e9sentation de la page de destination de l&rsquo;application de l&rsquo;application &#8211; La plate-forme ultime de la pr\u00e9sence en ligne de votre application. Notre page de destination de pointe est enti\u00e8rement personnalisable, vous permettant de mettre en \u00e9vidence les fonctionnalit\u00e9s cl\u00e9s de votre application, les avantages et les arguments de vente uniques. Vos clients peuvent facilement t\u00e9l\u00e9charger votre application directement \u00e0 partir de la page de destination, rationalisant le processus pour leur commodit\u00e9. La page de destination de l&rsquo;application de l&rsquo;application comprend \u00e9galement une conception r\u00e9active et conviviale, garantissant une exp\u00e9rience de navigation transparente sur tous les appareils. De plus, avec nos fonctionnalit\u00e9s SEO int\u00e9gr\u00e9es, votre application gagnera une visibilit\u00e9 accrue, entra\u00eenant plus de trafic et des t\u00e9l\u00e9chargements potentiels. La page de destination de l&rsquo;application de l&rsquo;application fournit \u00e9galement des analyses d\u00e9taill\u00e9es afin que vous puissiez suivre les performances de votre application et prendre des d\u00e9cisions \u00e9clair\u00e9es. Optimisez la pr\u00e9sence en ligne de votre application avec la page de destination de l&rsquo;application de l&rsquo;application.<\/p>\n","protected":false},"featured_media":143145,"comment_status":"open","ping_status":"open","template":"","meta":[],"product_brand":[2433],"product_cat":[1242,1212,1213],"product_tag":[1366],"class_list":{"0":"post-119307","1":"product","2":"type-product","3":"status-publish","4":"has-post-thumbnail","6":"product_brand-themeforest","7":"product_cat-creatif","8":"product_cat-themes","9":"product_cat-wordpress-themes","10":"product_tag-themeforest","11":"member-discount","12":"discount-restricted","14":"first","15":"instock","16":"sale","17":"downloadable","18":"virtual","19":"sold-individually","20":"purchasable","21":"product-type-simple"},"_links":{"self":[{"href":"https:\/\/gpl-love.com\/fr\/wp-json\/wp\/v2\/product\/119307","targetHints":{"allow":["GET"]}}],"collection":[{"href":"https:\/\/gpl-love.com\/fr\/wp-json\/wp\/v2\/product"}],"about":[{"href":"https:\/\/gpl-love.com\/fr\/wp-json\/wp\/v2\/types\/product"}],"replies":[{"embeddable":true,"href":"https:\/\/gpl-love.com\/fr\/wp-json\/wp\/v2\/comments?post=119307"}],"wp:featuredmedia":[{"embeddable":true,"href":"https:\/\/gpl-love.com\/fr\/wp-json\/wp\/v2\/media\/143145"}],"wp:attachment":[{"href":"https:\/\/gpl-love.com\/fr\/wp-json\/wp\/v2\/media?parent=119307"}],"wp:term":[{"taxonomy":"product_brand","embeddable":true,"href":"https:\/\/gpl-love.com\/fr\/wp-json\/wp\/v2\/product_brand?post=119307"},{"taxonomy":"product_cat","embeddable":true,"href":"https:\/\/gpl-love.com\/fr\/wp-json\/wp\/v2\/product_cat?post=119307"},{"taxonomy":"product_tag","embeddable":true,"href":"https:\/\/gpl-love.com\/fr\/wp-json\/wp\/v2\/product_tag?post=119307"}],"curies":[{"name":"wp","href":"https:\/\/api.w.org\/{rel}","templated":true}]}}