{"id":119305,"date":"2025-11-04T00:00:00","date_gmt":"2025-11-03T23:00:00","guid":{"rendered":"https:\/\/gpl-love.com\/fr\/produit\/zilom-online-education-learning-wordpress-theme\/"},"modified":"2026-03-20T23:54:46","modified_gmt":"2026-03-20T22:54:46","slug":"zilom-online-education-learning-wordpress-theme","status":"publish","type":"product","link":"https:\/\/gpl-love.com\/fr\/produit\/zilom-online-education-learning-wordpress-theme\/","title":{"rendered":"Zilom Online Education Learning WordPress Theme 1.4.2"},"content":{"rendered":"<h3>Zilom Online Education Learning WordPress Theme Traits<\/h3>\n<p>Le th\u00e8me WordPress de l&rsquo;\u00e9ducation en ligne Zilom est un th\u00e8me WordPress incroyablement robuste et polyvalent sp\u00e9cialement con\u00e7u pour r\u00e9pondre aux besoins des sites Web \u00e9ducatifs, des cours en ligne et des plateformes d&rsquo;apprentissage en ligne. Ce th\u00e8me exceptionnel poss\u00e8de une conception de pointe et professionnelle qui s&rsquo;adapte sans effort \u00e0 divers appareils, garantissant une exp\u00e9rience utilisateur optimale sur toutes les plateformes. Avec Zilom, vous avez la possibilit\u00e9 de g\u00e9n\u00e9rer et de g\u00e9rer sans effort des cours en ligne, de pr\u00e9senter des horaires de cours complets et de vous int\u00e9grer de mani\u00e8re transparente aux plugins en ligne renomm\u00e9s. De plus, ce th\u00e8me offre une vaste gamme d&rsquo;options de personnalisation, englobant des sch\u00e9mas de couleurs, des param\u00e8tres de mise en page et des choix de polices, vous accordant ainsi la libert\u00e9 de personnaliser la conception pour s&rsquo;aligner parfaitement sur vos exigences uniques. En outre, Zilom s&rsquo;harmonise impeccablement avec WooCommerce, un plugin de commerce \u00e9lectronique tr\u00e8s populaire, facilitant la vente sans effort de cours et d&rsquo;autres produits \u00e9ducatifs en ligne. Que vous soyez exploit\u00e9 une acad\u00e9mie en ligne, un service de tutorat ou un centre de formation, Zilom est le choix par excellence pour \u00e9tablir une exp\u00e9rience d&rsquo;apprentissage en ligne immersive et percutante.<\/p>\n<ul>\n<li>Th\u00e8me WordPress magnifiquement con\u00e7u et personnalisable sp\u00e9cialement pour les sites Web d&rsquo;\u00e9ducation et d&rsquo;apprentissage en ligne<\/li>\n<li>Livr\u00e9 avec une vari\u00e9t\u00e9 de mod\u00e8les de page pr\u00e9d\u00e9finis pour des cours, des instructeurs, des \u00e9v\u00e9nements et plus<\/li>\n<li>Construit avec Elementor Page Builder pour une personnalisation facile \u00e0 glisser-d\u00e9poser<\/li>\n<li>Compatible avec WooCommerce pour la vente de cours et de mat\u00e9riel \u00e9ducatif<\/li>\n<li>Int\u00e9gr\u00e9 au plugin LearnPress pour g\u00e9rer les cours, les quiz et les progr\u00e8s des \u00e9tudiants<\/li>\n<li>SEO optimis\u00e9 pour une d\u00e9couvert\u00e9 facile par les moteurs de recherche<\/li>\n<li>Livr\u00e9 avec une documentation et une prise en charge approfondies pour un processus de configuration en douceur<\/li>\n<li>Conception r\u00e9active mobile pour un acc\u00e8s facile sur n&rsquo;importe quel appareil<\/li>\n<li>Construit avec du code propre et optimis\u00e9 pour les temps de chargement rapide<\/li>\n<li>Installation de d\u00e9monstration en un clic pour un d\u00e9but rapide et facile \u00e0 votre site Web d&rsquo;\u00e9ducation en ligne.<\/li>\n<\/ul>\n","protected":false},"excerpt":{"rendered":"<p>Le th\u00e8me WordPress d&rsquo;apprentissage en \u00e9ducation en ligne Zilom est une r\u00e9solution id\u00e9ale pour les \u00e9tablissements d&rsquo;enseignement, les fournisseurs de cours en ligne ou les tuteurs cherchant \u00e0 \u00e9tablir une rencontre d&rsquo;apprentissage en ligne captivante pour leurs \u00e9tudiants. B\u00e9n\u00e9ficiant d&rsquo;une interface contemporaine et conviviale, ce th\u00e8me fournit une vaste gamme de fonctionnalit\u00e9s pour aider les \u00e9ducateurs \u00e0 fa\u00e7onner leurs cours, \u00e0 concevoir des quiz et des \u00e9valuations, ainsi que pour fournir des conf\u00e9rences vid\u00e9o captivantes. De plus, le th\u00e8me WordPress d&rsquo;apprentissage en \u00e9ducation en ligne zilom est \u00e9quip\u00e9 d&rsquo;options de personnalisation puissantes, permettant des variations de couleurs sans limites et pr\u00e9sentant une r\u00e9activit\u00e9 mobile, garantissant ainsi une exp\u00e9rience d&rsquo;apprentissage non interrompue et fluide sur tous les types d&rsquo;appareils. Embarquez dans un voyage avec le th\u00e8me WordPress d&rsquo;apprentissage de l&rsquo;\u00e9ducation en ligne Zilom et \u00e9levez la qualit\u00e9 de vos cours en ligne \u00e0 des hauteurs in\u00e9gal\u00e9es!<\/p>\n","protected":false},"featured_media":146485,"comment_status":"open","ping_status":"open","template":"","meta":[],"product_brand":[2433],"product_cat":[1242,1212,1213],"product_tag":[1366],"class_list":{"0":"post-119305","1":"product","2":"type-product","3":"status-publish","4":"has-post-thumbnail","6":"product_brand-themeforest","7":"product_cat-creatif","8":"product_cat-themes","9":"product_cat-wordpress-themes","10":"product_tag-themeforest","11":"member-discount","12":"discount-restricted","14":"first","15":"instock","16":"sale","17":"downloadable","18":"virtual","19":"sold-individually","20":"purchasable","21":"product-type-simple"},"_links":{"self":[{"href":"https:\/\/gpl-love.com\/fr\/wp-json\/wp\/v2\/product\/119305","targetHints":{"allow":["GET"]}}],"collection":[{"href":"https:\/\/gpl-love.com\/fr\/wp-json\/wp\/v2\/product"}],"about":[{"href":"https:\/\/gpl-love.com\/fr\/wp-json\/wp\/v2\/types\/product"}],"replies":[{"embeddable":true,"href":"https:\/\/gpl-love.com\/fr\/wp-json\/wp\/v2\/comments?post=119305"}],"wp:featuredmedia":[{"embeddable":true,"href":"https:\/\/gpl-love.com\/fr\/wp-json\/wp\/v2\/media\/146485"}],"wp:attachment":[{"href":"https:\/\/gpl-love.com\/fr\/wp-json\/wp\/v2\/media?parent=119305"}],"wp:term":[{"taxonomy":"product_brand","embeddable":true,"href":"https:\/\/gpl-love.com\/fr\/wp-json\/wp\/v2\/product_brand?post=119305"},{"taxonomy":"product_cat","embeddable":true,"href":"https:\/\/gpl-love.com\/fr\/wp-json\/wp\/v2\/product_cat?post=119305"},{"taxonomy":"product_tag","embeddable":true,"href":"https:\/\/gpl-love.com\/fr\/wp-json\/wp\/v2\/product_tag?post=119305"}],"curies":[{"name":"wp","href":"https:\/\/api.w.org\/{rel}","templated":true}]}}