{"id":119303,"date":"2026-03-14T00:00:00","date_gmt":"2026-03-13T23:00:00","guid":{"rendered":"https:\/\/gpl-love.com\/fr\/produit\/wholesale-for-woocommerce\/"},"modified":"2026-04-10T18:45:38","modified_gmt":"2026-04-10T16:45:38","slug":"wholesale-for-woocommerce","status":"publish","type":"product","link":"https:\/\/gpl-love.com\/fr\/produit\/wholesale-for-woocommerce\/","title":{"rendered":"Wholesale For WooCommerce 3.0.0"},"content":{"rendered":"<h3>Wholesale For WooCommerce Traits<\/h3>\n<p>Wholesale for WooCommerce, un plugin incroyablement robuste et tr\u00e8s efficace, offre aux utilisateurs la possibilit\u00e9 de g\u00e9rer sans effort les prix de gros pour leur magasin WooCommerce. Ce plugin remarquable permet aux utilisateurs d&rsquo;\u00e9tablir divers niveaux de prix en gros pour leurs produits tout en offrant aux clients de gros des informations de connexion exclusives pour acc\u00e9der \u00e0 ces prix. En outre, ce plugin poss\u00e8de un \u00e9ventail de fonctionnalit\u00e9s impressionnantes, y compris la mise en \u0153uvre de quantit\u00e9s de commande minimum, les incr\u00e9ments de quantit\u00e9 de commande et l&rsquo;option de cacher les prix aux clients de la vente au d\u00e9tail. Gr\u00e2ce \u00e0 l&rsquo;int\u00e9gration transparente de la vente en gros de WooCommerce, le processus de commande de gros devient remarquablement rationalis\u00e9, am\u00e9liorant l&rsquo;efficacit\u00e9 et facilit\u00e9 non seulement pour l&rsquo;utilisateur mais aussi sa pr\u00e9cieuse client\u00e8le. B\u00e9n\u00e9ficiant d&rsquo;une interface intuitive coupl\u00e9e \u00e0 une large gamme de fonctionnalit\u00e9s robustes, en gros pour WooCommerce appara\u00eet comme la solution ultime pour toute boutique en ligne cherchant \u00e0 r\u00e9pondre aux besoins distinctifs de leurs clients en gros.<\/p>\n<ul>\n<li>Solution de gros puissante pour les magasins WooCommerce<\/li>\n<li>Permet aux propri\u00e9taires de magasins d&rsquo;offrir des prix \u00e0 prix r\u00e9duit aux clients en gros enregistr\u00e9s<\/li>\n<li>Niveaux de prix personnalisables en fonction de la quantit\u00e9 de commande<\/li>\n<li>Option pour restreindre la visibilit\u00e9 des prix en gros aux clients en gros enregistr\u00e9s uniquement<\/li>\n<li>Processus d&rsquo;enregistrement en gros automatis\u00e9 et rationalis\u00e9<\/li>\n<li>Int\u00e9gration avec des extensions populaires WooCommerce comme la forme de commande en vrac et les modules compl\u00e9mentaires de produit<\/li>\n<li>G\u00e9rer et suivre facilement les commandes de gros dans le backend WooCommerce<\/li>\n<li>Capacit\u00e9 \u00e0 d\u00e9finir la quantit\u00e9 de commande minimale et \/ ou les montants de commande pour les clients en gros<\/li>\n<li>Rapports et analyses compl\u00e8tes pour les commandes et les clients en gros<\/li>\n<li>\u00c9quipe de support d\u00e9di\u00e9e disponible pour aider \u00e0 la configuration et \u00e0 la maintenance.<\/li>\n<\/ul>\n","protected":false},"excerpt":{"rendered":"<p>Le plugin WooCommerce en gros est un outil exceptionnellement robuste qui vous donne la possibilit\u00e9 d&rsquo;\u00e9tablir des prix en gros, de d\u00e9terminer les quantit\u00e9s de commande minimale et de mettre en \u0153uvre des prix \u00e0 plusieurs niveaux pour votre magasin WooCommerce. Gr\u00e2ce \u00e0 l&rsquo;utilisation de ce plugin, vous \u00eates en mesure de configurer sans effort les prix de gros pour vos produits, et m\u00eame d&rsquo;allouer des prix de gros distincts pour divers r\u00f4les utilisateur. En outre, vous poss\u00e9dez la capacit\u00e9 de sp\u00e9cifier des quantit\u00e9s de commande minimales, obligeant ainsi vos clients en gros \u00e0 atteindre un seuil de quantit\u00e9 sp\u00e9cifique afin d&rsquo;acc\u00e9der \u00e0 la tarification en gros. De plus, au moyen des prix \u00e0 plusieurs niveaux, vous avez la possibilit\u00e9 de prolonger de nouvelles remises aux clients qui choisissent de se procurer de plus grandes quantit\u00e9s de vos produits. Que vous soyez propri\u00e9taire d&rsquo;une entreprise \u00e0 petite \u00e9chelle ou d&rsquo;un vaste \u00e9tablissement de commerce \u00e9lectronique, le plugin WooCommerce en gros sert de solution id\u00e9ale pour r\u00e9pondre \u00e0 vos exigences en gros.<\/p>\n","protected":false},"featured_media":145764,"comment_status":"open","ping_status":"open","template":"","meta":[],"product_brand":[2440],"product_cat":[1182,1223,1181],"product_tag":[1398],"class_list":{"0":"post-119303","1":"product","2":"type-product","3":"status-publish","4":"has-post-thumbnail","6":"product_brand-woocommerce","7":"product_cat-commerce-electronique-plugins","8":"product_cat-personnalisation-commerce-electronique-plugins","9":"product_cat-plugins","10":"product_tag-woocommerce","11":"member-discount","12":"discount-restricted","14":"first","15":"instock","16":"sale","17":"downloadable","18":"virtual","19":"sold-individually","20":"purchasable","21":"product-type-simple"},"_links":{"self":[{"href":"https:\/\/gpl-love.com\/fr\/wp-json\/wp\/v2\/product\/119303","targetHints":{"allow":["GET"]}}],"collection":[{"href":"https:\/\/gpl-love.com\/fr\/wp-json\/wp\/v2\/product"}],"about":[{"href":"https:\/\/gpl-love.com\/fr\/wp-json\/wp\/v2\/types\/product"}],"replies":[{"embeddable":true,"href":"https:\/\/gpl-love.com\/fr\/wp-json\/wp\/v2\/comments?post=119303"}],"wp:featuredmedia":[{"embeddable":true,"href":"https:\/\/gpl-love.com\/fr\/wp-json\/wp\/v2\/media\/145764"}],"wp:attachment":[{"href":"https:\/\/gpl-love.com\/fr\/wp-json\/wp\/v2\/media?parent=119303"}],"wp:term":[{"taxonomy":"product_brand","embeddable":true,"href":"https:\/\/gpl-love.com\/fr\/wp-json\/wp\/v2\/product_brand?post=119303"},{"taxonomy":"product_cat","embeddable":true,"href":"https:\/\/gpl-love.com\/fr\/wp-json\/wp\/v2\/product_cat?post=119303"},{"taxonomy":"product_tag","embeddable":true,"href":"https:\/\/gpl-love.com\/fr\/wp-json\/wp\/v2\/product_tag?post=119303"}],"curies":[{"name":"wp","href":"https:\/\/api.w.org\/{rel}","templated":true}]}}