{"id":119301,"date":"2021-11-10T00:00:00","date_gmt":"2021-11-09T23:00:00","guid":{"rendered":"https:\/\/gpl-love.com\/fr\/produit\/woocommerce-shop-page-builder\/"},"modified":"2026-03-20T23:47:47","modified_gmt":"2026-03-20T22:47:47","slug":"woocommerce-shop-page-builder","status":"publish","type":"product","link":"https:\/\/gpl-love.com\/fr\/produit\/woocommerce-shop-page-builder\/","title":{"rendered":"WooCommerce Shop Page Builder 2.26.1"},"content":{"rendered":"<h3>WooCommerce Shop Page Builder Traits<\/h3>\n<p>Le Builder de page WooCommerce Shop, un outil incroyablement puissant, offre aux utilisateurs la possibilit\u00e9 de concevoir et de personnaliser sans effort leurs pages WooCommerce. Cet outil englobe une interface de glisser-d\u00e9poser et une s\u00e9lection impressionnante de mod\u00e8les pr\u00e9-con\u00e7us, permettant aux utilisateurs d&rsquo;\u00e9laborer sans effort des pages de magasins visuellement \u00e9tonnantes qui s&rsquo;alignent parfaitement avec leur marque et leur style uniques. En outre, ce plugin remarquable propose une gamme de fonctionnalit\u00e9s exceptionnelles, telles que les grilles de produit, les filtres et les options de tri, facilitant les visiteurs en localisant rapidement les articles souhait\u00e9s. De plus, le constructeur de page WooCommerce Shop propose \u00e9galement des options de personnalisation avanc\u00e9es qui r\u00e9pondent aux besoins des d\u00e9veloppeurs, ce qui le rend une solution remarquablement polyvalente adapt\u00e9e aux entreprises de toutes \u00e9chelles. Avec son interface exceptionnellement conviviale et une vaste gamme de fonctionnalit\u00e9s, ce plugin indispensable sert d&rsquo;atout imp\u00e9ratif pour tout propri\u00e9taire de magasin de WooCommerce astucieux d\u00e9termin\u00e9 \u00e0 am\u00e9liorer l&rsquo;exp\u00e9rience d&rsquo;achat en ligne globale.<\/p>\n<ul>\n<li>Cr\u00e9ez facilement des pages de boutiques personnalis\u00e9es pour votre boutique WooCommerce<\/li>\n<li>Interface glisser-d\u00e9poser pour la construction de pages simples<\/li>\n<li>Aucune connaissance de codage requise<\/li>\n<li>Personnalisez la disposition, les couleurs, les polices, et plus encore pour s&rsquo;adapter \u00e0 votre marque<\/li>\n<li>Ajoutez des produits ou des cat\u00e9gories en vedette en haut de votre page de boutique<\/li>\n<li>Cr\u00e9er des pages de cat\u00e9gorie uniques avec des banni\u00e8res et du texte personnalis\u00e9s<\/li>\n<li>Afficher les informations sur les produits pertinents, tels que les badges de vente ou les niveaux de stock<\/li>\n<li>Compatible avec n&rsquo;importe quel th\u00e8me WordPress et version WooCommerce<\/li>\n<li>Conception r\u00e9active pour une visualisation optimale sur les appareils mobiles<\/li>\n<li>Test des modifications en temps r\u00e9el avec la fonction d&rsquo;aper\u00e7u en direct.<\/li>\n<\/ul>\n","protected":false},"excerpt":{"rendered":"<p>Le constructeur de page WooCommerce Shop est un outil incroyablement robuste et influent qui fournit une assistance dans la cr\u00e9ation de pages de produits visuellement \u00e9tonnantes et extr\u00eamement professionnelles sur votre boutique WooCommerce. En utilisant une interface de tra\u00een\u00e9e et de d\u00e9p\u00f4t intuitive et conviviale, vous poss\u00e9dez la possibilit\u00e9 de personnaliser et d&rsquo;adapter votre page de boutique pour pr\u00e9senter une gamme de produits, de cat\u00e9gories, de filtres, et plus encore d&rsquo;une mani\u00e8re enti\u00e8rement personnalisable. Ce plugin offre un niveau d&rsquo;adaptabilit\u00e9 exceptionnel, pour s&rsquo;adapter \u00e0 de nombreuses dispositions de grille, accordant l&rsquo;acc\u00e8s \u00e0 un assortiment d&rsquo;options de style personnalis\u00e9s et int\u00e9grant de mani\u00e8re transparente avec des constructeurs de pages largement utilis\u00e9s tels que Elementor et Beaver Builder. Que vous soyez un novice ou un d\u00e9veloppeur chevronn\u00e9, le constructeur de page WooCommerce Shop est un atout inestimable qui facilitera sans aucun doute la construction d&rsquo;une exp\u00e9rience d&rsquo;achat in\u00e9gal\u00e9e pour votre client\u00e8le estim\u00e9e.<\/p>\n","protected":false},"featured_media":146024,"comment_status":"open","ping_status":"open","template":"","meta":[],"product_brand":[2435],"product_cat":[1182,1223,1181],"product_tag":[1231],"class_list":{"0":"post-119301","1":"product","2":"type-product","3":"status-publish","4":"has-post-thumbnail","6":"product_brand-codecanyon","7":"product_cat-commerce-electronique-plugins","8":"product_cat-personnalisation-commerce-electronique-plugins","9":"product_cat-plugins","10":"product_tag-codecanyon","11":"member-discount","12":"discount-restricted","14":"first","15":"instock","16":"sale","17":"downloadable","18":"virtual","19":"sold-individually","20":"purchasable","21":"product-type-simple"},"_links":{"self":[{"href":"https:\/\/gpl-love.com\/fr\/wp-json\/wp\/v2\/product\/119301","targetHints":{"allow":["GET"]}}],"collection":[{"href":"https:\/\/gpl-love.com\/fr\/wp-json\/wp\/v2\/product"}],"about":[{"href":"https:\/\/gpl-love.com\/fr\/wp-json\/wp\/v2\/types\/product"}],"replies":[{"embeddable":true,"href":"https:\/\/gpl-love.com\/fr\/wp-json\/wp\/v2\/comments?post=119301"}],"wp:featuredmedia":[{"embeddable":true,"href":"https:\/\/gpl-love.com\/fr\/wp-json\/wp\/v2\/media\/146024"}],"wp:attachment":[{"href":"https:\/\/gpl-love.com\/fr\/wp-json\/wp\/v2\/media?parent=119301"}],"wp:term":[{"taxonomy":"product_brand","embeddable":true,"href":"https:\/\/gpl-love.com\/fr\/wp-json\/wp\/v2\/product_brand?post=119301"},{"taxonomy":"product_cat","embeddable":true,"href":"https:\/\/gpl-love.com\/fr\/wp-json\/wp\/v2\/product_cat?post=119301"},{"taxonomy":"product_tag","embeddable":true,"href":"https:\/\/gpl-love.com\/fr\/wp-json\/wp\/v2\/product_tag?post=119301"}],"curies":[{"name":"wp","href":"https:\/\/api.w.org\/{rel}","templated":true}]}}